{"id":462,"date":"2021-02-03T12:13:44","date_gmt":"2021-02-03T12:13:44","guid":{"rendered":"http:\/\/61works.com\/onda\/?page_id=462"},"modified":"2021-02-03T13:32:39","modified_gmt":"2021-02-03T13:32:39","slug":"zamana-sadakat","status":"publish","type":"page","link":"https:\/\/onda.com.tr\/tr\/zamana-sadakat\/","title":{"rendered":"Zamana Sadakat"},"content":{"rendered":"<div class=\"articles_page\">\n<h3 class=\"blue_text\">(Bu makale Sabah Gazetesi \u0130\u015fte \u0130nsan&#8217;da yay\u0131nlanm\u0131\u015ft\u0131r.)<\/h3>\n<p>Saatin g\u00f6sterdi\u011fi zaman olan Kronos\u2019un aksine Kairos, bizi hedeflerimize g\u00f6t\u00fcren, zaman\u0131 kaliteli kullanarak de\u011ferlerin \u00fcretildi\u011fi bir s\u00fcreci ifade ediyor\u2026<\/p>\n<p>Zaman\u0131 etkili kullanarak, verimli hayatlar ya\u015famak kendi elimizde\u2026 Zaman\u0131 etkili kulland\u0131\u011f\u0131m\u0131z bir hayata ge\u00e7i\u015fte en etkili y\u00f6ntem ise g\u00fcnl\u00fck ajanda kullan\u0131m\u0131\u2026 Verimli hayata do\u011fru ilerleyece\u011fimiz yolculu\u011fumuzda zamana sadakat \u00f6nemli bir de\u011ferimiz olmal\u0131.<\/p>\n<p>Nedir zamana sadakat? Ajandam\u0131za verdi\u011fimiz s\u00f6zleri tutmak, dakikalar\u0131n g\u00fcc\u00fcne g\u00fcvenmek, saatlerden enerji almak ve g\u00fcnlerle beslenmek. Zaman h\u0131rs\u0131zlar\u0131na kar\u015f\u0131 kap\u0131lar\u0131m\u0131z\u0131, pencerelerimizi ve hatta perdelerimizi s\u0131k\u0131 s\u0131k\u0131 kapatmak. Kronos ve Kairos dengesini kurabilmek. Yani \u201csaatin \u00f6l\u00e7t\u00fc\u011f\u00fc zaman\u201d ile \u201calg\u0131lanan zaman\u201d dengesini\u2026<\/p>\n<p>Eski Yunan bu iki zaman aras\u0131ndaki farkl\u0131l\u0131\u011f\u0131 ifade eden kavramlar Kronos ve Kairos. Kronos, saatin g\u00f6sterdi\u011fi, planlar yapt\u0131\u011f\u0131m\u0131z ve randevular verdi\u011fimiz zaman. Hatta \u201cKronoloji\u201d kavram\u0131n\u0131n buradan do\u011fdu\u011fu s\u00f6ylenir. Kairos ise bizim hissetti\u011fimiz zaman olup, \u201can\u201d dedi\u011fimiz kavram\u0131 anlat\u0131r. Ki\u015fi, ge\u00e7en s\u00fcrenin fark\u0131nda olmadan, o \u201can\u0131n\u201d i\u00e7indedir. Bu ba\u011flamda an\u0131 verimli de\u011ferlendiren insanlar kazan\u0131r. Kairos, bizi hedeflerimize g\u00f6t\u00fcren, zaman\u0131 kaliteli kullanarak de\u011ferlerin \u00fcretildi\u011fi bir s\u00fcre\u00e7tir.<\/p>\n<p>Asl\u0131nda her iki kavram da de\u011ferlendirildi\u011finde ge\u00e7mi\u015f ge\u00e7mi\u015fte kalm\u0131\u015ft\u0131r. Gelecek ise hen\u00fcz yaz\u0131lmaktad\u0131r. Ya kairos zaman\u0131n\u0131 yakalayaca\u011f\u0131z, ya da kronos zaman\u0131n\u0131 ya\u015famaya devam edece\u011fiz.<\/p>\n<p>2010 y\u0131l\u0131n\u0131n ilk ay\u0131n\u0131n ilk g\u00fcnlerinde, zamana sad\u0131k kalabilmek i\u00e7in \u201cvakit nakittir\u201d anlay\u0131\u015f\u0131n\u0131 benimsemeliyiz. Bu s\u00f6ylem John Adair\u2019in \u201cEtkili Zaman Y\u00f6netimi\u201d kitab\u0131nda bahsetti\u011fi \u015fekli ile asl\u0131nda orta \u00e7a\u011fdaki \u0130talyan tacirlerden do\u011fmu\u015ftur.<\/p>\n<p>D\u00f6nemin \u00fcnl\u00fc tacirlerinden Leon Alberti\u2019nin mektuplar\u0131 olduk\u00e7a etkileyici ve g\u00fcn\u00fcm\u00fcz zaman y\u00f6netimine \u0131\u015f\u0131k tutar nitelikte. Alberti bir mektubunda \u015f\u00f6yle yaz\u0131yor; \u201cSabah kalkt\u0131\u011f\u0131mda kendi kendime d\u00fc\u015f\u00fcn\u00fcr\u00fcm: bug\u00fcn ne yapaca\u011f\u0131m? Bir s\u00fcr\u00fc \u015fey: Onlar\u0131 sayar\u0131m, d\u00fc\u015f\u00fcn\u00fcr\u00fcm ve hepsini mutlaka bitirilmesi gereken i\u015fler olarak g\u00f6r\u00fcr\u00fcm. Yap\u0131lmas\u0131 gereken \u015feyler kald\u0131\u011f\u0131nda ise \u015f\u00f6yle d\u00fc\u015f\u00fcn\u00fcr\u00fcm; zaman kaybedece\u011fime uyku kaybederim. Ve i\u015fe koyulurum.\u201d<\/p>\n<p>Alberti mektubunu \u015fu etkileyici s\u00f6zlerle bitiriyor; \u201cZaman kaybetmemeyi bilen ki\u015fi her \u015feyi ba\u015farabilir; zaman\u0131 do\u011fru kullanmay\u0131 bilen bir ki\u015fi yapt\u0131\u011f\u0131 her \u015feyin ustas\u0131 olur.\u201d<\/p>\n<p>Kavimler G\u00f6\u00e7\u00fc ile ba\u015flay\u0131p, \u0130stanbul\u2019un fethine kadar ge\u00e7en bu tarihi d\u00f6nemde sava\u015f\u0131n ve hayat ko\u015fullar\u0131n\u0131n zorluklar\u0131na ra\u011fmen, zaman\u0131n\u0131 y\u00f6netmeyi bir ustal\u0131k olarak nitelendiren tarih kahramanlar\u0131, teknolojinin pek \u00e7ok kolayl\u0131\u011f\u0131na sahip g\u00fcn\u00fcm\u00fcz modern toplumlar\u0131n\u0131n bireyleri i\u00e7in birer zaman kahraman\u0131 olmal\u0131lar\u2026<\/p>\n<p>Zamana nakit benzetmesi ile yakla\u015f\u0131rken ayn\u0131 zamanda zaman\u0131n paradan \u00e7ok daha \u00f6nemli bir kavram oldu\u011funu da unutmamam\u0131z gerekir. \u00c7inlilerin dedi\u011fi gibi \u201cBir kilo alt\u0131n bir dakika sat\u0131n alamaz.\u201d<\/p>\n<p>Zaman hepimize e\u015fit olarak sunuluyor. Hayat\u0131m\u0131zda sahip oldu\u011fumuz en de\u011ferli, yerine konmas\u0131, geri d\u00f6nd\u00fcr\u00fclmesi, yenilenmesi ya da sat\u0131n al\u0131nmas\u0131 m\u00fcmk\u00fcn olmayan bir kaynak olarak. Unutmayal\u0131m ki \u201cBir tane bug\u00fcn, iki tane yar\u0131na bedeldir.\u201d<\/p>\n<p>Zaman\u0131m\u0131z\u0131 y\u00f6netirken ve planlarken enerjimiz ile zaman\u0131m\u0131z\u0131n ili\u015fkisini de \u00e7ok iyi kavramal\u0131y\u0131z.<\/p>\n<p>G\u00fcn\u00fcn hangi saatlerinde hangi t\u00fcr i\u015fler ve d\u00fc\u015f\u00fcnceler i\u00e7in daha etkili ve yarat\u0131c\u0131 olabiliyoruz?<br \/>\nBu analizi yapt\u0131\u011f\u0131m\u0131zda i\u015flerimiz ile saatlerimiz aras\u0131ndaki hamleler bizi zafere g\u00f6t\u00fcr\u00fcr. Tarih boyunca t\u00fcm dehalar\u0131n zamanlar\u0131n\u0131, yeteneklerine ve verimlerine g\u00f6re y\u00f6nettiklerini g\u00f6r\u00fcyoruz. Ve d\u00fcnyay\u0131 de\u011fi\u015ftiren sonu\u00e7lara nas\u0131l ula\u015ft\u0131klar\u0131n\u0131 izliyoruz\u2026<\/p>\n<p>\u201cYeterli zaman\u0131m yok deme&#8230; Pasteur, Michelangelo, Leonardo da Vinci ve Albert Einstein\u2019in da g\u00fcnleri 24 saatti\u201d diyor H. Jackson Brown, Jr.<\/p>\n<p>Zaman\u0131m\u0131z\u0131 planlamak, kendimizi ve kendi \u00f6nceliklerimizi planlamak demektir. Hayat\u0131m\u0131z\u0131n her ad\u0131m\u0131nda bir hedef vard\u0131r ve hedefimize ula\u015fmak i\u00e7in hareket ederken zaman zaman yolda b\u00f6l\u00fcnmeler ya\u015famak durumunda kalabiliriz. B\u00f6l\u00fcnmeleri ve zaman h\u0131rs\u0131zlar\u0131n\u0131 y\u00f6netebilmek, zaman sadakatimizin oran\u0131n\u0131 y\u00fckseltmek i\u00e7in \u00f6nemli bir yetkinliktir.<\/p>\n<p>Ger\u00e7ekte, i\u015f hayat\u0131m\u0131zda hedefledi\u011fimiz ba\u015far\u0131ya ula\u015fmak, zaman h\u0131rs\u0131zlar\u0131 ile m\u00fccadelede ne kadar etkili oldu\u011fumuzla do\u011fru orant\u0131l\u0131d\u0131r. Bir i\u015f g\u00fcn\u00fc i\u00e7erisinde zaman\u0131m\u0131z\u0131 t\u00fcketen pek \u00e7ok etken vard\u0131r. Gereksiz yere \u00e7alan telefonlar, bizi ilgilendirmeyen konularda ald\u0131\u011f\u0131m\u0131z e-mailler, beklenmedik misafirler, g\u00fcndemsiz ve verimsiz toplant\u0131lar, teknik aksakl\u0131klar, hay\u0131r diyememek bunlardan sadece birka\u00e7\u0131d\u0131r.<\/p>\n<p>Hedeflerimiz, sorumluluklar\u0131m\u0131z ve kararl\u0131l\u0131\u011f\u0131m\u0131z, zaman h\u0131rs\u0131zlar\u0131 ile m\u00fccadelede as\u0131l yol g\u00f6stericimizdir. E\u011fer, i\u015f disiplinine sahipsek, hedefe odaklanarak ama\u00e7l\u0131 bir \u015fekilde \u00e7al\u0131\u015fma ve planl\u0131 ya\u015fama al\u0131\u015fkanl\u0131\u011f\u0131 elde edinmi\u015fsek zaman h\u0131rs\u0131zlar\u0131 yan\u0131m\u0131za yakla\u015famazlar bile.<br \/>\nHerkesin kendi zaman\u0131n\u0131 etkili bir \u015fekilde kullanmas\u0131, s\u00fcrekli olarak \u201czaman\u0131m\u0131 daha verimli nas\u0131l kullanabilirim\u201d sorusunu kendisine sormas\u0131 \u00f6nceliklerin etkili y\u00f6netilmesi ve al\u0131nacak katk\u0131lar\u0131n artt\u0131r\u0131lmas\u0131 ad\u0131na zaman sadakatinin en de\u011ferli ipucudur\u2026<\/p>\n<p>B\u00f6l\u00fcnmelere izin vermemek ba\u015fta verdi\u011fimiz kararlara ve zamana sadakatimize her zaman ba\u011fl\u0131 olmak i\u00e7sel disiplin ve \u00f6ng\u00f6r\u00fc ile hareket etmek ipucunu kullanarak bizi sonuca ula\u015ft\u0131r\u0131r.<\/p>\n<p>Bir de zamana sadakatimizi tam olarak sa\u011flamad\u0131\u011f\u0131m\u0131z durumlar vard\u0131r,\u201c ertelemeler.\u201d Erteledi\u011fimiz konular\u0131n bize olan katk\u0131lar\u0131 nedir? Ger\u00e7ekten ertelenmesi gerekir mi? Ne de\u011fi\u015fti de erteliyoruz?<\/p>\n<p>Ertelemenin anlam\u0131na ve katk\u0131s\u0131na bakmal\u0131, zamana neden sad\u0131k kalmad\u0131\u011f\u0131m\u0131z\u0131 kendimize a\u00e7\u0131klamal\u0131y\u0131z.<br \/>\nGenellikle zor olan ve sevilmeyen i\u015fler ertelenir, hatta \u00f6nceden planlanmas\u0131na ra\u011fmen ertelenir. Ertelemek kartopundan, \u00e7\u0131\u011fa ge\u00e7ilen ince \u00e7izgidir. \u00c7\u00fcnk\u00fc erteledi\u011fimiz i\u015fler, arkadan gelen di\u011fer i\u015flerle birle\u015fti\u011finde bizi i\u00e7inden \u00e7\u0131k\u0131lamaz bir duruma sokar.<br \/>\nZaman bize sunulmu\u015f de\u011ferli bir hazinedir ve bu hazineyi etkili bir \u015fekilde kullanarak f\u0131rsata d\u00f6n\u00fc\u015ft\u00fcrmek zaman sadakatinin s\u0131rr\u0131d\u0131r.<\/p>\n<p>Zaman\u0131 bilin\u00e7li bir \u015fekilde kullanmak ki\u015finin ailesine, kendisine, i\u015fine ve sosyal ya\u015fam\u0131na ait t\u00fcm sorumluluklar\u0131n\u0131 etkililikle yerine getirmesi ger\u00e7ek bir kazan\u00e7t\u0131r. Bununla birlikte verimlilik ve performans artar, ki\u015fisel geli\u015fime, yarat\u0131c\u0131 d\u00fc\u015f\u00fcnmeye \u0131\u015f\u0131k tutulur.<br \/>\nHer \u201can\u201d \u0131m\u0131z\u0131 ba\u015far\u0131 i\u00e7in f\u0131rsata d\u00f6n\u00fc\u015ft\u00fcrmemiz dile\u011fiyle&#8230;<\/p>\n<p>\u201cYapt\u0131\u011f\u0131n\u0131z i\u015fin en iyisini, bir de \u2018zaman\u0131nda\u2019 yap\u0131n, o vakit da\u011f ba\u015f\u0131nda bile olsan\u0131z insanlar sizi bulur.\u201d (Thomas Brown)<\/p>\n<p>Mehmet Acar\n<\/p><\/div>","protected":false},"excerpt":{"rendered":"<p>(Bu makale Sabah Gazetesi \u0130\u015fte \u0130nsan&#8217;da yay\u0131nlanm\u0131\u015ft\u0131r.) Saatin g\u00f6sterdi\u011fi zaman olan Kronos\u2019un aksine Kairos, bizi hedeflerimize g\u00f6t\u00fcren, zaman\u0131 kaliteli kullanarak de\u011ferlerin \u00fcretildi\u011fi bir s\u00fcreci ifade ediyor\u2026 Zaman\u0131 etkili kullanarak, verimli hayatlar ya\u015famak kendi elimizde\u2026 Zaman\u0131 etkili kulland\u0131\u011f\u0131m\u0131z bir hayata ge\u00e7i\u015fte en etkili y\u00f6ntem ise g\u00fcnl\u00fck ajanda kullan\u0131m\u0131\u2026 Verimli hayata do\u011fru ilerleyece\u011fimiz yolculu\u011fumuzda zamana sadakat \u00f6nemli [&hellip;]<\/p>","protected":false},"author":1,"featured_media":471,"parent":0,"menu_order":0,"comment_status":"closed","ping_status":"closed","template":"","meta":{"footnotes":""},"class_list":["post-462","page","type-page","status-publish","has-post-thumbnail","hentry"],"_links":{"self":[{"href":"https:\/\/onda.com.tr\/tr\/wp-json\/wp\/v2\/pages\/462"}],"collection":[{"href":"https:\/\/onda.com.tr\/tr\/wp-json\/wp\/v2\/pages"}],"about":[{"href":"https:\/\/onda.com.tr\/tr\/wp-json\/wp\/v2\/types\/page"}],"author":[{"embeddable":true,"href":"https:\/\/onda.com.tr\/tr\/wp-json\/wp\/v2\/users\/1"}],"replies":[{"embeddable":true,"href":"https:\/\/onda.com.tr\/tr\/wp-json\/wp\/v2\/comments?post=462"}],"version-history":[{"count":1,"href":"https:\/\/onda.com.tr\/tr\/wp-json\/wp\/v2\/pages\/462\/revisions"}],"predecessor-version":[{"id":463,"href":"https:\/\/onda.com.tr\/tr\/wp-json\/wp\/v2\/pages\/462\/revisions\/463"}],"wp:featuredmedia":[{"embeddable":true,"href":"https:\/\/onda.com.tr\/tr\/wp-json\/wp\/v2\/media\/471"}],"wp:attachment":[{"href":"https:\/\/onda.com.tr\/tr\/wp-json\/wp\/v2\/media?parent=462"}],"curies":[{"name":"wp","href":"https:\/\/api.w.org\/{rel}","templated":true}]}}