{"id":456,"date":"2021-02-03T12:08:31","date_gmt":"2021-02-03T12:08:31","guid":{"rendered":"http:\/\/61works.com\/onda\/?page_id=456"},"modified":"2021-02-03T13:32:11","modified_gmt":"2021-02-03T13:32:11","slug":"uslub-u-beyan-ayniyle-insan","status":"publish","type":"page","link":"https:\/\/onda.com.tr\/tr\/uslub-u-beyan-ayniyle-insan\/","title":{"rendered":"\u00dcsl\u00fbb-u Beyan, Ayniyle \u0130nsan!"},"content":{"rendered":"<div class=\"articles_page\">\n<h3 class=\"blue_text\">(Bu makale Gazete Vatan&#8217;da yay\u0131nlanm\u0131\u015ft\u0131r)<\/h3>\n<p style=\"background: white; margin: 0cm 0cm 11.25pt 0cm;\"><strong><span lang=\"TR\" style=\"font-family: 'Ubuntu','serif'; color: #2e2e2e;\">\u00dcslup kendine \u00f6zg\u00fcl\u00fck,ki\u015fisel be\u011fenileri ifade etmek amac\u0131 ile yine ki\u015fiye has dokunu\u015f demektir<\/span><\/strong><\/p>\n<p style=\"background: white; margin: 0cm 0cm 11.25pt 0cm;\"><span lang=\"TR\" style=\"font-family: 'Ubuntu','serif'; color: #2e2e2e;\">\u00dcslup kendine \u00f6zg\u00fcl\u00fck, duyu\u015f, g\u00f6r\u00fc\u015f, anlat\u0131\u015f, ki\u015fisel be\u011fenileri ifade etmek amac\u0131 ile yine ki\u015fiye has dokunu\u015f demektir. Resimde f\u0131r\u00e7an\u0131n sanat\u00e7\u0131ya has hareketi, renklerin ressam\u0131n tarz\u0131n\u0131 yans\u0131tan dans\u0131, \u015fiirde \u015faire \u00f6zg\u00fc duygular\u0131n dizelerde dile gelmesi, bir hikayede bir romanda yazar\u0131n s\u00f6yleyi\u015f \u00f6zelliklerinin okuyucu ile bulu\u015ftu\u011fu o sihirli anlar, bir konferansta konu\u015fmac\u0131ya \u00f6zel anlat\u0131m becerisi ve daha pek \u00e7ok tarz, ki\u015fiye has an\u0131d\u0131r.<br \/>\nFrans\u0131z edebiyat\u00e7\u0131lar\u0131ndan Buffon \u201c\u00dcslup insan\u0131n ta kendisidir.\u201d diyerek \u00fcslup ile ilgili d\u00fc\u015f\u00fcncelerini \u00f6zetlemi\u015f.<\/span><\/p>\n<p style=\"background: white; margin: 0cm 0cm 11.25pt 0cm;\"><strong><span lang=\"TR\" style=\"font-family: 'Ubuntu','serif'; color: #2e2e2e;\">Peki sosyal medyada \u00fcslup ne durumda?<\/span><\/strong><\/p>\n<p style=\"background: white; margin: 0cm 0cm 11.25pt 0cm;\"><span lang=\"TR\" style=\"font-family: 'Ubuntu','serif'; color: #2e2e2e;\">E\u011fer ki\u015fiyi az \u00e7ok tan\u0131yorsan\u0131z, fikirlerini daha \u00f6nce dinlemi\u015fseniz, o ki\u015fiye has baz\u0131 kilit \u00f6zellikleri biliyorsan\u0131z i\u015finiz daha kolay. Okuyunca o 140 karakterlik c\u00fcmleleri yazan ki\u015finin \u00fcslubu olup olmad\u0131\u011f\u0131n\u0131 anlayabiliyorsunuz. Bazen de ki\u015fiyi merak ediyor bu \u00fcslupta yazan bu de\u011ferli insan\u0131 tan\u0131mak ne g\u00fczel olur diye d\u00fc\u015f\u00fcnmekten kendinizi alam\u0131yorsunuz. \u0130\u015fte bu noktada sosyal medya hesaplar\u0131n\u0131n ki\u015finin kendisi taraf\u0131ndan de\u011fil de bir ba\u015fkas\u0131 taraf\u0131ndan y\u00f6netilmesinin sonucunda ya\u015fanan hikayeler ortaya \u00e7\u0131k\u0131yor.<\/span><\/p>\n<p style=\"background: white; margin: 0cm 0cm 11.25pt 0cm;\"><span lang=\"TR\" style=\"font-family: 'Ubuntu','serif'; color: #2e2e2e;\">Pinterest\u2019te ger\u00e7ek be\u011feniler yerine pop\u00fcler konular\u0131 panoya \u00e7evirmek, instagram\u2019da her taba\u011f\u0131n foto\u011fraf\u0131n\u0131 payla\u015fmak, teknolojinin nimetleri sayesinde profesyonel foto\u011fraf\u00e7\u0131 hissine kap\u0131l\u0131p yorum yapmak, twitterda bilge ki\u015filik sergilemek ad\u0131na t\u00fcm edebiyat\u00e7\u0131lar\u0131n bas\u0131n dan\u0131\u015fman\u0131 olmak, facebook ekran\u0131n\u0131 dev aynas\u0131 gibi g\u00f6rmek en ilgin\u00e7 \u00f6rneklerden biri de foursquare ortam\u0131nda mayor (gitti\u011finiz mekan\u0131n sahibi ilan edilmek) olmak ad\u0131na gidilmeyen mekanlar\u0131n kap\u0131s\u0131ndan ge\u00e7erken ger\u00e7ekd\u0131\u015f\u0131 check-in yapmak. Orada de\u011filseniz veya gidemeyecekseniz neden oradaym\u0131\u015f gibi davran\u0131rs\u0131n\u0131z bu da sosyal medyan\u0131n yaratt\u0131\u011f\u0131 psikolojik durumlardan biri\u2026<\/span><\/p>\n<p style=\"background: white; margin: 0cm 0cm 11.25pt 0cm;\"><span lang=\"TR\" style=\"font-family: 'Ubuntu','serif'; color: #2e2e2e;\">Madem ki \u00fcslup insan\u0131n ta kendisidir. \u0130nsan kendini de yine kendi ifade etmelidir. Yaz\u0131lan mesajlar\u0131n silinse de asl\u0131nda sonsuza dek kald\u0131\u011f\u0131n\u0131 biliyoruz. Sizin ad\u0131n\u0131za yaz\u0131lan ve ho\u015funuza gitmedi\u011fi, sizi ifade etmedi\u011fi i\u00e7in sildirdi\u011finiz o k\u0131sac\u0131k notlar bir g\u00fcn gelip kap\u0131n\u0131z\u0131 \u00e7alabilirler.<\/span><\/p>\n<p style=\"background: white; margin: 0cm 0cm 11.25pt 0cm;\"><strong><span lang=\"TR\" style=\"font-family: 'Ubuntu','serif'; color: #2e2e2e;\">\u0130\u015fte ger\u00e7ek hayattan birka\u00e7 \u00f6rnek;<\/span><\/strong><\/p>\n<p style=\"background: white; margin: 0cm 0cm 11.25pt 0cm;\"><span lang=\"TR\" style=\"font-family: 'Ubuntu','serif'; color: #2e2e2e;\">-Bir haber dairesi M\u00fcsl\u00fcm G\u00fcrses\u2019in vefat\u0131n\u0131 M\u00fcsl\u00fcm G\u00fcrsel\u2019i kaybettik diye duyuruyor\u2026<br \/>\n-Kitab\u0131 yok satan bir i\u015fadam\u0131n\u0131n kendisi ile tan\u0131\u015ft\u0131\u011f\u0131n\u0131zda ya\u015fad\u0131\u011f\u0131n\u0131z \u015fa\u015fk\u0131nl\u0131k size mesajlar\u0131 da kitab\u0131 da bir ba\u015fkas\u0131n\u0131n yazd\u0131\u011f\u0131n\u0131 do\u011frulat\u0131yor, beyefendi b\u0131rak\u0131n kitap yazmay\u0131 kendini ifade etmeyi bile yine yard\u0131m alarak ba\u015farabiliyor\u2026<\/span><\/p>\n<p style=\"background: white; margin: 0cm 0cm 11.25pt 0cm;\"><span lang=\"TR\" style=\"font-family: 'Ubuntu','serif'; color: #2e2e2e;\">&#8211; Programlar\u0131 yay\u0131nda iken sosyal sorumluluk, yard\u0131m, sa\u011fl\u0131k, engellilere destek projelerinin ba\u015f rol\u00fcnde yer alan tv yap\u0131mc\u0131lar\u0131, \u00fcnl\u00fcler sosyal medyada ba\u015f tac\u0131 ediliyor ve bu f\u0131rsattan yararlanarak kendilerine yeni f\u0131rsatlar yarat\u0131yor. Kendilerine ait olmayan \u00fcsluplar ile s\u00fcsl\u00fc c\u00fcmleler kurarak hedef kitlelerini \u00e7evrelerine topluyorlar, program yay\u0131ndan kalk\u0131nca ise bulabilirseniz bu iyilik timsali ki\u015fileri bravo size\u2026<\/span><\/p>\n<p style=\"background: white; margin: 0cm 0cm 11.25pt 0cm;\"><span lang=\"TR\" style=\"font-family: 'Ubuntu','serif'; color: #2e2e2e;\">&#8211; \u00c7ok \u00f6nemli bir i\u015f lideri \u00f6yle mesajlar g\u00f6nderiyor ki twitter arac\u0131l\u0131\u011f\u0131 ile bu muhafazakar ailenin g\u00fcn\u00fcm\u00fcz temsilcisi, bu \u00fcnl\u00fc markalar\u0131n arkas\u0131ndaki i\u015f lideri verir mi bu mesajlar\u0131 ger\u00e7ekten dedirtiyor. Sosyal medya ajanslar\u0131n\u0131n hesaplar\u0131 y\u00f6netirken se\u00e7ti\u011fi ki\u015filerdeki yetkinlikleri iyi analiz etmesi \u015fart. Anlamamak m\u00fcmk\u00fcn de\u011fil\u2026Bir g\u00fcn takip etti\u011finiz yazar\u0131n \u015f\u00f6yle bir mesaj\u0131n\u0131 g\u00f6r\u00fcrseniz \u015fa\u015f\u0131rmay\u0131n \u201cGen\u00e7lik ba\u015f\u0131mda duman, ilk a\u015fk\u0131m ilk heyecan, kovalad\u0131k\u00e7a ka\u00e7an, ate\u015f b\u00f6ce\u011fim misin?\u201d o g\u00fcn sosyal medya uzman\u0131m\u0131z gencimiz bahar\u0131 kar\u015f\u0131lamaktad\u0131r.<br \/>\n\u0130\u015fte bundan kaynakl\u0131d\u0131r ki ge\u00e7ti\u011fimiz hafta bir okuyucu \u00fcnl\u00fc bir k\u00f6\u015fe yazar\u0131 ve televizyoncuya bunlar\u0131 yazan ger\u00e7ekten siz misiniz? Diye sormaktayd\u0131\u2026<\/span><\/p>\n<p style=\"background: white; margin: 0cm 0cm 11.25pt 0cm;\"><span lang=\"TR\" style=\"font-family: 'Ubuntu','serif'; color: #2e2e2e;\">&#8211; Bir s\u00fcredir profesyonellerin bulu\u015fma noktas\u0131 olan linkedinde ileti\u015fim kurmak i\u00e7in davet g\u00f6nderilen, mesaj iletilen ki\u015fi di\u011ferini g\u00f6rmezden geliyorsa, konfor alanlar\u0131 i\u00e7erisinde demektir. Bir sabah o \u00e7ok uzun zamand\u0131r haber beklenen ki\u015fiden aniden s\u00fcrpriz bir mesaj geliyorsa bu \u015fu anlama gelir; \u201cAz sonra cv mi de g\u00f6nderece\u011fim, sana yan\u0131t veremedim kusuruma bakma. \u015eimdi i\u015f ar\u0131yorum bana yard\u0131mc\u0131 olur musun?\u201d tekrar ediyorum\u2026<\/span><\/p>\n<p style=\"background: white; margin: 0cm 0cm 11.25pt 0cm;\"><strong><span lang=\"TR\" style=\"font-family: 'Ubuntu','serif'; color: #2e2e2e;\">\u00dcsl\u00fbb-u Beyan, Ayniyle \u0130nsan!<\/span><\/strong><\/p>\n<p style=\"background: white; margin: 0cm 0cm 11.25pt 0cm;\"><strong><span lang=\"TR\" style=\"font-family: 'Ubuntu','serif'; color: #2e2e2e;\">Keskin Sirke\u2026<\/span><\/strong><\/p>\n<p style=\"background: white; margin: 0cm 0cm 11.25pt 0cm;\"><span lang=\"TR\" style=\"font-family: 'Ubuntu','serif'; color: #2e2e2e;\">&#8211; Modac\u0131lar, imaj dan\u0131\u015fmanlar\u0131, ele\u015ftirmenler, teknoloji insanlar\u0131, ajans gurular\u0131, i\u015f d\u00fcnyas\u0131 uzmanlar\u0131, lezzet ustalar\u0131 ve anneler var, onlar \u00e7ok takip\u00e7isi olan, zaman zaman firma \u00fcr\u00fcn reklamlar\u0131 yapan, \u00fcsluplar\u0131 o g\u00fcn sosyal medya hesab\u0131n\u0131 y\u00f6neten ki\u015filerin ruh haline g\u00f6re de\u011fi\u015fen ki\u015filer. Kendi gruplar\u0131 i\u00e7inde inan\u0131lmaz bir rekabet var. Yapt\u0131\u011f\u0131 ekmek kaday\u0131f\u0131 kadar tatl\u0131 dilli yemek yazar\u0131m\u0131z\u0131 sosyal bir ortamda g\u00f6rd\u00fc\u011f\u00fcn\u00fczde \u015fa\u015f\u0131r\u0131veriyorsunuz \u00e7\u00fcnk\u00fc s\u00f6zleri salatas\u0131nda kulland\u0131\u011f\u0131 keskin sirke gibi\u2026\u0130\u015f d\u00fcnyas\u0131 uzmanlar\u0131 plazalardan en s\u0131cak haberleri bildirirlerken, ekonomiye, stratejiye, y\u00f6netime ait her detay\u0131 biliriz yorumlar\u0131 ile muhabir edas\u0131nda kariyer y\u00f6nlendirmesi yaparlarken HBR b\u00fcltenlerinden paragraflar\u0131 kopyalay\u0131p mesajlar\u0131na yap\u0131\u015ft\u0131rd\u0131klar\u0131n\u0131 g\u00f6r\u00fcp yine d\u00fc\u015f\u00fcn\u00fcyorsunuz\u2026<strong><span style=\"font-family: 'Ubuntu','serif';\">\u00dcsl\u00fbb-u Beyan, Ayniyle \u0130nsan! K\u00fcp\u00fcn\u00fcze zarar vermeyin\u2026<\/span><\/strong><\/span><\/p>\n<p style=\"background: white; margin: 0cm 0cm 11.25pt 0cm;\"><span lang=\"TR\" style=\"font-family: 'Ubuntu','serif'; color: #2e2e2e;\">-Herkes mi ayn\u0131? Tabi ki de\u011fil, \u00fcslubu kendisi kadar ger\u00e7ek ki\u015filer de \u00e7ok say\u0131da sosyal medyada. Kendi 140 karakterini bizzat kendisi yazan \u00e7ok de\u011ferli meslek erbaplar\u0131 var. Onlar\u0131 tebrik etmek laz\u0131m, zaten tan\u0131d\u0131\u011f\u0131n\u0131zda yazd\u0131klar\u0131 ile s\u00f6ylediklerinin ayn\u0131 oldu\u011funu g\u00f6r\u00fcyor bir kez daha samimiyetlerinden dolay\u0131 kutluyor, kibirlerini sergilemeyip sand\u0131klar\u0131na kald\u0131rd\u0131klar\u0131 i\u00e7in tebrik ediyorsunuz.<\/span><\/p>\n<p style=\"background: white; margin: 0cm 0cm 11.25pt 0cm;\"><span lang=\"TR\" style=\"font-family: 'Ubuntu','serif'; color: #2e2e2e;\">\u00d6zel g\u00fcnlerde, bayramlarda, kutlamalarda, anmalarda art\u0131k sosyal medyadan ka\u00e7ar oldu insanlar. \u0130nan\u0131n ne y\u0131lba\u015f\u0131 gecesinin eski masals\u0131 s\u0131cak anlam\u0131 kald\u0131, ne sevgililer g\u00fcn\u00fcn\u00fcn ki\u015fiye \u00f6zel ya\u015fatt\u0131\u011f\u0131 hisler, ne de milli bayramlar\u0131n co\u015fkusu ve \u00e7ocuklu\u011fumuzda belgesel izlerken, \u00e7alan mar\u015flar\u0131 dinlerken kalbimizin h\u0131zla \u00e7arp\u0131p, g\u00f6zlerimizin ya\u015flarla doldu\u011fu anlar\u2026Her \u015fey ucuzlad\u0131, \u00f6zel olmaktan \u00e7\u0131kt\u0131, s\u0131radanla\u015ft\u0131 k\u0131saca.<\/span><\/p>\n<p style=\"background: white; margin: 0cm 0cm 11.25pt 0cm;\"><strong><span lang=\"TR\" style=\"font-family: 'Ubuntu','serif'; color: #2e2e2e;\">Bilen var, bilmeyen var\u2026<\/span><\/strong><\/p>\n<p style=\"background: white; margin: 0cm 0cm 11.25pt 0cm;\"><span lang=\"TR\" style=\"font-family: 'Ubuntu','serif'; color: #2e2e2e;\">Bilen var, bilmeyen var, anlayabilen var, anlamak i\u00e7in biraz u\u011fra\u015fan var. Kim gibi davrand\u0131\u011f\u0131n\u0131z de\u011fil, kim oldu\u011funuz \u00f6nemli. Sizin d\u00fc\u015f\u00fcnce sisteminiz, duygular\u0131n\u0131z, beyniniz, kalbiniz d\u00fcnyada sadece sizde var, \u00fcslubunuz size \u00f6zg\u00fc. Tarz\u0131n\u0131z, tavr\u0131n\u0131z, \u00f6z\u00fcn\u00fcz, s\u00f6z\u00fcn\u00fcz parmak iziniz bu d\u00fcnyan\u0131n sizi siz olarak bilmesini tan\u0131mas\u0131n\u0131 sa\u011flayan. \u00d6yleyse neden bu sahtelik&#8230;.\u0130nsanlar umdu\u011funuz gibi \u00e7\u0131kmal\u0131, \u00e7akmak ta\u015f\u0131 de\u011fil\u2026<\/span><\/p>\n<p style=\"background: white; margin: 0cm 0cm 11.25pt 0cm;\"><span lang=\"TR\" style=\"font-family: 'Ubuntu','serif'; color: #2e2e2e;\">Anadolu\u2019dan \u0130stanbul\u2019 a gelen bir ta\u015fral\u0131, \u0130stanbul\u2019da h\u0131rs\u0131zl\u0131k olaylar\u0131n\u0131n \u00e7ok oldu\u011funu duymu\u015f. \u201d\u015eunlara bir oyun oynayay\u0131m; anlas\u0131nlar ki her ta\u015fral\u0131 acemi \u00e7aylak de\u011fildir\u201d d\u00fc\u015f\u00fcncesi ile, heybesini ve kesesini \u00e7akmak ta\u015f\u0131 ile doldurarak, h\u0131rs\u0131zlar\u0131n \u00e7ok oldu\u011fu bir b\u00f6lgede dola\u015fmaya ba\u015flam\u0131\u015f. Ak\u015fama kadar dola\u015ft\u0131\u011f\u0131 halde, kesesini heybesine \u00e7arpmaya, \u00e7almaya kalkan olmam\u0131\u015f. Ak\u015fam otelin kahvesinde ba\u015flam\u0131\u015f konu\u015fmaya;<\/span><\/p>\n<p style=\"background: white; margin: 0cm 0cm 11.25pt 0cm;\"><span lang=\"TR\" style=\"font-family: 'Ubuntu','serif'; color: #2e2e2e;\">-Bir de \u0130stanbul\u2019da h\u0131rs\u0131zl\u0131k \u015f\u00f6yledir, b\u00f6yledir derler. Ak\u015fama kadar dola\u015ft\u0131m, kimse keseme el s\u00fcrmedi.<br \/>\nBu s\u00f6z \u00fczerine tan\u0131mad\u0131\u011f\u0131 biri yan\u0131na yakla\u015fm\u0131\u015f;<\/span><\/p>\n<p style=\"background: white; margin: 0cm 0cm 11.25pt 0cm;\"><span lang=\"TR\" style=\"font-family: 'Ubuntu','serif'; color: #2e2e2e;\">-Tasalanma day\u0131, kontrol\u00fc yap\u0131ld\u0131 ama \u00e7akmak ta\u015f\u0131 \u00e7\u0131kt\u0131 demi\u015f.<\/span><\/p>\n<p style=\"background: white; margin: 0cm 0cm 11.25pt 0cm;\"><strong><span lang=\"TR\" style=\"font-family: 'Ubuntu','serif'; color: #2e2e2e;\">Bug\u00fcn sosyal medyada \u00fcslup konusunu payla\u015f\u0131yoruz, haz\u0131r konu sosyal medya ve \u00fcslup iken bunlar\u0131 unutmay\u0131n\u0131z;<\/span><\/strong><\/p>\n<p style=\"background: white; margin: 0cm 0cm 11.25pt 0cm;\"><span lang=\"TR\" style=\"font-family: 'Ubuntu','serif'; color: #2e2e2e;\">\u2022 Wall yani duvar\u0131n\u0131zdan \u00fc\u00e7 y\u0131l \u00f6nce payla\u015ft\u0131klar\u0131n\u0131z bile silinmez!<br \/>\n\u2022 Troll konusunda dikkatli olmak gerekiyor! Troll sosyal medya dilinde polemik yaratarak ilgi \u00e7eken konularda ortaya laf atmak demektir. Konuya hakim de\u011filseniz konuya girmeyiniz\u2026<br \/>\n\u2022 Status yani stat\u00fcn\u00fcz ger\u00e7ek olsun. Kendiniz olun!<br \/>\n\u2022 Ger\u00e7ekten sevdiklerini be\u011fenin, sa\u011flamas\u0131n\u0131 yapt\u0131\u011f\u0131n\u0131zda ilginizi \u00e7ekmedi\u011fini payla\u015ft\u0131\u011f\u0131n\u0131z bir konuyu ba\u015fka bir ortamda like ederek komik duruma d\u00fc\u015fmeyin\u2026<br \/>\n\u2022 Avatar\u0131n\u0131z\u0131 dikkatle ve \u00f6zenle se\u00e7in\u2026<br \/>\n\u2022 Umursay\u0131n, duyarl\u0131 olun, tepki verin, sosyal medyan\u0131n ve pop\u00fcleritenin kumandas\u0131nda ya\u015famay\u0131n. Follow ve followers u\u011fruna duymad\u0131\u011f\u0131n\u0131z sesleri de alk\u0131\u015flamay\u0131n\u2026<br \/>\n\u00dcnl\u00fc virt\u00fc\u00f6z, piyanonun ba\u015f\u0131na oturmu\u015f ve salonu h\u0131ncah\u0131n\u00e7 dolduran seyircilerin \u00f6n\u00fcnde, konserine ba\u015flam\u0131\u015ft\u0131. Ancak tu\u015flara bas\u0131p \u00e7al\u0131yor g\u00f6r\u00fcnmesine ra\u011fmen, telleri \u00f6nceden s\u0131k\u0131lm\u0131\u015f olan piyanodan hi\u00e7bir ses \u00e7\u0131km\u0131yordu. Dinleyiciler, birbirlerine g\u00f6z ucuyla bakarak ne yapmalar\u0131 gerekti\u011fini ara\u015ft\u0131r\u0131yorlar, fakat nedense tepki g\u00f6steremiyorlard\u0131. \u0130ki saat s\u00fcren sessiz konserden sonra \u00fcnl\u00fc virt\u00fc\u00f6z oturdu\u011fu yerden kalkarak b\u00fcy\u00fck bir ciddiyetle onlar\u0131 selamlad\u0131. Salon s\u00fcrekli alk\u0131\u015f sesleri ile \u00e7\u0131nl\u0131yordu. \u0130ngiltere\u2019de ya\u015fanan bu olaydan sonra piyanist, kendisi ile r\u00f6portaj yapan televizyon spikerine:<br \/>\n\u201c\u0130nsanlardaki tepkisizli\u011fin nereye kadar varaca\u011f\u0131n\u0131 \u00f6\u011frenmek istedim,\u201d diyordu.<\/span><\/p>\n<p style=\"background: white; margin: 0cm 0cm 11.25pt 0cm;\"><span lang=\"TR\" style=\"font-family: 'Ubuntu','serif'; color: #2e2e2e;\">\u201cMe\u011fer s\u0131n\u0131r\u0131 yokmu\u015f\u2026\u201d<\/span><\/p>\n<p style=\"background: white; margin: 0cm 0cm 11.25pt 0cm;\"><strong><span lang=\"TR\" style=\"font-family: 'Ubuntu','serif'; color: #2e2e2e;\">Kendi gibi olan, kendi gibi davranan, \u00e7al\u0131\u015fan, emek veren, y\u00fcre\u011finin, bilgisinin, fikrinin, bile\u011finin g\u00fcc\u00fcn\u00fc ortaya koyan, payla\u015fan stat\u00fcs\u00fc ger\u00e7ek olan t\u00fcm kad\u0131nlar\u0131n g\u00fcn\u00fc kutlu olsun.<\/span><\/strong><\/p>\n<p style=\"background: white; margin: 0cm 0cm 11.25pt 0cm;\"><strong><span lang=\"TR\" style=\"font-family: 'Ubuntu','serif'; color: #2e2e2e;\">Bilge Bayku\u015f\u2019tan haftan\u0131n kitap \u00f6nerisi ; Mediacat Yay\u0131nlar\u0131. Catherine Kaputa. \u201cSen Bir Markas\u0131n.Markan\u0131 Yarat Fark Yarat\u201d<\/span><\/strong><\/p>\n<\/div>","protected":false},"excerpt":{"rendered":"<p>(Bu makale Gazete Vatan&#8217;da yay\u0131nlanm\u0131\u015ft\u0131r) \u00dcslup kendine \u00f6zg\u00fcl\u00fck,ki\u015fisel be\u011fenileri ifade etmek amac\u0131 ile yine ki\u015fiye has dokunu\u015f demektir \u00dcslup kendine \u00f6zg\u00fcl\u00fck, duyu\u015f, g\u00f6r\u00fc\u015f, anlat\u0131\u015f, ki\u015fisel be\u011fenileri ifade etmek amac\u0131 ile yine ki\u015fiye has dokunu\u015f demektir. Resimde f\u0131r\u00e7an\u0131n sanat\u00e7\u0131ya has hareketi, renklerin ressam\u0131n tarz\u0131n\u0131 yans\u0131tan dans\u0131, \u015fiirde \u015faire \u00f6zg\u00fc duygular\u0131n dizelerde dile gelmesi, bir hikayede bir [&hellip;]<\/p>","protected":false},"author":1,"featured_media":473,"parent":0,"menu_order":0,"comment_status":"closed","ping_status":"closed","template":"","meta":{"footnotes":""},"class_list":["post-456","page","type-page","status-publish","has-post-thumbnail","hentry"],"_links":{"self":[{"href":"https:\/\/onda.com.tr\/tr\/wp-json\/wp\/v2\/pages\/456"}],"collection":[{"href":"https:\/\/onda.com.tr\/tr\/wp-json\/wp\/v2\/pages"}],"about":[{"href":"https:\/\/onda.com.tr\/tr\/wp-json\/wp\/v2\/types\/page"}],"author":[{"embeddable":true,"href":"https:\/\/onda.com.tr\/tr\/wp-json\/wp\/v2\/users\/1"}],"replies":[{"embeddable":true,"href":"https:\/\/onda.com.tr\/tr\/wp-json\/wp\/v2\/comments?post=456"}],"version-history":[{"count":1,"href":"https:\/\/onda.com.tr\/tr\/wp-json\/wp\/v2\/pages\/456\/revisions"}],"predecessor-version":[{"id":457,"href":"https:\/\/onda.com.tr\/tr\/wp-json\/wp\/v2\/pages\/456\/revisions\/457"}],"wp:featuredmedia":[{"embeddable":true,"href":"https:\/\/onda.com.tr\/tr\/wp-json\/wp\/v2\/media\/473"}],"wp:attachment":[{"href":"https:\/\/onda.com.tr\/tr\/wp-json\/wp\/v2\/media?parent=456"}],"curies":[{"name":"wp","href":"https:\/\/api.w.org\/{rel}","templated":true}]}}