{"id":454,"date":"2021-02-03T12:05:37","date_gmt":"2021-02-03T12:05:37","guid":{"rendered":"http:\/\/61works.com\/onda\/?page_id=454"},"modified":"2021-02-03T13:32:02","modified_gmt":"2021-02-03T13:32:02","slug":"tilkinin-gizli-ajandasi","status":"publish","type":"page","link":"https:\/\/onda.com.tr\/tr\/tilkinin-gizli-ajandasi\/","title":{"rendered":"Tilkinin gizli ajandas\u0131"},"content":{"rendered":"<div class=\"articles_page\">\n<h3 class=\"blue_text\">(Bu makale HaberT\u00fcrk HT Hayat&#8217;ta yay\u0131nlanm\u0131\u015ft\u0131r.)<\/h3>\n<p>Ben \u00e7ok g\u00f6rd\u00fcm ya siz?<\/p>\n<p>Y\u0131llarca profesyonel i\u015f hayat\u0131mda \u00e7al\u0131\u015ft\u0131\u011f\u0131m ortamlarda, giri\u015fimci olduktan sonra ileti\u015fim kurdu\u011fum yap\u0131larda kar\u015f\u0131la\u015ft\u0131\u011f\u0131m baz\u0131 insanlar vard\u0131r. Onlar\u0131 \u00f6nce tan\u0131d\u0131\u011f\u0131n\u0131z\u0131 d\u00fc\u015f\u00fcn\u00fcrs\u00fcn\u00fcz, g\u00fcvenirsiniz, projelerinizi payla\u015f\u0131rs\u0131n\u0131z. Onlar da size hep yak\u0131nd\u0131r, sizi desteklerler, zaman zaman fikrini almak i\u00e7in anlatt\u0131\u011f\u0131n\u0131z projenizin geli\u015ftirilmeye ihtiyac\u0131 oldu\u011funu biraz daha<br \/>\nzaman tan\u0131man\u0131z gerekti\u011fini s\u00f6yler, sizi acele etmekten al\u0131koyarlar.<\/p>\n<p>Siz de b\u00f6yle \u00e7al\u0131\u015fma arkada\u015flar\u0131n\u0131z, yak\u0131n \u00e7evreniz ve m\u00fc\u015fterileriniz oldu\u011fu i\u00e7in kendinizi \u015fansl\u0131 sayars\u0131n\u0131z.<\/p>\n<p>Oysaki perdenin arkas\u0131nda farkl\u0131 bir oyunun provas\u0131 yap\u0131lmaktad\u0131r. Ba\u015frolde de i\u015fte bu karakterde bir oyuncu vard\u0131r. Ad\u0131: \u201cGizli Ajanda\u201d\u2026<br \/>\nBen gizli ajandas\u0131 olan insanlara \u00e7ok rastlad\u0131m. Sorunuzu duyar gibiyim nas\u0131l anlayaca\u011f\u0131z peki bu insanlar\u0131 diyorsunuz de\u011fil mi?<\/p>\n<p>Nas\u0131l anlayaca\u011f\u0131z?<\/p>\n<p>\u015e\u00f6yle bir d\u00fc\u015f\u00fcn\u00fcn, ge\u00e7mi\u015fi, yak\u0131n zaman\u0131, hayal k\u0131r\u0131kl\u0131\u011f\u0131 ya\u015fad\u0131\u011f\u0131n\u0131z zamanlar\u0131\u2026<\/p>\n<p>Mutlaka b\u00f6yle bir ba\u015frol oyuncusu i\u00e7indedir bu sahnelerden birinin. Onlar size hep yak\u0131n dururlar, en b\u00fcy\u00fck destek\u00e7inizdirler.<\/p>\n<p>Siz de g\u00fcvenden dolay\u0131 kapatm\u0131\u015fs\u0131n\u0131zd\u0131r g\u00f6zlerinizi ve g\u00fcven ile in\u015fa edilen yolda y\u00fcr\u00fcyorsunuzdur. Yenilikleri, hayat\u0131n\u0131zdaki geli\u015fmeleri, yeni i\u015f projelerinizi, kat\u0131laca\u011f\u0131n\u0131z bir yar\u0131\u015fmay\u0131, \u00e7ocu\u011funuza koymay\u0131 d\u00fc\u015f\u00fcnd\u00fc\u011f\u00fcn\u00fcz ismi, ne zaman tatile \u00e7\u0131kaca\u011f\u0131n\u0131z\u0131, hangi otele gidece\u011finizi, bir yat\u0131r\u0131m plan\u0131n\u0131z\u0131, be\u011fendi\u011finiz bir elbiseyi, almay\u0131 d\u00fc\u015f\u00fcnd\u00fc\u011f\u00fcn\u00fcz kitab\u0131,bilgi birikiminizin \u00f6nemli ve kritik noktalar\u0131n\u0131 payla\u015f\u0131rs\u0131n\u0131z onlarla.<\/p>\n<p>Sonra ne olur?<\/p>\n<p>Sonra ne olur? Asl\u0131nda anlatt\u0131\u011f\u0131n\u0131z projeyi \u00fcst y\u00f6netime sunmak i\u00e7in do\u011fru zaman olmad\u0131\u011f\u0131n\u0131, biraz daha beklemeniz gerekti\u011fini o s\u0131cak ses tonuyla s\u00f6yleyen GA (Gizli Ajanday\u0131 k\u0131saca b\u00f6yle \u00e7a\u011f\u0131ral\u0131m) iki hafta sonra sizin fikrinizi kendi projesiymi\u015f gibi sunar ve \u00fcstelik yapt\u0131\u011f\u0131 \u00e7ok k\u00fc\u00e7\u00fck de\u011fi\u015fikliklerle buna kendi dahi inanarak, projenin kendisine \u00f6zg\u00fcn oldu\u011funu savunur.<\/p>\n<p>Sizin izin tarihlerinizde asl\u0131nda havan\u0131n \u00e7ok s\u0131cak olaca\u011f\u0131na ve se\u00e7ti\u011finiz b\u00f6lge i\u00e7in uygun bir d\u00f6nem olmayaca\u011f\u0131na sizi ikna eden GA, bir hafta sonra ayn\u0131 yere ve ayn\u0131 otele tatile gitmi\u015ftir. Sordu\u011funuzda da ya akrabalar\u0131 davet etmi\u015ftir ya da e\u015fi \u00e7ok g\u00fczel bir f\u0131rsat yakalam\u0131\u015ft\u0131r.<\/p>\n<p>Sizden bir proje ile ilgili fikir ve detayl\u0131 teklif isteyen m\u00fc\u015fterinizin sonra birden telefonlara yan\u0131t vermeyip, maillerinize geri d\u00f6nmedi\u011fini ya\u015famad\u0131n\u0131z m\u0131? O s\u0131rada sizin g\u00fcnlerce \u00f6zenle haz\u0131rlad\u0131\u011f\u0131n\u0131z proje detaylar\u0131 ba\u015fkalar\u0131 ile \u00e7oktan payla\u015f\u0131lm\u0131\u015f ve daha uygun maliyet ile kopyala-yap\u0131\u015ft\u0131r tekni\u011fi kullan\u0131larak uygulamaya ge\u00e7ilmi\u015ftir bile. GA yine ba\u015froldedir.<\/p>\n<p>GA\u2019lar sizi hep \u00e7ok yak\u0131n dostlar\u0131 ile tan\u0131\u015ft\u0131r\u0131rlar, tabi ama\u00e7 size yard\u0131mc\u0131 olmakt\u0131r her zaman. Yine siz bir filmin iyi niyetli, temiz kalpli kahraman\u0131n\u0131 oynars\u0131n\u0131z.<\/p>\n<p>Asl\u0131nda GA ve arkada\u015f\u0131 \u00e7oktan i\u015fbirli\u011fi yapm\u0131\u015ft\u0131r kendi y\u00f6nlerinde fayda sa\u011flamak i\u00e7in. Her zaman sizin \u00e7\u0131karlar\u0131n\u0131z\u0131 d\u00fc\u015f\u00fcn\u00fcyor gibi g\u00f6r\u00fcn\u00fcrler, asl\u0131nda tek d\u00fc\u015f\u00fcnd\u00fckleri kendi \u00e7\u0131karlar\u0131d\u0131r.<\/p>\n<p>Daha y\u00fczlerce \u00f6rnek verebilirim sevgili i\u015f kad\u0131nlar\u0131. Eminim sizler de bu sahneleri bir yerlerde bir g\u00fcn ya\u015fam\u0131\u015fs\u0131n\u0131zd\u0131r. Art\u0131k dur demenin zaman\u0131 geldi.<\/p>\n<p>GA\u2019lar ile olan ileti\u015fimde dikkat edece\u011fimiz noktalar\u0131 belirleyelim ve m\u00fcmk\u00fcn ise onlar\u0131 hayat\u0131m\u0131z\u0131n bir yerlerinden yolcu edelim.<\/p>\n<p>Hayatta ba\u015far\u0131, i\u00e7 huzur, yarat\u0131c\u0131l\u0131k, \u00fcretkenlik ve performans i\u00e7in bu inan\u0131n gerekli.<\/p>\n<p>Nelere dikkat ediyoruz?<\/p>\n<p>GA\u2019lara ayn\u0131 konuyu farkl\u0131 zamanlarda ve farkl\u0131 ortamlarda anlat\u0131p, konu ile ilgili soru sorun. B\u00f6ylece verdikleri yan\u0131tlar ile tutarl\u0131l\u0131klar\u0131n\u0131 test eder ve sa\u011flama yapm\u0131\u015f olursunuz.<br \/>\nGA\u2019lara kar\u015f\u0131 ketum olun, projelerinizi, yeniliklerinizi, sizin i\u00e7in \u00f6nemli bir haberi payla\u015fmay\u0131n.<br \/>\nGA lar ile ilgili bir ipucu\u2026 Onlar herkese e\u015fit mesafededirler! Bununla beraber farkl\u0131 y\u00fczler tak\u0131n\u0131rlar. Bunun sebebi herkesten bir beklentileri olmas\u0131d\u0131r. \u00c7evrenizde b\u00f6yle insanlar var ise onlar\u0131 bir s\u00fcre uzaktan izleyin, GA olduklar\u0131n\u0131 g\u00f6receksiniz.<br \/>\nBazen sanal k\u00fc\u00e7\u00fck konu demetleri olu\u015fturun ve onlarla payla\u015f\u0131n, tahmin etti\u011finiz noktalardan konunun demet say\u0131s\u0131 artm\u0131\u015f olarak size geri geldi\u011fini g\u00f6receksiniz. Bu demetler abart\u0131lm\u0131\u015ft\u0131r ve sizin payla\u015f\u0131m\u0131n\u0131zdan \u00e7ok daha farkl\u0131 bir \u015fekildedir. Bu da bir GA sa\u011flama y\u00f6ntemi.<br \/>\nGA\u2019lar tembeldirler, kendileri \u00fcretmezler, ara\u015ft\u0131rma yapmazlar. Bu konudaki yetenekleri limitlidir veya haz\u0131ra al\u0131\u015ft\u0131klar\u0131 i\u00e7in bu yetenekleri iyice k\u00f6relmi\u015ftir. Onlar\u0131 bu davran\u0131\u015flar\u0131ndan da tespit edebilirsiniz.<br \/>\nGA\u2019lar ile sohbetleriniz s\u0131ras\u0131nda a\u015fa\u011f\u0131daki hikayeyi anlat\u0131n ve g\u00fcl\u00fcn!<\/p>\n<p>G\u00fcn\u00fcn birinde\u2026<\/p>\n<p>Bir karga bir dala konmu\u015f a\u011fz\u0131nda bir peynir par\u00e7as\u0131 varm\u0131\u015f. Kurnaz tilki kokuyu al\u0131p gelmi\u015f dal\u0131n alt\u0131na, biliyorsunuz ki tilkiler kurnazd\u0131r, orada d\u00fc\u015f\u00fcnm\u00fc\u015f bu kargay\u0131 nas\u0131l kand\u0131r\u0131r\u0131m acaba diye!<\/p>\n<p>\u2014 G\u00fcnayd\u0131n karga ne bu g\u00fczellik&#8221; demi\u015f karga\u2019ya tilki; \u00e7ok g\u00fczelsiniz demi\u015f, bakmaya k\u0131yam\u0131yorum size. \u0130\u015fte parlayan t\u00fcyleriniz ve renginiz bak\u0131n i\u015fte, yalan s\u00f6ylemiyorum bu ormanda bir g\u00fczel daha yoktur \u00fcst\u00fcn\u00fcze.<\/p>\n<p>Karakarga bu s\u00f6zlerden sonra havalara girmi\u015f g\u00f6rmelisiniz. Ne yapaca\u011f\u0131n\u0131 \u015fa\u015f\u0131rarak, sa\u011fa sola k\u0131v\u0131rm\u0131\u015f boynunu, tilkiye poz verirmi\u015f foto\u011frafa poz verirmi\u015f gibi; Tilki onun havalara girdi\u011fini g\u00f6r\u00fcnce, daha bir co\u015fmu\u015f sanki. S\u0131radaki yalanlar\u0131n\u0131 s\u00f6ylemeye ba\u015flam\u0131\u015f.<\/p>\n<p>\u2014 Bunca g\u00fczelli\u011fe, sesiniz nas\u0131ld\u0131r acaba diye merak ediyor insan. Acaba sesinizi duyabilir miyim say\u0131n karga?<\/p>\n<p>\u2014 \u015euna bir gak diyeyim de ses g\u00f6rs\u00fcn demi\u015f; gak der demez peyniri a\u011fz\u0131ndan d\u00fc\u015f\u00fcr\u00fcvermi\u015f. Tilki kapm\u0131\u015f peyniri, yer dururmu\u015f bir k\u00f6\u015fede, karakarga g\u00f6zya\u015f\u0131 d\u00f6km\u00fc\u015f peyniri i\u00e7in.Tilki giderken d\u00f6nm\u00fc\u015f karakargaya son s\u00f6z\u00fcn\u00fc s\u00f6ylemi\u015f o anda.<\/p>\n<p>\u2014 Kara bay\u0131m, demi\u015f kargaya;<\/p>\n<p>\u2014 \u015eu s\u00f6z\u00fcm\u00fc hi\u00e7 unutma, kapt\u0131rd\u0131\u011f\u0131n peynire de\u011fer: Her G\u0130ZL\u0130 AJANDASI olan \u00e7\u0131kar\u0131 i\u00e7in \u00f6ver, y\u00fcz\u00fcne g\u00fcler, peynirini yer.<\/p>\n<p>Kargan\u0131n akl\u0131 ba\u015f\u0131na gelmi\u015f ya i\u015f i\u015ften ge\u00e7tikten sonra.<\/p>\n<p>La Rochefaucauld\u2019nun dedi\u011fi gibi ;<\/p>\n<p>\u201cBa\u015fkalar\u0131na kar\u015f\u0131 de\u011fi\u015fik y\u00fczler tak\u0131nanlar, sonunda kendi \u00e7ehrelerini unuturlar.\u201d<\/p>\n<p>Bu hafta GA&#8217;lar\u0131n\u0131z\u0131 tespit ederken ve onlar\u0131 hayat\u0131n\u0131zdan yolcu ederken hepinize ba\u015far\u0131lar dilerim.<\/p>\n<p>Sevgiyle ve \u00e7al\u0131\u015farak kal\u0131n\u2026<\/p>\n<p>Hanzade ACAR\n<\/p><\/div>","protected":false},"excerpt":{"rendered":"<p>(Bu makale HaberT\u00fcrk HT Hayat&#8217;ta yay\u0131nlanm\u0131\u015ft\u0131r.) Ben \u00e7ok g\u00f6rd\u00fcm ya siz? Y\u0131llarca profesyonel i\u015f hayat\u0131mda \u00e7al\u0131\u015ft\u0131\u011f\u0131m ortamlarda, giri\u015fimci olduktan sonra ileti\u015fim kurdu\u011fum yap\u0131larda kar\u015f\u0131la\u015ft\u0131\u011f\u0131m baz\u0131 insanlar vard\u0131r. Onlar\u0131 \u00f6nce tan\u0131d\u0131\u011f\u0131n\u0131z\u0131 d\u00fc\u015f\u00fcn\u00fcrs\u00fcn\u00fcz, g\u00fcvenirsiniz, projelerinizi payla\u015f\u0131rs\u0131n\u0131z. Onlar da size hep yak\u0131nd\u0131r, sizi desteklerler, zaman zaman fikrini almak i\u00e7in anlatt\u0131\u011f\u0131n\u0131z projenizin geli\u015ftirilmeye ihtiyac\u0131 oldu\u011funu biraz daha zaman tan\u0131man\u0131z [&hellip;]<\/p>","protected":false},"author":1,"featured_media":474,"parent":0,"menu_order":0,"comment_status":"closed","ping_status":"closed","template":"","meta":{"footnotes":""},"class_list":["post-454","page","type-page","status-publish","has-post-thumbnail","hentry"],"_links":{"self":[{"href":"https:\/\/onda.com.tr\/tr\/wp-json\/wp\/v2\/pages\/454"}],"collection":[{"href":"https:\/\/onda.com.tr\/tr\/wp-json\/wp\/v2\/pages"}],"about":[{"href":"https:\/\/onda.com.tr\/tr\/wp-json\/wp\/v2\/types\/page"}],"author":[{"embeddable":true,"href":"https:\/\/onda.com.tr\/tr\/wp-json\/wp\/v2\/users\/1"}],"replies":[{"embeddable":true,"href":"https:\/\/onda.com.tr\/tr\/wp-json\/wp\/v2\/comments?post=454"}],"version-history":[{"count":1,"href":"https:\/\/onda.com.tr\/tr\/wp-json\/wp\/v2\/pages\/454\/revisions"}],"predecessor-version":[{"id":455,"href":"https:\/\/onda.com.tr\/tr\/wp-json\/wp\/v2\/pages\/454\/revisions\/455"}],"wp:featuredmedia":[{"embeddable":true,"href":"https:\/\/onda.com.tr\/tr\/wp-json\/wp\/v2\/media\/474"}],"wp:attachment":[{"href":"https:\/\/onda.com.tr\/tr\/wp-json\/wp\/v2\/media?parent=454"}],"curies":[{"name":"wp","href":"https:\/\/api.w.org\/{rel}","templated":true}]}}