{"id":448,"date":"2021-02-03T11:58:48","date_gmt":"2021-02-03T11:58:48","guid":{"rendered":"http:\/\/61works.com\/onda\/?page_id=448"},"modified":"2021-02-05T09:40:54","modified_gmt":"2021-02-05T09:40:54","slug":"sadece-bir-aci-olcer-duyduklarim-ise-bir-omre-bedel","status":"publish","type":"page","link":"https:\/\/onda.com.tr\/tr\/sadece-bir-aci-olcer-duyduklarim-ise-bir-omre-bedel\/","title":{"rendered":"Sadece bir a\u00e7\u0131 \u00f6l\u00e7er, duyduklar\u0131m ise bir \u00f6mre bedel"},"content":{"rendered":"<div class=\"articles_page\">\n<h3 class=\"blue_text\">(Bu makale HaberT\u00fcrk HT Hayat&#8217;ta yay\u0131nlanm\u0131\u015ft\u0131r.)<\/h3>\n<p>Biliyor musun sen benim tatl\u0131ms\u0131n dedi. Sabah saat 06.20\u2026 Yapt\u0131\u011f\u0131m tek \u015fey a\u00e7\u0131\u00f6l\u00e7erini bulamad\u0131\u011f\u0131 i\u00e7in bire bir boyutta bir a\u00e7\u0131\u00f6l\u00e7eri bask\u0131 al\u0131p, kesip okul defterinin aras\u0131na yerle\u015ftirmekti. Benim i\u00e7in k\u00fc\u00e7\u00fck ve birka\u00e7 dakikada yap\u0131lan bir i\u015f onun i\u00e7in ne kadar de\u011ferli idi. \u201cSen de benim can\u0131ms\u0131n\u201d dedim.<\/p>\n<p>Sonra d\u00fc\u015f\u00fcnd\u00fcm i\u015fler hep yo\u011fun, bak\u0131lmas\u0131 gereken mailler hep var. Projeler bitmez, bitmesin de zaten\u2026<\/p>\n<p>Telefon her zaman \u00e7alacak bununla beraber \u00e7ocuklar\u0131m\u0131zla ge\u00e7en zamanlar bir daha tekrar edilemeyecek her saniye bir \u00f6ncekinden daha de\u011ferli, g\u00f6zlerimizin i\u00e7ine bakan o sevgi dolu g\u00f6zler ise her \u015feyden daha de\u011ferli\u2026<\/p>\n<p>40\u2019l\u0131 ya\u015flar\u0131n arma\u011fan\u0131 m\u0131 bu hisler?<\/p>\n<p>Bu s\u0131ralar benim gibi \u00e7al\u0131\u015fan kad\u0131n arkada\u015flar\u0131m ile konu\u015ftu\u011fumda ayn\u0131 konular\u0131 derinlemesine d\u00fc\u015f\u00fcnd\u00fc\u011f\u00fcm\u00fcz\u00fc, ayn\u0131 \u00e7\u00f6z\u00fcmleri arad\u0131\u011f\u0131m\u0131z fark ettim. Belki de 40\u2019l\u0131 ya\u015flar\u0131n bir arma\u011fan\u0131d\u0131r bu hisler\u2026<\/p>\n<p>Hani bir adaya yerle\u015fip ke\u00e7i yeti\u015ftirme, bir k\u00f6y evi al\u0131p kitap yazma, teknolojiden uzakla\u015fma, cep telefonu kullanmamak gibi hayallerin ba\u015flad\u0131\u011f\u0131 zamanlara HO\u015eGELD\u0130K!<\/p>\n<p>\u0130\u015fte bu zamanlar\u0131n sert bir r\u00fczg\u00e2r gibi esip y\u00fcz\u00fcm\u00fcze de\u011fdirdi\u011fi bir ger\u00e7ek hi\u00e7bir i\u015f, hi\u00e7bir proje, hi\u00e7bir telefon \u00e7ocu\u011fumuza ay\u0131raca\u011f\u0131m\u0131z dakikalardan daha \u00f6nemli de\u011fildir.<\/p>\n<p>Ben hep i\u015fimi, i\u015fe ay\u0131rd\u0131\u011f\u0131m zaman\u0131 organize edebilen ve kendimi i\u015fte, bununla beraber evde de hissettirebilen bir anne oldum. Kendi i\u015fimin sahibi olman\u0131n avantajlar\u0131n\u0131 de\u011ferlendirdim, tabi ki \u00e7ok yolculuk etti\u011fim zamanlar oldu, gece havaliman\u0131na gitmeden \u00f6nce defalarca odas\u0131na girdi\u011fim, kap\u0131dan \u00e7\u0131k\u0131p tekrar tekrar bir kez daha g\u00f6reyim diye geri d\u00f6nd\u00fc\u011f\u00fcm \u00e7ok zamanlar oldu. (Ben bu yaz\u0131y\u0131 yazarken d\u0131\u015far\u0131dan bir kedi miyavlamas\u0131 geldi, omzuma dokundu anne kediler \u00e7\u0131ld\u0131rm\u0131\u015f dedi ve g\u00fclmeye ba\u015flad\u0131.) Yaz\u0131m\u0131n verdi\u011fi hisler ile y\u00fcz\u00fcne uzun uzun bakt\u0131m ve evet dedim daha \u00e7ok zaman, daha kaliteli ve farkl\u0131 zamanlar\u2026<\/p>\n<p>Yemek haz\u0131rlamaktan, banyo yapt\u0131rmaktan, oyuncaklar\u0131 ile oynamas\u0131n\u0131 izlemekten, bug\u00fcn okul nas\u0131l ge\u00e7ti diye sormaktan bahsetmiyorum. \u00c7ok daha \u00f6tesi, sevginin bir \u00f6m\u00fcr boyu kal\u0131c\u0131l\u0131\u011f\u0131n\u0131n hissedildi\u011fi anlardan bahsediyorum.<\/p>\n<p>Biliyorum yapacak i\u015fimiz \u00e7ok\u2026<\/p>\n<p>Sabah erkenden kahvalt\u0131s\u0131n\u0131 haz\u0131rlamal\u0131, sonra okula u\u011furlamal\u0131, evi toplamadan kap\u0131dan \u00e7\u0131kmamal\u0131y\u0131z. Yol boyunca g\u00fcn\u00fc planlamal\u0131, toplant\u0131 i\u00e7in haz\u0131rlanan sunuma son slayd\u0131 eklemeli, \u00f6\u011flen okuldan istenen pergel setini almal\u0131, \u00f6\u011fleden sonra ekip toplant\u0131s\u0131na kat\u0131lmal\u0131y\u0131z. Eve giderken al\u0131\u015fveri\u015fi tamamlamal\u0131, \u00e7orbay\u0131 oca\u011fa koymal\u0131, \u00e7ama\u015f\u0131r makinas\u0131n\u0131 \u00e7al\u0131\u015ft\u0131rmal\u0131, \u00f6devlere de yard\u0131m etmeliyiz.<\/p>\n<p>Yepyeni bir devir\u2026<\/p>\n<p>Tam bu s\u0131rada \u00e7alan kap\u0131y\u0131 a\u00e7madan aynada kendimize bir bakmal\u0131 ve en s\u0131cak tebess\u00fcm\u00fcm\u00fczle yolculuktan gelen e\u015fimizi kar\u015f\u0131lamal\u0131y\u0131z. Yorgunluk ve yo\u011funluk gibi g\u00f6r\u00fcnen bu tempo asl\u0131nda mutlu bir ailenin manzaras\u0131\u2026<br \/>\n\u0130\u015fte bu manzara i\u00e7erisinde \u00e7ocu\u011funuz ile payla\u015ft\u0131klar\u0131n\u0131z\u0131 al\u0131\u015f\u0131lm\u0131\u015f\u0131n d\u0131\u015f\u0131na ta\u015f\u0131mal\u0131, ba\u015fka alanlardan zaman k\u0131sarak ve inan\u0131n bir an i\u00e7in i\u015fi g\u00fcc\u00fc bir kenara b\u0131rakarak yepyeni bir devir a\u00e7mal\u0131s\u0131n\u0131z.<\/p>\n<p>L\u00fctfen bu g\u00fcnleri yakalay\u0131n!<\/p>\n<p>De\u011ferli \u00e7al\u0131\u015fan kad\u0131n dostlar\u0131m ben size \u00e7ocu\u011funuza kitap okuyun, onunla birlikte yemek yap\u0131n, birlikte market al\u0131\u015fveri\u015finizi tamamlay\u0131n demeyece\u011fim.<\/p>\n<p>\u00d6nce \u00e7ocu\u011funuzun sizinle yapmaktan en \u00e7ok ho\u015fland\u0131\u011f\u0131 \u015feyi ke\u015ffedin, her anne-\u00e7ocuk ileti\u015fiminde payla\u015f\u0131lanlar farkl\u0131d\u0131r. \u00d6nce ke\u015ffedin ve sonra onunla birlikte ke\u015ffinizi ya\u015fay\u0131n. Onun g\u00f6zlerinin i\u00e7ine bakarak ve g\u00f6z seviyesine inerek konu\u015fun, ne kadar sevdi\u011finizi s\u00f6ylemekten, sar\u0131lmaktan, \u00f6pmekten kendinizi asla al\u0131koymay\u0131n. \u00c7ocuklar sevgiyle b\u00fcy\u00fcr.<\/p>\n<p>Ev i\u015fleri yap\u0131l\u0131r, yemekler pi\u015fer, belki biraz uykusuz kal\u0131rs\u0131n\u0131z bununla beraber o uyuduktan sonra i\u015fler de biter, teklifler de yeti\u015fir.<br \/>\nL\u00fctfen bu g\u00fcnleri yakalay\u0131n, \u00e7ocuklar b\u00fcy\u00fcy\u00fcp evden ayr\u0131ld\u0131\u011f\u0131nda ke\u015fke dememek i\u00e7in, bebekken g\u00f6zlerinde g\u00f6rd\u00fc\u011f\u00fcn\u00fcz sevgi \u0131\u015f\u0131\u011f\u0131n\u0131 yeti\u015fkin olduklar\u0131nda da ayn\u0131 parlakl\u0131k ile g\u00f6rmek i\u00e7in \u015fimdi kendinize s\u00f6z verin.<\/p>\n<p>Bir liste yap\u0131n asl\u0131nda zaman ay\u0131rman\u0131z gerekmeyen, katma de\u011feri olmad\u0131\u011f\u0131 halde al\u0131\u015fkanl\u0131k haline geldi\u011fi i\u00e7in zaman\u0131n\u0131z\u0131 \u00e7alan \u015feylerin bir listesini \u00e7\u0131kart\u0131n. Ve \u015fimdi y\u00fcre\u011finizde \u00e7ocu\u011funuza duydu\u011funuz o kar\u015f\u0131l\u0131ks\u0131z b\u00fcy\u00fck sevgiyi d\u00fc\u015f\u00fcn\u00fcn, o s\u0131cak g\u00fcl\u00fcmsemeyi hat\u0131rlay\u0131n ve zaman\u0131n\u0131z\u0131 \u00e7alan her \u015feyi hayat\u0131n\u0131zdan at\u0131n.<\/p>\n<p>\u0130\u015flerinizi onun uyudu\u011fu saatlere planlay\u0131n, e\u015finizden yapmak istedi\u011fi, yapmaktan keyif ald\u0131\u011f\u0131 alanlarda destek al\u0131n.<\/p>\n<p>Zaman pastan\u0131zda ka\u00e7 dilim var?<\/p>\n<p>Bak\u0131n g\u00f6rd\u00fcn\u00fcz m\u00fc? Zaman pastan\u0131z\u0131n b\u00fct\u00fcn\u00fcnde \u015fimdiden birka\u00e7 dilim serbest kald\u0131 bile, asl\u0131nda bo\u015fa giden zamanlar\u0131 buldunuz. \u015eimdi onlar\u0131n hepsini toplay\u0131n, evet toplay\u0131n g\u00fczel bir hediye paketi yap\u0131n ve \u00e7ocu\u011funuza hediye edin.<\/p>\n<p>Ben o\u011flumun verdi\u011fim hediyeyi ald\u0131\u011f\u0131nda ne kadar sevindi\u011fini g\u00f6rd\u00fcm, \u015fimdi ona s\u0131k s\u0131k \u00f6zel zamanlar hediye ediyorum, bazen sadece sar\u0131lmakla ge\u00e7en bazen bah\u00e7ede futbol oynad\u0131\u011f\u0131m\u0131z \u00e7ok \u00f6zel zamanlar. \u0130nan\u0131n insan 40 ya\u015f\u0131nda da kay kaya binebiliyor.<\/p>\n<p>O.A. Batista diyor ki; Ana ve babalar\u0131n \u00e7ocuklar\u0131na ba\u011f\u0131\u015flayabilecekleri en g\u00fczel miras, g\u00fcnl\u00fck zamanlar\u0131ndan bir ka\u00e7 dakikad\u0131r.<\/p>\n<p>Sevgiyle ve \u00e7al\u0131\u015farak kal\u0131n tabi pastan\u0131zdaki dilimleri unutmadan\u2026<\/p>\n<p>Hanzade ACAR\n<\/p><\/div>","protected":false},"excerpt":{"rendered":"<p>(Bu makale HaberT\u00fcrk HT Hayat&#8217;ta yay\u0131nlanm\u0131\u015ft\u0131r.) Biliyor musun sen benim tatl\u0131ms\u0131n dedi. Sabah saat 06.20\u2026 Yapt\u0131\u011f\u0131m tek \u015fey a\u00e7\u0131\u00f6l\u00e7erini bulamad\u0131\u011f\u0131 i\u00e7in bire bir boyutta bir a\u00e7\u0131\u00f6l\u00e7eri bask\u0131 al\u0131p, kesip okul defterinin aras\u0131na yerle\u015ftirmekti. Benim i\u00e7in k\u00fc\u00e7\u00fck ve birka\u00e7 dakikada yap\u0131lan bir i\u015f onun i\u00e7in ne kadar de\u011ferli idi. \u201cSen de benim can\u0131ms\u0131n\u201d dedim. Sonra d\u00fc\u015f\u00fcnd\u00fcm [&hellip;]<\/p>","protected":false},"author":1,"featured_media":523,"parent":0,"menu_order":0,"comment_status":"closed","ping_status":"closed","template":"","meta":{"footnotes":""},"class_list":["post-448","page","type-page","status-publish","has-post-thumbnail","hentry"],"_links":{"self":[{"href":"https:\/\/onda.com.tr\/tr\/wp-json\/wp\/v2\/pages\/448"}],"collection":[{"href":"https:\/\/onda.com.tr\/tr\/wp-json\/wp\/v2\/pages"}],"about":[{"href":"https:\/\/onda.com.tr\/tr\/wp-json\/wp\/v2\/types\/page"}],"author":[{"embeddable":true,"href":"https:\/\/onda.com.tr\/tr\/wp-json\/wp\/v2\/users\/1"}],"replies":[{"embeddable":true,"href":"https:\/\/onda.com.tr\/tr\/wp-json\/wp\/v2\/comments?post=448"}],"version-history":[{"count":1,"href":"https:\/\/onda.com.tr\/tr\/wp-json\/wp\/v2\/pages\/448\/revisions"}],"predecessor-version":[{"id":449,"href":"https:\/\/onda.com.tr\/tr\/wp-json\/wp\/v2\/pages\/448\/revisions\/449"}],"wp:featuredmedia":[{"embeddable":true,"href":"https:\/\/onda.com.tr\/tr\/wp-json\/wp\/v2\/media\/523"}],"wp:attachment":[{"href":"https:\/\/onda.com.tr\/tr\/wp-json\/wp\/v2\/media?parent=448"}],"curies":[{"name":"wp","href":"https:\/\/api.w.org\/{rel}","templated":true}]}}