{"id":430,"date":"2021-02-03T11:46:39","date_gmt":"2021-02-03T11:46:39","guid":{"rendered":"http:\/\/61works.com\/onda\/?page_id=430"},"modified":"2021-02-05T09:37:23","modified_gmt":"2021-02-05T09:37:23","slug":"kuyuya-bakmayin-kisa-olan-ip","status":"publish","type":"page","link":"https:\/\/onda.com.tr\/tr\/kuyuya-bakmayin-kisa-olan-ip\/","title":{"rendered":"Kuyuya bakmay\u0131n k\u0131sa olan ip"},"content":{"rendered":"<div class=\"articles_page\">\n<h3 class=\"blue_text\">(Bu makale Garanti Bankas\u0131 Travelzone Magazine&#8217;de yay\u0131nlanm\u0131\u015ft\u0131r)<\/h3>\n<p>U\u011fruna m\u00fccadele verilen ba\u015far\u0131n\u0131n hi\u00e7bir \u015fekilde tesad\u00fcfi olmad\u0131\u011f\u0131n\u0131 biliyorsunuz. Ba\u015far\u0131n\u0131n \u00e7al\u0131\u015farak kazan\u0131laca\u011f\u0131na dair duydu\u011funuz inanc\u0131n, do\u011fru y\u00f6ntemin ve her \u015feyden \u00f6nce kendinize olan inanc\u0131n\u0131z\u0131n sizi bu noktaya getirdi\u011fini her an hat\u0131rlay\u0131n. Tad\u0131 ba\u015fka hi\u00e7bir \u015feye benzemez!<\/p>\n<p>\u00c7inliler bambu a\u011fac\u0131n\u0131 yeti\u015ftirirken \u00f6nce a\u011fac\u0131n tohumunu eker, ard\u0131ndan sular ve g\u00fcbrelerler. Birinci y\u0131l tohumda herhangi bir de\u011fi\u015fiklik olmaz. Tohum yeniden sulan\u0131r ve g\u00fcbrelenir. Bambu a\u011fac\u0131 ikinci y\u0131lda da topra\u011f\u0131n d\u0131\u015f\u0131na filiz vermez. \u00dc\u00e7\u00fcnc\u00fc ve d\u00f6rd\u00fcnc\u00fc y\u0131llarda her y\u0131l yap\u0131lan i\u015flem tekrar edilerek bambu tohumu sulan\u0131r ve g\u00fcbrelenir.<\/p>\n<p>Fakat tohum bu y\u0131lda da filiz vermez. \u00c7inliler b\u00fcy\u00fck bir sab\u0131rla be\u015finci y\u0131lda da bambuya su ve g\u00fcbre vermeye devam ederler. Ve nihayet be\u015finci y\u0131l\u0131n sonlar\u0131na do\u011fru bambu ye\u015fermeye ba\u015flar ve alt\u0131 hafta gibi k\u0131sa bir s\u00fcrede boyu yakla\u015f\u0131k 27 metreye ula\u015f\u0131r. Akla gelen ilk soru, bambu a\u011fac\u0131n\u0131n boyunun 27 metreye alt\u0131 haftada m\u0131 yoksa be\u015f y\u0131lda m\u0131 ula\u015ft\u0131\u011f\u0131d\u0131r. Cevab\u0131, hi\u00e7 \u015f\u00fcphesiz be\u015f y\u0131l. Asl\u0131nda ba\u015far\u0131n\u0131n \u015fartlar\u0131 olduk\u00e7a basit; \u00e7al\u0131\u015fmak, sabretmek, inanmak, geri d\u00f6nmemek ve vazge\u00e7memek. B\u00fcy\u00fck bir sab\u0131rla ve \u0131srarla tohum be\u015f y\u0131l s\u00fcresince sulan\u0131p g\u00fcbrelenmeseydi, a\u011fac\u0131n b\u00fcy\u00fcmesinden, hatta var olmas\u0131ndan da s\u00f6z edemezdik&#8230;<\/p>\n<p>Ba\u015far\u0131 ve olu\u015fum s\u00fcrecinde hi\u00e7bir \u015fey g\u00f6r\u00fcnd\u00fc\u011f\u00fc gibi de\u011fildir. Bir kilo bal; 30 bin ar\u0131, 6 milyon \u00e7i\u00e7ek, 20 bin km. u\u00e7u\u015f demektir.<\/p>\n<p>B\u00fcy\u00fck ba\u015far\u0131lar elde etmek i\u00e7in ar\u0131 gibi s\u00fcrekli \u00e7al\u0131\u015fmak, g\u00fcn\u00fcn her an\u0131n\u0131 de\u011ferlendirmek, sevdi\u011fimiz ve severek yapt\u0131\u011f\u0131m\u0131z i\u015flere a\u011f\u0131rl\u0131k vermek ve ula\u015fmak istedi\u011fimiz noktay\u0131 \u00e7ok net \u00e7izgilerle belirlemeyi gerektirir. T\u00fcm bu eylemleri hi\u00e7bir \u00f6nemli ayr\u0131nt\u0131y\u0131 ka\u00e7\u0131rmadan ger\u00e7ekle\u015ftirmeyi de&#8230; Bazen en b\u00fcy\u00fck ba\u015far\u0131lar\u0131n s\u0131rr\u0131 \u00e7ok k\u00fc\u00e7\u00fck ayr\u0131nt\u0131larda sakl\u0131 olabilir. \u00dcnl\u00fc bir i\u015fadam\u0131 kendisine ba\u015far\u0131n\u0131n s\u0131rr\u0131 soruldu\u011funda \u201c\u0130ki kelime\u201d demi\u015f. \u201cPeki, o iki kelime nedir efendim?\u201d diye sorulunca yan\u0131t\u0131 \u201cDo\u011fru kararlar\u201d olmu\u015f. Bu kez de, \u201cPeki do\u011fru kararlar nas\u0131l al\u0131n\u0131r?\u201d sorusuyla kar\u015f\u0131la\u015fm\u0131\u015f. \u201cBir kelimeyle\u201d demi\u015f, \u201cTecr\u00fcbe\u201d. Son bir soru demi\u015fler, \u201cBu tecr\u00fcbe nas\u0131l elde edilir?\u201d. \u201c\u0130ki kelime,\u201d demi\u015f i\u015f adam\u0131, \u201cYanl\u0131\u015f kararlar\u201d.<\/p>\n<p>\u0130\u015fte hayat\u0131m\u0131zda bizi ba\u015far\u0131ya da ba\u015far\u0131s\u0131zl\u0131\u011fa da g\u00f6t\u00fcren ald\u0131\u011f\u0131m\u0131z do\u011fru ve yanl\u0131\u015f kararlar\u0131m\u0131z. Yanl\u0131\u015f kararlar\u0131m\u0131z\u0131n da bize sonsuz katk\u0131s\u0131 olabilir. Sonuca ula\u015fmayan i\u015flerimizden y\u0131lmamal\u0131, kapanan kap\u0131lar\u0131 tekrar \u00e7almaya korkmamal\u0131, kararlar\u0131m\u0131zdan elde etti\u011fimiz tecr\u00fcbeyle, kendimize d\u00fcr\u00fcst olarak hayat\u0131m\u0131za b\u00fcy\u00fck enerji ve co\u015fku ile devam etmeliyiz. Bireysel yeteneklerimizin fark\u0131ndaysak ve i\u015f yapma iste\u011fimiz o i\u015fi severek yapma d\u00fc\u015f\u00fcncesiyle birle\u015fiyorsa, bekledi\u011fimiz f\u0131rsatlar\u0131n kap\u0131lar\u0131 a\u00e7\u0131l\u0131r.<\/p>\n<p>Ba\u015far\u0131 mutlaka ak\u0131lc\u0131 y\u00f6ntemlerle, cesaretle ve do\u011fru ara\u00e7larla ilerlenmesi gereken uzun bir s\u00fcre\u00e7tir, ancak bir \u00c7in atas\u00f6z\u00fcn\u00fcn dedi\u011fi gibi, \u201c\u00c7ok derin olan kuyu de\u011fil, \u00e7ok k\u0131sa olan iptir.\u201d<\/p>\n<p>\u0130lham verenler&#8230;<br \/>\nAra\u015ft\u0131ran, \u00f6\u011frenen ve cesaretle yola \u00e7\u0131kanlar gen\u00e7 ya\u015flar\u0131na ra\u011fmen gelece\u011fe damgalar\u0131n\u0131 vurdu&#8230; B\u00fcy\u00fck d\u00fc\u015f\u00fcnenler, potansiyel ve hedef aras\u0131ndaki ili\u015fkiyi do\u011fru kurgulayanlar, sadakat, g\u00fcven ve hak etme kavramlar\u0131n\u0131 ba\u015far\u0131lar\u0131na ortak edenler, t\u00fcm ku\u015faklar taraf\u0131ndan tan\u0131nd\u0131. Sergey Brin, Larry Page ile Google\u2019\u0131 24 ya\u015f\u0131nda kurdu. Microsoft do\u011fdu\u011funda Bill Gates 20 ya\u015f\u0131ndayd\u0131. Bug\u00fcn iPod\u2019u hayat\u0131m\u0131za katan Apple\u2019\u0131n patronu Steve Jobs 21 ya\u015f\u0131nda yola \u00e7\u0131kt\u0131. Henry Ford\u2019un ba\u015far\u0131 s\u0131rlar\u0131 hepimiz taraf\u0131ndan okundu. Thomas Edison\u2019un ilkeleri herkes taraf\u0131ndan anla\u015f\u0131ld\u0131.<br \/>\nSak\u0131p Sabanc\u0131\u2019ya g\u00f6re ba\u015far\u0131n\u0131n p\u00fcf noktalar\u0131 derslere konu oldu.<\/p>\n<p>Mehmet Acar\n<\/p><\/div>","protected":false},"excerpt":{"rendered":"<p>(Bu makale Garanti Bankas\u0131 Travelzone Magazine&#8217;de yay\u0131nlanm\u0131\u015ft\u0131r) U\u011fruna m\u00fccadele verilen ba\u015far\u0131n\u0131n hi\u00e7bir \u015fekilde tesad\u00fcfi olmad\u0131\u011f\u0131n\u0131 biliyorsunuz. Ba\u015far\u0131n\u0131n \u00e7al\u0131\u015farak kazan\u0131laca\u011f\u0131na dair duydu\u011funuz inanc\u0131n, do\u011fru y\u00f6ntemin ve her \u015feyden \u00f6nce kendinize olan inanc\u0131n\u0131z\u0131n sizi bu noktaya getirdi\u011fini her an hat\u0131rlay\u0131n. Tad\u0131 ba\u015fka hi\u00e7bir \u015feye benzemez! \u00c7inliler bambu a\u011fac\u0131n\u0131 yeti\u015ftirirken \u00f6nce a\u011fac\u0131n tohumunu eker, ard\u0131ndan sular ve g\u00fcbrelerler. [&hellip;]<\/p>","protected":false},"author":1,"featured_media":521,"parent":0,"menu_order":0,"comment_status":"closed","ping_status":"closed","template":"","meta":{"footnotes":""},"class_list":["post-430","page","type-page","status-publish","has-post-thumbnail","hentry"],"_links":{"self":[{"href":"https:\/\/onda.com.tr\/tr\/wp-json\/wp\/v2\/pages\/430"}],"collection":[{"href":"https:\/\/onda.com.tr\/tr\/wp-json\/wp\/v2\/pages"}],"about":[{"href":"https:\/\/onda.com.tr\/tr\/wp-json\/wp\/v2\/types\/page"}],"author":[{"embeddable":true,"href":"https:\/\/onda.com.tr\/tr\/wp-json\/wp\/v2\/users\/1"}],"replies":[{"embeddable":true,"href":"https:\/\/onda.com.tr\/tr\/wp-json\/wp\/v2\/comments?post=430"}],"version-history":[{"count":2,"href":"https:\/\/onda.com.tr\/tr\/wp-json\/wp\/v2\/pages\/430\/revisions"}],"predecessor-version":[{"id":520,"href":"https:\/\/onda.com.tr\/tr\/wp-json\/wp\/v2\/pages\/430\/revisions\/520"}],"wp:featuredmedia":[{"embeddable":true,"href":"https:\/\/onda.com.tr\/tr\/wp-json\/wp\/v2\/media\/521"}],"wp:attachment":[{"href":"https:\/\/onda.com.tr\/tr\/wp-json\/wp\/v2\/media?parent=430"}],"curies":[{"name":"wp","href":"https:\/\/api.w.org\/{rel}","templated":true}]}}