{"id":426,"date":"2021-02-03T11:42:50","date_gmt":"2021-02-03T11:42:50","guid":{"rendered":"http:\/\/61works.com\/onda\/?page_id=426"},"modified":"2021-02-03T13:24:54","modified_gmt":"2021-02-03T13:24:54","slug":"kulkedisi-pamuk-prenses-derken","status":"publish","type":"page","link":"https:\/\/onda.com.tr\/tr\/kulkedisi-pamuk-prenses-derken\/","title":{"rendered":"K\u00fclkedisi, Pamuk Prenses derken"},"content":{"rendered":"<div class=\"articles_page\">\n<h3 class=\"blue_text\">(Bu makale HaberT\u00fcrk HT Hayat&#8217;ta yay\u0131nlanm\u0131\u015ft\u0131r.)<\/h3>\n<p>Biz kad\u0131nlar her zaman birbirimize destek olmam\u0131z gerekti\u011fini ifade ediyoruz.<\/p>\n<p>\u0130\u015f d\u00fcnyas\u0131nda kad\u0131nlar\u0131n daha aktif yer almas\u0131 gerekti\u011fini savunuyoruz.<\/p>\n<p>Y\u00f6netim kurullar\u0131nda mutlaka kad\u0131n y\u00f6neticiler bulunsun diyoruz. Peki, birbirimizi hayat\u0131n her alan\u0131nda ger\u00e7ekten de savundu\u011fumuz gibi destekliyor muyuz? Hi\u00e7 zannetmiyorum ve hatta biliyorum.<\/p>\n<p>Bekledi\u011finiz i\u015f f\u0131rsat\u0131\u2026<\/p>\n<p>Uzun zamand\u0131r bekledi\u011finiz bir i\u015f f\u0131rsat\u0131 kar\u015f\u0131n\u0131za \u00e7\u0131kt\u0131; y\u0131llard\u0131r hayalini kurdu\u011funuz giri\u015fimde bulundunuz; anne oldunuz, terfi ettiniz, akl\u0131n\u0131za harika bir proje fikri geldi.<\/p>\n<p>T\u00fcm bu s\u00fcre\u00e7lerde \u00e7ekindi\u011finiz, fikirlerinizi a\u00e7\u0131klamakta teredd\u00fct etti\u011finiz, izin almak \u00fczere odas\u0131na do\u011fru ilerlerken omuzlar\u0131n\u0131za \u00e7uval dolusu a\u011f\u0131rl\u0131klar bindi\u011fini hissetti\u011finiz hatta g\u00fczel giyinmeye sa\u00e7\u0131n\u0131z\u0131 yapt\u0131rmaya korktu\u011funuz bir kad\u0131n y\u00f6neticiniz oldu mu?<br \/>\nBu hafta ald\u0131\u011f\u0131m e-maillerde bu konuda yazmam\u0131 isteyen pek \u00e7ok \u00e7al\u0131\u015fan kad\u0131n vard\u0131 ben de bu haftaki yaz\u0131mda bu konuya de\u011finmek istedim.<\/p>\n<p>\u00c7ok eski d\u00f6nemlerden g\u00fcn\u00fcm\u00fcze; tarihten, spora, plastik sanatlardan, beyaz perdeye, kom\u015fudan, kuaf\u00f6re, departman arkada\u015flar\u0131ndan, y\u00f6neticilere ya\u015fanan rekabet kad\u0131n olman\u0131n \u00f6zelli\u011fi ve g\u00fczelli\u011finin yan\u0131 s\u0131ra zorlu\u011funu da ya\u015fatmakta\u2026<\/p>\n<p>\u015eeytan ger\u00e7ekten Prada giyer mi?<\/p>\n<p>Daha \u00e7ocukken asl\u0131nda zihnimize yerle\u015fmeye ba\u015flayan bu yar\u0131\u015f yeti\u015fkinli\u011fimizde de t\u00fcm h\u0131z\u0131yla s\u00fcr\u00fcyor. Pamuk Prenses ve Yedi C\u00fcceler\u2019i dinlerken, k\u00f6t\u00fc kalpli krali\u00e7e ile zavall\u0131 iyi niyetli Pamuk Prenses aras\u0131nda ya\u015fananlar, iyi niyetli K\u00fclkedisinin sadece bir baloya gidebilmek i\u00e7in k\u00f6t\u00fc kalpli \u00fcvey anne ve k\u0131z karde\u015flerden \u00e7ektikleri biz b\u00fcy\u00fcd\u00fck\u00e7e de\u011fi\u015fime u\u011frayarak farkl\u0131 senaryo ve sahnelerde s\u00fcrer.<\/p>\n<p>Beyaz perdeye ge\u00e7ti\u011fimizde ne olur? Tabi ki &#8220;\u015eeytan Prada Giyer!&#8221;<\/p>\n<p>\u00dcrkek ve heyecanl\u0131 asistan her g\u00fcn t\u00fcrl\u00fc dayan\u0131kl\u0131l\u0131k testine tabi tutulur. Pes etti\u011fi g\u00fcnlerden sonra yine kad\u0131n zek\u00e2s\u0131 ile \u00e7\u00f6z\u00fcm\u00fc de yine kendi bulur.<\/p>\n<p>Masallarda ve filmlerde okudu\u011fumuz, izledi\u011fimiz bu senaryolar asl\u0131nda hayat\u0131n ta kendisidir. Bu senaryoda iki ba\u015frol vard\u0131r. Birisi iyi niyetli, \u00e7al\u0131\u015fkan, tek d\u00fc\u015f\u00fcncesi i\u015fini en g\u00fczel \u015fekilde yapmak ve eme\u011finin kar\u015f\u0131l\u0131\u011f\u0131n\u0131 almak olan kad\u0131n oyuncudur. O i\u015f \u00e7\u0131k\u0131\u015f\u0131nda ve hafta sonlar\u0131nda ailesi veya arkada\u015flar\u0131 ile kaliteli ve keyifli zaman ge\u00e7irmek ister. \u015e\u0131k ve temiz giyinir bununla beraber bu \u015f\u0131kl\u0131\u011f\u0131n\u0131 ekonomik bir \u00e7er\u00e7evede olu\u015fturabilme yetkinli\u011fine sahiptir. \u0130yi niyetli kad\u0131n oyuncumuz giri\u015fimci ise y\u0131lmadan \u00e7al\u0131\u015f\u0131p i\u015fini ve kendini ayakta tutmak i\u00e7in u\u011fra\u015fan, i\u015f \u00fcreten, kendi kendi ile yar\u0131\u015fan ki\u015fidir.<\/p>\n<p>Otuz iki di\u015ften \u00e7\u0131kan otuz iki mahalleye yay\u0131l\u0131r m\u0131?<\/p>\n<p>Di\u011fer oyuncumuz ise s\u00fcrekli gergindir, di\u011fer kad\u0131n oyuncuya zaman zaman \u00e7ok yak\u0131n zaman zaman ise uzakt\u0131r.<br \/>\nKendisinden ba\u015fka birinin \u00f6n planda olmas\u0131na, proje \u00fcretmesine, takdir g\u00f6rmesine tahamm\u00fcl\u00fc yoktur. Genellikle marka odakl\u0131 al\u0131\u015fveri\u015f yapar, bununla beraber di\u011fer kad\u0131n oyuncu \u00e7uval giyse ona batar.<br \/>\nO hep ba\u015fkalar\u0131 ile yar\u0131\u015f\u0131r, bir T\u00fcrk atas\u00f6z\u00fcnde s\u00f6ylendi\u011fi gibi onun otuz iki di\u015finden \u00e7\u0131kan otuz iki mahalleye yay\u0131l\u0131r. \u00c7\u00fcnk\u00fc i\u015f \u00fcretmekten \u00e7ok s\u00f6z \u00fcretir. Onun topuk sesleri her Pazartesi sabah\u0131 koridorlarda yank\u0131lan\u0131rken hafta adrenalin ile ba\u015flar.<br \/>\nGiri\u015fimci iyi niyetli kad\u0131n oyuncunun \u00e7evresinde de vard\u0131r bu topuk sesleri\u2026<br \/>\nOnlar hep giri\u015fimcilere \u00f6nce yakla\u015f\u0131rlar, onlar\u0131n \u015femsiyesinin alt\u0131nda y\u00fcr\u00fcmek isterler, asl\u0131nda ama\u00e7lar\u0131 bilgi kapmak ve sonra ayn\u0131 giri\u015fimin lansman\u0131n\u0131 kendileri yapmakt\u0131r. Bilgi transferi ger\u00e7ekle\u015ftik\u00e7e uzakla\u015f\u0131rlar, tav\u0131rlar\u0131 farkl\u0131la\u015f\u0131r. \u0130\u015fte hayat bize \u00e7al\u0131\u015fan kad\u0131nlar olarak bu senaryoyu mutlak ya\u015fat\u0131r.<br \/>\nKad\u0131nlar\u0131n rekabeti mi? Erkeklerin rekabeti mi?<br \/>\nNorthumbria \u00dcniversitesi\u2019nde yap\u0131lan bir ara\u015ft\u0131rmaya g\u00f6re \u00f6zellikle \u00e7al\u0131\u015fan kad\u0131nlar, i\u015f yeri ortam\u0131nda birer kad\u0131n d\u00fc\u015fman\u0131na d\u00f6n\u00fc\u015f\u00fcyor ve hemcinslerine tamamen s\u0131rt \u00e7eviriyor.<br \/>\nPsikoterapist Susie Orbach da kad\u0131nlar\u0131n rekabetinin d\u00fcnyan\u0131n her yerinde bu kadar k\u0131ya s\u0131ya ya\u015fanmas\u0131n\u0131 \u015f\u00f6yle a\u00e7\u0131kl\u0131yor: \u201cRekabet erke\u011fin do\u011fas\u0131nda var. Yar\u0131\u015fmalar\u0131 normal kar\u015f\u0131lan\u0131yor. Kad\u0131nlar ise rekabet ortam\u0131nda kendilerini hemcinslerinin ihanetine u\u011fram\u0131\u015f gibi hissediyor ve daha duygusal tepkiler veriyorlar. Bu y\u00fczden kad\u0131nlar\u0131n rekabeti erkeklerinkinden daha \u00e7ok g\u00f6ze bat\u0131yor.\u201d<br \/>\nH\u00fcrrem Sultan\u2019dan, Kleopatra\u2019ya\u2026<br \/>\nDedi\u011fim gibi bu rekabet y\u0131llard\u0131r d\u00fcnyan\u0131n her yerinde ya\u015fanmakta ve ya\u015fanmaya devam edecek; H\u00fcrrem Sultan\u2019dan, Kleopatra\u2019ya; Eva Peron\u2019dan Krali\u00e7e Victoria\u2019ya; Safiye Sultan\u2019dan Madonna\u2019ya; Jeanned\u2019Arc\u2019tan\u0130ndira Gandi\u2019ye kadar tarihe damgas\u0131n\u0131 vuran bu g\u00fc\u00e7l\u00fc kad\u0131nlar kim bilir kimlerle, hangi hemcinsleri ile rekabet ederek iz b\u0131rakt\u0131lar.<br \/>\nRekabet tabi ki olmal\u0131d\u0131r, hakl\u0131 oldu\u011fu ve etik de\u011ferlere zarar vermedi\u011fi s\u00fcrece\u2026<br \/>\nKatie\u2019mi? Victoria\u2019m\u0131?<br \/>\nBir d\u00f6nem yedikleri i\u00e7tikleri ayr\u0131 gitmezken k\u0131skan\u00e7l\u0131k y\u00fcz\u00fcnden uzun s\u00fcredir birbirleriyle g\u00f6r\u00fc\u015fmeyen ABD\u2019li oyuncu KatieHolmes ve modac\u0131 Victoria Beckham\u2019da sonunda birbirine rakip oldu. Moda d\u00fcnyas\u0131 merakla bu ikilinin ayn\u0131 g\u00fcn ayn\u0131 mek\u00e2nda ger\u00e7ekle\u015ftirecekleri defileyi bekliyor. \u0130pler 9 Eyl\u00fcl haftas\u0131 New York K\u00fct\u00fcphanesinde kopacak.<br \/>\nSiz de ya\u015famad\u0131n\u0131z m\u0131 en yak\u0131n arkada\u015f\u0131n\u0131zla en b\u00fcy\u00fck rakip konumuna ge\u00e7ti\u011finizi, sizin cephenizde de yar\u0131\u015f, taklit, gizli ajanda durumlar\u0131 ya\u015fanarak o \u00e7ok sa\u011flam g\u00f6r\u00fcnen iplerin koptu\u011funu\u2026<br \/>\nVerecek y\u00fczlerce \u00f6rnek, anlatacak bir dolu vaka var. Bununla birlikte sat\u0131rlar yetmez.<br \/>\nNe yapmal\u0131y\u0131z?<br \/>\n\u00d6nce kendimiz olmal\u0131y\u0131z, bu topuk sesleri ile m\u00fccadele etmek yerine kendi yaratt\u0131\u011f\u0131m\u0131z de\u011ferler ile kendimiz i\u00e7in en do\u011fru oldu\u011funa inand\u0131\u011f\u0131m\u0131z ortamda var olmal\u0131y\u0131z. Kar\u015f\u0131m\u0131zdaki ki\u015fiyi de\u011fi\u015ftirmek m\u00fcmk\u00fcn de\u011fil, geli\u015ftirmek evet m\u00fcmk\u00fcn tabi kendisi istiyorsa\u2026<br \/>\n\u0130leti\u015fimin g\u00fcc\u00fcn\u00fc kullanmal\u0131 ve de\u011ferlerimiz ile \u00f6rnek davran\u0131\u015flar sergilemeliyiz.<\/p>\n<p>K\u00f6stek olmak yerine destek olmal\u0131, birbirimizin ba\u015far\u0131lar\u0131ndan mutluluk duyarak alk\u0131\u015flamal\u0131 ve kad\u0131n olarak ya\u015fad\u0131\u011f\u0131m\u0131z d\u00fcnyaya fayda sa\u011flamal\u0131y\u0131z.<\/p>\n<p>\u201cMutlu ya da mutsuz olman\u0131z k\u00fc\u00e7\u00fck bir \u015feye ba\u011fl\u0131d\u0131r. D\u00fc\u015f\u00fcnce bi\u00e7iminize\u2026\u201d (MarcusAurelius)<\/p>\n<p>Sevgiyle ve \u00e7al\u0131\u015farak kal\u0131n\u2026<\/p>\n<p>Hanzade ACAR\n<\/p><\/div>","protected":false},"excerpt":{"rendered":"<p>(Bu makale HaberT\u00fcrk HT Hayat&#8217;ta yay\u0131nlanm\u0131\u015ft\u0131r.) Biz kad\u0131nlar her zaman birbirimize destek olmam\u0131z gerekti\u011fini ifade ediyoruz. \u0130\u015f d\u00fcnyas\u0131nda kad\u0131nlar\u0131n daha aktif yer almas\u0131 gerekti\u011fini savunuyoruz. Y\u00f6netim kurullar\u0131nda mutlaka kad\u0131n y\u00f6neticiler bulunsun diyoruz. Peki, birbirimizi hayat\u0131n her alan\u0131nda ger\u00e7ekten de savundu\u011fumuz gibi destekliyor muyuz? Hi\u00e7 zannetmiyorum ve hatta biliyorum. Bekledi\u011finiz i\u015f f\u0131rsat\u0131\u2026 Uzun zamand\u0131r bekledi\u011finiz bir [&hellip;]<\/p>","protected":false},"author":1,"featured_media":488,"parent":0,"menu_order":0,"comment_status":"closed","ping_status":"closed","template":"","meta":{"footnotes":""},"class_list":["post-426","page","type-page","status-publish","has-post-thumbnail","hentry"],"_links":{"self":[{"href":"https:\/\/onda.com.tr\/tr\/wp-json\/wp\/v2\/pages\/426"}],"collection":[{"href":"https:\/\/onda.com.tr\/tr\/wp-json\/wp\/v2\/pages"}],"about":[{"href":"https:\/\/onda.com.tr\/tr\/wp-json\/wp\/v2\/types\/page"}],"author":[{"embeddable":true,"href":"https:\/\/onda.com.tr\/tr\/wp-json\/wp\/v2\/users\/1"}],"replies":[{"embeddable":true,"href":"https:\/\/onda.com.tr\/tr\/wp-json\/wp\/v2\/comments?post=426"}],"version-history":[{"count":1,"href":"https:\/\/onda.com.tr\/tr\/wp-json\/wp\/v2\/pages\/426\/revisions"}],"predecessor-version":[{"id":427,"href":"https:\/\/onda.com.tr\/tr\/wp-json\/wp\/v2\/pages\/426\/revisions\/427"}],"wp:featuredmedia":[{"embeddable":true,"href":"https:\/\/onda.com.tr\/tr\/wp-json\/wp\/v2\/media\/488"}],"wp:attachment":[{"href":"https:\/\/onda.com.tr\/tr\/wp-json\/wp\/v2\/media?parent=426"}],"curies":[{"name":"wp","href":"https:\/\/api.w.org\/{rel}","templated":true}]}}