{"id":422,"date":"2021-02-03T11:40:09","date_gmt":"2021-02-03T11:40:09","guid":{"rendered":"http:\/\/61works.com\/onda\/?page_id=422"},"modified":"2021-02-05T09:36:25","modified_gmt":"2021-02-05T09:36:25","slug":"keser-mi-rende-mi-testere-mi","status":"publish","type":"page","link":"https:\/\/onda.com.tr\/tr\/keser-mi-rende-mi-testere-mi\/","title":{"rendered":"Keser mi, rende mi, testere mi?"},"content":{"rendered":"<div class=\"articles_page\">\n<h3 class=\"blue_text\">(Bu makale HaberT\u00fcrk HT Hayat&#8217;ta yay\u0131nlanm\u0131\u015ft\u0131r.)<\/h3>\n<p>\u0130leti\u015fim hepimizin hayat\u0131n\u0131n kilit ta\u015f\u0131\u2026<br \/>\nKilit ta\u015f\u0131n\u0131n mimaride \u00f6nemi b\u00fcy\u00fckt\u00fcr.<br \/>\nRestorasyon okudu\u011fum y\u0131llarda tan\u0131\u015ft\u0131\u011f\u0131m bu kavram, bu ta\u015f\u0131n yerini ve \u00f6nemini merak ederek ara\u015ft\u0131rmama sebep oldu. Kilit ta\u015f\u0131 ta\u015ftan yap\u0131lm\u0131\u015f kemer ve k\u00f6pr\u00fclerde, kavisin en \u00fcst taraf\u0131nda yer alan, e\u015fkenar yamuk veya \u00fc\u00e7gene benzeyen ta\u015ft\u0131r.<\/p>\n<p>Kilit ta\u015f\u0131n\u0131z sa\u011flam m\u0131?<\/p>\n<p>Kemer; ta\u015flar\u0131n\u0131n en b\u00fcy\u00fc\u011f\u00fc ve en \u00f6nemlisidir. Yap\u0131n\u0131n dengede kalmas\u0131n\u0131 sa\u011flar, bir nevi yap\u0131y\u0131 kilitler.<\/p>\n<p>Kilit ta\u015f\u0131n\u0131 yerinden \u00e7ekmek yap\u0131n\u0131n \u00e7\u00f6kmesine neden olur.<\/p>\n<p>Ayn\u0131 ileti\u015fimin dengelerinin bozulmas\u0131n\u0131n hayat\u0131m\u0131zda meydana getirece\u011fi etki ve de\u011fi\u015fiklikler gibi\u2026<\/p>\n<p>G\u00fcn\u00fcm\u00fczde, kilit ta\u015f\u0131 ayn\u0131 zamanda b\u00fcy\u00fck bir yap\u0131n\u0131n temel ta\u015f\u0131y\u0131c\u0131 eleman\u0131na da denir. Ayn\u0131 hayat\u0131m\u0131z\u0131n temel ta\u015f\u0131y\u0131c\u0131s\u0131n\u0131n ileti\u015fim olmas\u0131 gibi\u2026<\/p>\n<p>\u0130leti\u015fim kodlar\u0131n\u0131 analiz etmek\u2026<\/p>\n<p>\u0130leti\u015fim asl\u0131nda ki\u015filer aras\u0131ndaki mesaj al\u0131\u015fveri\u015fidir, her zaman s\u00f6yledi\u011fimiz gibi ileti\u015fimi ba\u015flatan ileti\u015fimin sorumlulu\u011funu ta\u015f\u0131r. Aktard\u0131\u011f\u0131m\u0131z veya payla\u015ft\u0131\u011f\u0131m\u0131z konular kar\u015f\u0131m\u0131zdaki ki\u015fi taraf\u0131ndan anla\u015f\u0131lm\u0131yorsa, biz kar\u015f\u0131m\u0131zdaki ki\u015finin ileti\u015fim kodlar\u0131n\u0131 \u00e7ok iyi analiz edememi\u015fiz demektir.<br \/>\nBa\u015fka bir deyi\u015fle, ileti\u015fimi ba\u015flatan kar\u015f\u0131 taraf\u0131n k\u00fclt\u00fcr ve de\u011ferlerini anlayarak ileti\u015fim kurmak durumundad\u0131r.<br \/>\n\u0130leti\u015fimde niyetimiz ile etkimiz her zaman ayn\u0131 olmayabilir ve burada \u00f6nemli olan nokta kar\u015f\u0131m\u0131zdaki ki\u015fi ve ki\u015filerin ne alg\u0131lad\u0131\u011f\u0131d\u0131r.<\/p>\n<p>Mutlaka kendinizi ifade etmek isteyip edemedi\u011finiz, yanl\u0131\u015f anla\u015f\u0131ld\u0131\u011f\u0131n\u0131z\u0131 ya da hi\u00e7 anla\u015f\u0131lmad\u0131\u011f\u0131n\u0131z\u0131 d\u00fc\u015f\u00fcnd\u00fc\u011f\u00fcn\u00fcz anlar olmu\u015ftur.<\/p>\n<p>\u00d6zellikle dinlemekten \u00e7ok anlatmay\u0131 seven toplumumuzda ya\u015fanan en b\u00fcy\u00fck ileti\u015fim kazalar\u0131ndan biri dinlenmeden su\u00e7lanmak ve kendinizi savunmak zorunda kalmakt\u0131r.<br \/>\nOysaki yapmak \u00fcretmek istedi\u011finiz i\u015fler vard\u0131r, o g\u00fcn hayata g\u00fcl\u00fcmseyerek uyanm\u0131\u015fs\u0131n\u0131zd\u0131r, motivasyonunuz y\u00fckseklerdedir ve p\u0131r\u0131l p\u0131r\u0131l bir g\u00fcne merhaba dersiniz.<br \/>\n\u0130\u015fte o anda film sahnelerinde camlar\u0131 a\u00e7an, elektrikleri yak\u0131p s\u00f6nd\u00fcren bir u\u011fultu ile odan\u0131za giren r\u00fczg\u00e2r kilit ta\u015f\u0131n\u0131z\u0131 yerinden oynat\u0131r.<br \/>\nBu gibi anlarda sakinli\u011finizi korumal\u0131, ileti\u015fim tarz\u0131n\u0131z\u0131 her zaman oldu\u011fu gibi uygulamal\u0131 ve ileti\u015fimin d\u00f6rt a\u015famal\u0131 bir s\u00fcre\u00e7 oldu\u011funu hat\u0131rlamal\u0131s\u0131n\u0131z.<\/p>\n<p>Anlamak ile ba\u015flayan, anlatabilmek ile s\u00fcren, anla\u015f\u0131lmak ile yol alan ve anla\u015fabilmek ile meyvesini veren bir s\u00fcre\u00e7\u2026<br \/>\nAnla\u015fabildi\u011fimiz noktaya geliyorsak ne mutlu bize. Tabi ki bu s\u00fcre\u00e7 tek tarafl\u0131 ilerlenen bir yol de\u011fildir, bu meyveleri alabilmek i\u00e7in bu s\u00fcrecin i\u00e7inde yer alan herkesin ayn\u0131 eme\u011fi vermesi gerekir.<\/p>\n<p>Emek olmadan yemek olmaz s\u00f6z\u00fcn\u00fc \u00e7ok severim, hayatta her \u015fey iyi niyetle verilen emek sonucu ortaya \u00e7\u0131kar.<\/p>\n<p>\u0130leti\u015fimde de kilit ta\u015f\u0131m\u0131z ne kadar kuvvetli ve yerine ne kadar sa\u011flam yerle\u015fmi\u015f ise ileti\u015fim o kadar olumlu, de\u011fer katan, s\u00fcrekli ve sa\u011flam bir s\u00fcre\u00e7 olur hayat\u0131m\u0131zda.<\/p>\n<p>Ne s\u00f6yledi\u011fimiz mi, nas\u0131l s\u00f6yledi\u011fimiz mi?<\/p>\n<p>Her zaman ifade etti\u011fimiz gibi \u201cne s\u00f6yledi\u011fimizden\u201d daha \u00e7ok, \u201cnas\u0131l s\u00f6yledi\u011fimiz\u201d \u00f6nemlidir&#8230;<\/p>\n<p>\u00c7inliler diyorlar ki ; \u201cSo\u011fuk \u00e7ay ve pilav\u0131 kabul edebiliriz ama as\u0131k suratl\u0131l\u0131\u011f\u0131 asla\u201d<\/p>\n<p>L\u00fctfen s\u00f6ylemek istedi\u011finiz \u015feyi enine boyuna de\u011ferlendirin.<\/p>\n<p>\u00c7ok kritik konular tatl\u0131 dil ve olumlu tav\u0131r ile son derece kolayl\u0131kla \u00e7\u00f6z\u00fcme kavu\u015fabilir. Olumlu ifadeler zihinlerde olumlu \u00e7a\u011fr\u0131\u015f\u0131mlar yapaca\u011f\u0131ndan bize enerji verir.<\/p>\n<p>B\u00f6ylece duygusall\u0131\u011f\u0131n etkisi ile i\u00e7imize kapanmak, \u00e7at\u0131\u015fma ya\u015famak, kendimizi savunmak yerine \u00e7\u00f6z\u00fcme odaklan\u0131r ve olumlu ad\u0131mlar atar\u0131z. Alg\u0131lar\u0131 da mutlaka dikkate almal\u0131 ve ileti\u015fim s\u00fcrecimizin ba\u015fkahramanlar\u0131ndan biri olarak d\u00fc\u015f\u00fcnmelisiniz.<br \/>\nBurada da hat\u0131rlamam\u0131z gereken \u00f6nemli bir detay; ayn\u0131 \u015feyi farkl\u0131 ki\u015filer farkl\u0131 alg\u0131larlar ve ileti\u015fim kar\u015f\u0131m\u0131zdakinin farkl\u0131 oldu\u011funu kabul etmekle ba\u015flar.<\/p>\n<p>Hayat\u0131m\u0131zda \u00e7at\u0131\u015fmalar\u0131 y\u00f6netmek durumunda kald\u0131\u011f\u0131m\u0131z anlar da ya\u015f\u0131yoruz, b\u00f6yle anlarda kar\u015f\u0131n\u0131zdaki ki\u015fiyi anlad\u0131\u011f\u0131n\u0131z\u0131 y\u00fcksek sesle ifade edin, unutmay\u0131n anlad\u0131\u011f\u0131n\u0131z\u0131 s\u00f6ylemeniz kabul etti\u011finiz anlam\u0131na gelmez.<br \/>\nBu ifade ileti\u015fim s\u00fcrecinizi \u00e7at\u0131\u015fmadan uzak tutmak i\u00e7in uygulayaca\u011f\u0131n\u0131z bir y\u00f6ntem olmal\u0131d\u0131r. Sakin ve olumlu bir tutum ile konuyu anlat\u0131n. Ve empati kurun. Kilit ta\u015f\u0131m\u0131z\u0131n yerine oturmas\u0131n\u0131 sa\u011flayan en \u00f6nemli itici g\u00fc\u00e7 empatidir.<br \/>\nEmpati kendimizi bir di\u011fer ki\u015finin yerine koyup, onun gibi hissedebilmek ve d\u00fc\u015f\u00fcnebilmektir.<\/p>\n<p>Empatide \u00fc\u00e7 &#8220;O&#8221; nedir?<\/p>\n<p>Empatinin \u00fc\u00e7 \u00f6nemli a\u015famas\u0131 vard\u0131r, \u00f6nce g\u00f6zlemleme sonucunda \u201co\u201dnun gibi bakabilmek, sonra \u201co\u201dnun gibi hissetmek ve d\u00fc\u015f\u00fcnebilmek, son olarak da \u2018o\u2019na bunu ifade edebilmek&#8230;<\/p>\n<p>O zaman bu hafta ileti\u015fim s\u00fcre\u00e7lerimizi y\u00f6netirken \u00fc\u00e7 &#8220;O&#8221;yu unutmuyoruz ve bizim kilit ta\u015f\u0131m\u0131z nas\u0131l daha sa\u011flam yerine yerle\u015fir, etkili bir ileti\u015fim i\u00e7in neler yapmal\u0131y\u0131z d\u00fc\u015f\u00fcn\u00fcyoruz\u2026<\/p>\n<p>Olma keser gibi hep bana, olma rende gibi hep sana, ol testere gibi bir sana bir bana!<\/p>\n<p>Sevgiyle ve \u00e7al\u0131\u015farak kal\u0131n\u2026<\/p>\n<p>Hanzade ACAR\n<\/p><\/div>","protected":false},"excerpt":{"rendered":"<p>(Bu makale HaberT\u00fcrk HT Hayat&#8217;ta yay\u0131nlanm\u0131\u015ft\u0131r.) \u0130leti\u015fim hepimizin hayat\u0131n\u0131n kilit ta\u015f\u0131\u2026 Kilit ta\u015f\u0131n\u0131n mimaride \u00f6nemi b\u00fcy\u00fckt\u00fcr. Restorasyon okudu\u011fum y\u0131llarda tan\u0131\u015ft\u0131\u011f\u0131m bu kavram, bu ta\u015f\u0131n yerini ve \u00f6nemini merak ederek ara\u015ft\u0131rmama sebep oldu. Kilit ta\u015f\u0131 ta\u015ftan yap\u0131lm\u0131\u015f kemer ve k\u00f6pr\u00fclerde, kavisin en \u00fcst taraf\u0131nda yer alan, e\u015fkenar yamuk veya \u00fc\u00e7gene benzeyen ta\u015ft\u0131r. Kilit ta\u015f\u0131n\u0131z sa\u011flam m\u0131? [&hellip;]<\/p>","protected":false},"author":1,"featured_media":519,"parent":0,"menu_order":0,"comment_status":"closed","ping_status":"closed","template":"","meta":{"footnotes":""},"class_list":["post-422","page","type-page","status-publish","has-post-thumbnail","hentry"],"_links":{"self":[{"href":"https:\/\/onda.com.tr\/tr\/wp-json\/wp\/v2\/pages\/422"}],"collection":[{"href":"https:\/\/onda.com.tr\/tr\/wp-json\/wp\/v2\/pages"}],"about":[{"href":"https:\/\/onda.com.tr\/tr\/wp-json\/wp\/v2\/types\/page"}],"author":[{"embeddable":true,"href":"https:\/\/onda.com.tr\/tr\/wp-json\/wp\/v2\/users\/1"}],"replies":[{"embeddable":true,"href":"https:\/\/onda.com.tr\/tr\/wp-json\/wp\/v2\/comments?post=422"}],"version-history":[{"count":1,"href":"https:\/\/onda.com.tr\/tr\/wp-json\/wp\/v2\/pages\/422\/revisions"}],"predecessor-version":[{"id":423,"href":"https:\/\/onda.com.tr\/tr\/wp-json\/wp\/v2\/pages\/422\/revisions\/423"}],"wp:featuredmedia":[{"embeddable":true,"href":"https:\/\/onda.com.tr\/tr\/wp-json\/wp\/v2\/media\/519"}],"wp:attachment":[{"href":"https:\/\/onda.com.tr\/tr\/wp-json\/wp\/v2\/media?parent=422"}],"curies":[{"name":"wp","href":"https:\/\/api.w.org\/{rel}","templated":true}]}}