{"id":396,"date":"2021-02-03T11:19:29","date_gmt":"2021-02-03T11:19:29","guid":{"rendered":"http:\/\/61works.com\/onda\/?page_id=396"},"modified":"2021-02-03T13:18:45","modified_gmt":"2021-02-03T13:18:45","slug":"cumleler-dogrudur-sen-dogru-isen-dogruluk-bulunmaz-sen-egri-isen","status":"publish","type":"page","link":"https:\/\/onda.com.tr\/tr\/cumleler-dogrudur-sen-dogru-isen-dogruluk-bulunmaz-sen-egri-isen\/","title":{"rendered":"C\u00fcmleler do\u011frudur sen do\u011fru isen, do\u011fruluk bulunmaz sen e\u011fri isen"},"content":{"rendered":"<div class=\"articles_page\">\n<h3 class=\"blue_text\">(Bu makale HaberT\u00fcrk HT Hayat&#8217;ta yay\u0131nlanm\u0131\u015ft\u0131r.)<\/h3>\n<p>D\u00fcr\u00fcstl\u00fck ve hayatta att\u0131\u011f\u0131m\u0131z her ad\u0131mda do\u011frulu\u011fu esas almak kendimize duydu\u011fumuz sayg\u0131n\u0131n bir g\u00f6stergesi, gelecek nesillere b\u0131rakaca\u011f\u0131m\u0131z davran\u0131\u015f miras\u0131n\u0131n de\u011ferinin bir \u00f6l\u00e7\u00fct\u00fc ve hayata katt\u0131klar\u0131m\u0131z\u0131n bir yans\u0131mas\u0131d\u0131r.<\/p>\n<p>Bu kalabal\u0131k toplum i\u00e7inde &#8220;yanl\u0131\u015flar g\u00f6r\u00fclmez, fark edilmez&#8221; diye d\u00fc\u015f\u00fcnmek yan\u0131lt\u0131r, daha b\u00fcy\u00fck yanl\u0131\u015flara s\u00fcr\u00fckler. Yapt\u0131\u011f\u0131m\u0131z i\u015fte, daran\u0131\u015flar\u0131m\u0131zda, konu\u015fmalar\u0131m\u0131zda her zaman do\u011fruluk k\u0131lavuzumuz olmal\u0131. Hani hep deriz ya gece ba\u015f\u0131m\u0131z\u0131 yast\u0131\u011fa koydu\u011fumuzda g\u00f6nl\u00fcm\u00fcz rahat olmal\u0131 diye, \u00e7ok do\u011fru.<\/p>\n<p>Siz hal\u0131y\u0131 kald\u0131ranlardan m\u0131s\u0131n\u0131z?<\/p>\n<p>\u0130\u015fim nedeni ile pek \u00e7ok farkl\u0131 kurum ve kurulu\u015fta insanlar\u0131 izleme \u015fans\u0131na sahip oluyorum. Maalesef g\u00fcn\u00fcm\u00fczde de\u011ferlerin yok olmaya ba\u015flamas\u0131yla herkes eline bir s\u00fcp\u00fcrge alm\u0131\u015f fark edilmesini istemediklerini o kocaman hal\u0131n\u0131n alt\u0131na s\u00fcp\u00fcr\u00fcyor. Birileri hal\u0131y\u0131 kald\u0131rd\u0131k\u00e7a hayatta m\u00fccadele verdi\u011fimiz konular da art\u0131yor.<\/p>\n<p>Hal\u0131n\u0131n alt\u0131na s\u00fcp\u00fcrmek, \u00f6zde ve s\u00f6zde do\u011fruluktan uzakla\u015fmak toplumun temel de\u011ferlerini yitirmesine sebep oluyor. \u0130\u015fimizde, evimizde, arkada\u015fl\u0131klar\u0131m\u0131zda, \u00e7ocuklar\u0131m\u0131zla olan ileti\u015fimimizde do\u011frulu\u011fu ve d\u00fcr\u00fcstl\u00fc\u011f\u00fc kendimize tekrar tekrar hat\u0131rlatmal\u0131 ve ya\u015fam bi\u00e7imimiz haline getirmeliyiz. Hatta \u00e7evremizdeki herkes ile do\u011frulu\u011fun ve d\u00fcr\u00fcstl\u00fc\u011f\u00fcn \u00f6nemini payla\u015fmal\u0131 pek \u00e7ok ki\u015fiye ula\u015f\u0131p fark\u0131ndal\u0131k yaratmal\u0131y\u0131z. Hal\u0131n\u0131n alt\u0131na s\u00fcp\u00fcrmeyi, gizlemeyi, saklamay\u0131, \u00e7ekirge gibi z\u0131plamay\u0131 adet edinenleri de biz hayat\u0131m\u0131zdan s\u00fcp\u00fcrmeliyiz.<\/p>\n<p>Do\u011fruluk, d\u00fcr\u00fcstl\u00fck ve evrensel prensipler nelerdir?<\/p>\n<p>Yunus Emre \u00e7ok g\u00fczel s\u00f6ylemi\u015f; C\u00fcmleler do\u011frudur sen do\u011fru isen, do\u011fruluk bulunmaz sen e\u011fri isen\u2026<\/p>\n<p>Do\u011fruluk, d\u00fcr\u00fcstl\u00fck, merhamet ve ho\u015fg\u00f6r\u00fc evrensel prensiplerdir. Tarih boyunca bu konularda pek \u00e7ok hik\u00e2ye anlat\u0131lm\u0131\u015f bu evrensel prensipler dedelerden torunlara miras kalm\u0131\u015ft\u0131r. Peki, ne oldu da insanlar o eski d\u00f6nemlerde anlat\u0131lan hik\u00e2yelere konu olan y\u00fcreklerimizde iz b\u0131rakan vefa, do\u011fruluk, i\u00e7tenlik, yard\u0131mseverlik, merhamet, g\u00fcven kavramlar\u0131n\u0131 yitirmeye ba\u015flad\u0131?<\/p>\n<p>Ben \u00e7ocukken bu kavramlar k\u00fc\u00e7\u00fck ya\u015flarda de\u011ferlerimizin olu\u015fmas\u0131n\u0131 sa\u011flard\u0131. Kom\u015fuluk vard\u0131, kom\u015fumuz a\u00e7ken biz tok oturamazd\u0131k. Payla\u015f\u0131rd\u0131k sevincimizi de \u00fcz\u00fcnt\u00fcm\u00fcz\u00fc de. Ak\u015famlar\u0131 kom\u015fular\u0131n kap\u0131s\u0131n\u0131 \u00e7alard\u0131k \u201cBir maniniz yok ise annemler siz gelecek\u201d derdik. Teknoloji hen\u00fcz bacam\u0131zdan inmemi\u015fti hediyemiz olarak. \u0130nternetten tan\u0131mlara bakmaz b\u00fcy\u00fcklerimizin s\u00f6z\u00fcn\u00fc dinlerdik onlardan \u00f6\u011frenirdik. \u00d6nce do\u011fru s\u00f6ylemeyi, d\u00fcr\u00fcst olmay\u0131, b\u00fcy\u00fcklerimizi saymay\u0131 k\u00fc\u00e7\u00fcklerimizi sevmeyi \u00f6\u011frendik.<\/p>\n<p>Bunu bilir, bunu s\u00f6ylerdik\u2026<\/p>\n<p>Herkes d\u00fcr\u00fcstt\u00fc bunu bilir bunu s\u00f6ylerdik. S\u00fct\u00fc endi\u015fe etmeden mahallemizin s\u00fct\u00e7\u00fcs\u00fcnden al\u0131rd\u0131k, bakkaldan veresiye al\u0131\u015fveri\u015f yapard\u0131k bakkalda bilirdi ayba\u015f\u0131nda \u00f6deyece\u011fimizi. \u00c7o\u011funluk memurdu, \u00f6zel sekt\u00f6rde de herkes birbirine sayg\u0131l\u0131, samimi ve bir o kadar da mesafeli idi. \u00d6yle i\u015f arkada\u015flar\u0131n\u0131n projesini kendininmi\u015f gibi g\u00f6steren, bakkala borcunu \u00f6dememek i\u00e7in yolunu de\u011fi\u015ftiren, nas\u0131l olsa fark edilmez diyerek ali cengiz oyunlar\u0131 oynayanlar yoktu ya da yok denecek kadar azd\u0131. Sonra zaman ilerledi, s\u00fcte su kar\u0131\u015ft\u0131\u2026<\/p>\n<p>Kim fark eder ki?<\/p>\n<p>Bir zamanlar, kom\u015fu iki \u00fclke amans\u0131z bir rekabete tutu\u015fmu\u015ftu. \u00dclkelerden birinin halk\u0131, kar\u015f\u0131 tarafa kendi \u00fclkelerinin zenginli\u011fini kesin bir \u015fekilde g\u00f6stermek istiyordu.<\/p>\n<p>Kolay, ama etkileyici bir \u015fey yap\u0131lmal\u0131yd\u0131; bunun i\u00e7in \u015fehrin ortas\u0131na b\u00fcy\u00fck bir havuz yap\u0131lmas\u0131na karar verildi. Gece herkes bir kova s\u00fct getirecek ve bu havuza d\u00f6kecekti. Herkese bu fikir cazip gelmi\u015fti. Herkes, kararla\u015ft\u0131r\u0131lan gece g\u00f6t\u00fcrd\u00fc\u011f\u00fcn\u00fc havuza bo\u015faltt\u0131.<\/p>\n<p>Ne var ki, sabah oldu\u011funda, ortada i\u00e7i s\u00fct ile de\u011fil, dupduru su ile dolmu\u015f bir havuz vard\u0131. \u00c7\u00fcnk\u00fc herkes, ayni \u015fekilde d\u00fc\u015f\u00fcnm\u00fc\u015ft\u00fc:<\/p>\n<p>Bu kadar insan i\u00e7inde yaln\u0131z ben, s\u00fct yerine bir kova su d\u00f6ksem ne fark eder ki? Kim fark eder ki?<\/p>\n<p>Bilge, kitab\u0131nda bu olay\u0131 anlatt\u0131\u011f\u0131 sayfaya kendi notunu da d\u00fc\u015fm\u00fc\u015ft\u00fc :<\/p>\n<p>Hayat\u0131n i\u00e7inde, \u2018fark etmez\u2019 veya \u2018fark edilmez\u2019 denilen hi\u00e7bir \u015fey yoktur.<\/p>\n<p>Temel de\u011ferlerimizi korumak\u2026<\/p>\n<p>\u015eimdilerde de\u011ferler g\u00fcndemde\u2026 Pek \u00e7ok kurum ve kurulu\u015f \u00e7al\u0131\u015fanlar\u0131na temel de\u011ferlerini benimsetmek, \u00f6z\u00fcmsetmek ve i\u00e7selle\u015ftirmelerini sa\u011flamak \u00fczere programlar ger\u00e7ekle\u015ftiriyor. S\u0131kl\u0131kla biz bilinci, temel de\u011ferler, k\u00fclt\u00fcr, etkili ileti\u015fim konular\u0131nda geli\u015fim programlar\u0131 veriyorum.<\/p>\n<p>Kat\u0131l\u0131mc\u0131lar\u0131n en \u00e7ok dikkatle dinledi\u011fi ve \u00e7ok soru y\u00f6neltti\u011fi konular de\u011ferlerimiz, do\u011fruluk ve d\u00fcr\u00fcstl\u00fc\u011f\u00fcn hayat\u0131m\u0131zdaki \u00f6nemi, biz bilinci, \u00e7al\u0131\u015ft\u0131\u011f\u0131m\u0131z ekip ile etkili ileti\u015fim ve uyum. Demek ki fark\u0131ndal\u0131k olu\u015fuyor, temeli sa\u011flam bir gelecek in\u015fa etmek i\u00e7in g\u00f6n\u00fcll\u00fc ekipler, k\u00fclt\u00fcr el\u00e7ileri ortaya \u00e7\u0131k\u0131yor ve g\u00f6r\u00fcyoruz ki \u2018fark etmez\u2019 veya \u2018fark edilmez\u2019 diyenlerin say\u0131s\u0131 azal\u0131yor ve azalacak\u2026<\/p>\n<p>Unutmay\u0131n de\u011ferli \u00e7al\u0131\u015fan kad\u0131n dostlar\u0131m do\u011fru olmak ve d\u00fcr\u00fcst olmak \u00e7ok \u00f6nemli ve sizin elinizde ne demi\u015fler hesab\u0131 temiz olan\u0131n muhasebeden korkusu olmaz.<\/p>\n<p>\u00c7al\u0131\u015farak ve sevgiyle kal\u0131n\u2026<\/p>\n<p>Hanzade ACAR\n<\/p><\/div>","protected":false},"excerpt":{"rendered":"<p>(Bu makale HaberT\u00fcrk HT Hayat&#8217;ta yay\u0131nlanm\u0131\u015ft\u0131r.) D\u00fcr\u00fcstl\u00fck ve hayatta att\u0131\u011f\u0131m\u0131z her ad\u0131mda do\u011frulu\u011fu esas almak kendimize duydu\u011fumuz sayg\u0131n\u0131n bir g\u00f6stergesi, gelecek nesillere b\u0131rakaca\u011f\u0131m\u0131z davran\u0131\u015f miras\u0131n\u0131n de\u011ferinin bir \u00f6l\u00e7\u00fct\u00fc ve hayata katt\u0131klar\u0131m\u0131z\u0131n bir yans\u0131mas\u0131d\u0131r. Bu kalabal\u0131k toplum i\u00e7inde &#8220;yanl\u0131\u015flar g\u00f6r\u00fclmez, fark edilmez&#8221; diye d\u00fc\u015f\u00fcnmek yan\u0131lt\u0131r, daha b\u00fcy\u00fck yanl\u0131\u015flara s\u00fcr\u00fckler. Yapt\u0131\u011f\u0131m\u0131z i\u015fte, daran\u0131\u015flar\u0131m\u0131zda, konu\u015fmalar\u0131m\u0131zda her zaman do\u011fruluk [&hellip;]<\/p>","protected":false},"author":1,"featured_media":502,"parent":0,"menu_order":0,"comment_status":"closed","ping_status":"closed","template":"","meta":{"footnotes":""},"class_list":["post-396","page","type-page","status-publish","has-post-thumbnail","hentry"],"_links":{"self":[{"href":"https:\/\/onda.com.tr\/tr\/wp-json\/wp\/v2\/pages\/396"}],"collection":[{"href":"https:\/\/onda.com.tr\/tr\/wp-json\/wp\/v2\/pages"}],"about":[{"href":"https:\/\/onda.com.tr\/tr\/wp-json\/wp\/v2\/types\/page"}],"author":[{"embeddable":true,"href":"https:\/\/onda.com.tr\/tr\/wp-json\/wp\/v2\/users\/1"}],"replies":[{"embeddable":true,"href":"https:\/\/onda.com.tr\/tr\/wp-json\/wp\/v2\/comments?post=396"}],"version-history":[{"count":1,"href":"https:\/\/onda.com.tr\/tr\/wp-json\/wp\/v2\/pages\/396\/revisions"}],"predecessor-version":[{"id":397,"href":"https:\/\/onda.com.tr\/tr\/wp-json\/wp\/v2\/pages\/396\/revisions\/397"}],"wp:featuredmedia":[{"embeddable":true,"href":"https:\/\/onda.com.tr\/tr\/wp-json\/wp\/v2\/media\/502"}],"wp:attachment":[{"href":"https:\/\/onda.com.tr\/tr\/wp-json\/wp\/v2\/media?parent=396"}],"curies":[{"name":"wp","href":"https:\/\/api.w.org\/{rel}","templated":true}]}}