{"id":392,"date":"2021-02-03T11:16:40","date_gmt":"2021-02-03T11:16:40","guid":{"rendered":"http:\/\/61works.com\/onda\/?page_id=392"},"modified":"2021-02-03T13:18:23","modified_gmt":"2021-02-03T13:18:23","slug":"cesaret-ile-gordion-dugumunuzu-cozun","status":"publish","type":"page","link":"https:\/\/onda.com.tr\/tr\/cesaret-ile-gordion-dugumunuzu-cozun\/","title":{"rendered":"Cesaret ile gordion d\u00fc\u011f\u00fcm\u00fcn\u00fcz\u00fc \u00e7\u00f6z\u00fcn!"},"content":{"rendered":"<div class=\"articles_page\">\n<h3 class=\"blue_text\">(Bu makale HaberT\u00fcrk HT Hayat&#8217;ta yay\u0131nlanm\u0131\u015ft\u0131r.)<\/h3>\n<p>Cesaret hepimizin ihtiya\u00e7 duydu\u011fu bir duygu, bir an, bir kar\u015f\u0131 koyabilme\u2026<\/p>\n<p>Kimi zaman yapamayaca\u011f\u0131m\u0131z\u0131 sand\u0131\u011f\u0131m\u0131z bir anda sesimizi y\u00fckseltebilme, uzun zamand\u0131r i\u00e7imizde tuttu\u011fumuz bir duyguyu veya fikri bir anda s\u0131rt\u0131m\u0131zdan esen r\u00fczg\u00e2rla payla\u015fmakt\u0131r. Cesaret giri\u015fimci olmak, y\u00fcksek dalgalarla m\u00fccadele edebilmek, tekne su ald\u0131\u011f\u0131nda batmay\u0131 de\u011fil deli\u011fi nas\u0131l kapatabilece\u011fini d\u00fc\u015f\u00fcnmektir.<\/p>\n<p>Yap\u0131m gere\u011fi tart\u0131\u015fmay\u0131, gerginli\u011fi hi\u00e7 sevmem. \u0130\u015f hayat\u0131nda her zaman konular\u0131 al\u00e7ak sesle, ortak noktalar\u0131 bularak ve ortak paydada bulu\u015farak halletmekten yanay\u0131m. Asl\u0131nda sadece i\u015f hayat\u0131nda<\/p>\n<p>de\u011fil hayatta bunun b\u00f6yle olmas\u0131 gerekti\u011fini d\u00fc\u015f\u00fcn\u00fcyorum ve her an\u0131mda bu do\u011frultuda hareket ediyorum.<\/p>\n<p>Sadece \u015funa inan\u0131yorum yapabildi\u011fimiz, d\u00fc\u015f\u00fcnebildi\u011fimiz, yetkinli\u011fe sahip oldu\u011fumuz bir konuda bilgimizin ve tecr\u00fcbemizin derinli\u011fi var ise cesaret g\u00f6stermekten ka\u00e7\u0131nmamal\u0131y\u0131z.<\/p>\n<p>\u00c7al\u0131\u015fan kad\u0131nlar olarak \u00e7o\u011fumuz i\u015f d\u00fcnyas\u0131na ad\u0131m att\u0131\u011f\u0131m\u0131z ilk zamanlarda verilen i\u015fi yapmak, d\u00fc\u015f\u00fcnd\u00fcklerimizi s\u00f6yleyememek, y\u00f6neticilerimizin fikirlerini zorunlu olarak kabul etmek zorunda kald\u0131k. Zaman ge\u00e7tik\u00e7e, tecr\u00fcbe kazand\u0131k\u00e7a, bilgi birikimine sahip olduk\u00e7a kendimize g\u00fcvenimiz geldi. Fark yaratt\u0131\u011f\u0131m\u0131z alanlar\u0131 bulduk, bu konuda ben ger\u00e7ekten iyiyim fikrine \u00f6nce kendimiz inand\u0131k ve sonra sesimiz yava\u015f yava\u015f y\u00fckselmeye ba\u015flad\u0131.<\/p>\n<p>Asl\u0131nda burada sesimizin y\u00fckselmesi benzetmesini cesaretle fikirlerimizi ifade etmek olarak kullan\u0131yorum. Maalesef i\u015f d\u00fcnyas\u0131nda cesaret ile di\u011fer anlamda ses y\u00fckselmesi kar\u0131\u015ft\u0131r\u0131l\u0131yor.<\/p>\n<p>Y\u00fcksek seviyede ve nezaketten uzak bir tonlama ile s\u00f6ylenen fikirler, uygulanan yapt\u0131r\u0131mlar cesaret olarak alg\u0131lan\u0131yor.<\/p>\n<p>\u00c7ok yanl\u0131\u015f!<\/p>\n<p>Cesaret takdir edilecek profesyonellik i\u00e7eren tav\u0131r ve tutumlarla yola \u00e7\u0131k\u0131ld\u0131\u011f\u0131nda anlam kazan\u0131r.<\/p>\n<p>Cesaret bir b\u00fcy\u00fcl\u00fc bir g\u00fc\u00e7t\u00fcr \u00e7\u00fcnk\u00fc sahip olduklar\u0131m\u0131z\u0131 herkesin g\u00f6rmesine yard\u0131m eder. Cesaret kuvvetli bir r\u00fczg\u00e2rd\u0131r \u00e7\u00fcnk\u00fc ortaya \u00e7\u0131kt\u0131\u011f\u0131 anlarda bize h\u0131z katar. Cesaret bir ba\u015flang\u0131\u00e7 butonudur. O bilinen k\u0131rm\u0131z\u0131 d\u00fc\u011fmedir \u00e7\u00fcnk\u00fc harekete ge\u00e7ti\u011fimiz ilk and\u0131r. Cesaret bir sarp kayal\u0131kt\u0131r teknemizi \u00e7arpmadan ge\u00e7irmemiz gereken\u2026<\/p>\n<p>\u00c7\u00fcnk\u00fc hesapl\u0131 risk almay\u0131 gerektirir. Hesapl\u0131 risk almak bir, iki hatta \u00fc\u00e7 ad\u0131m sonras\u0131n\u0131 d\u00fc\u015f\u00fcnmek ve bu ad\u0131mlar\u0131n sonu\u00e7lar\u0131n\u0131 \u00f6n g\u00f6rerek cesaret ad\u0131m\u0131n\u0131 atmakt\u0131r.<\/p>\n<p>Emerson\u2019un \u00e7ok sevdi\u011fim bir s\u00f6z\u00fc var; \u201cHayat\u0131n\u0131z\u0131 cesurca kabullenin, ba\u015far\u0131ya d\u00f6n\u00fc\u015ft\u00fc\u011f\u00fcn\u00fc g\u00f6receksiniz\u201d diyor.<\/p>\n<p>Cesaretin sonunda gelen ba\u015far\u0131 i\u00e7in bu s\u00f6z ger\u00e7ekten b\u00fcy\u00fck \u00f6nem ta\u015f\u0131yor.<\/p>\n<p>Yap\u0131lan en b\u00fcy\u00fck hatalardan biri ba\u015fkalar\u0131n\u0131n hayatlar\u0131n\u0131 ya\u015fama iste\u011fi ve buna cesaret etme duygusu\u2026<\/p>\n<p>Ba\u015fkas\u0131n\u0131n hayat\u0131, i\u015fi, fikirleri, projeleri kendimize ait de\u011fildir, olmad\u0131\u011f\u0131n\u0131z bir insan\u0131 ya\u015famak ta cesaret de\u011fildir.<\/p>\n<p>Taklittir, kendinden, eme\u011finden ortaya hi\u00e7bir \u015fey koymamak ve \u00f6z\u00fcnden uzakla\u015fmakt\u0131r. Hayatta ba\u015far\u0131l\u0131 olmak i\u00e7in kendimizi ve kendi hayat\u0131m\u0131z\u0131 en basit \u015fekli ile kabul etmeli ve bu hayatta nelere cesaret g\u00f6sterebilece\u011fimizi d\u00fc\u015f\u00fcnmeliyiz.<\/p>\n<p>Y\u0131llar \u00f6nce idi. Amerika\u2019ya bir i\u015f seyahatim s\u00f6z konusu oldu. Kendi alan\u0131nda \u00e7ok \u00f6nemli ve de\u011ferli bir gruba seyahat s\u0131ras\u0131nda e\u015flik edecektim ve t\u00fcm ayr\u0131nt\u0131lar\u0131 planlayarak uygulama a\u015famas\u0131nda tek ba\u015f\u0131ma olacakt\u0131m.<\/p>\n<p>Gruptaki misafirler defalarca Amerika\u2019ya seyahat etmi\u015f bilgi ve deneyim sahibi bilim insanlar\u0131 idi. Kendi yetkinliklerimin fark\u0131ndayd\u0131m. Bu tarz onlarca seyahatim olmu\u015ftu ve hepsi de son derece ba\u015far\u0131l\u0131 ge\u00e7mi\u015fti. Bu projeyi benden isteyen ki\u015filer de benim alan\u0131mdaki projelerimi bilerek ve inceleyerek beni aram\u0131\u015flard\u0131.<\/p>\n<p>Buradaki tek fark daha \u00f6nce Amerika\u2019ya hi\u00e7 gitmemi\u015f olmamd\u0131. \u0130\u015fte cesaret burada devreye girdi. Bu a\u015famada yapmam gereken hesapl\u0131 risk almakt\u0131.<\/p>\n<p>Sonu\u00e7 olarak Amerika d\u0131\u015f\u0131nda d\u00fcnyan\u0131n pek \u00e7ok \u00fclkesine seyahat etmi\u015ftim, sistem ayn\u0131 olacakt\u0131. Haftalarca ara\u015ft\u0131rma yapt\u0131m. \u0130stanbul\u2019dan \u00e7\u0131k\u0131\u015f an\u0131ndan varaca\u011f\u0131m\u0131z ve aktarma yapaca\u011f\u0131m\u0131z havalimanlar\u0131ndaki kap\u0131 numaralar\u0131na, g\u00f6revlilerin yaka kartlar\u0131ndaki sembollerden, telefon kul\u00fcbelerindeki kartl\u0131 \u00e7al\u0131\u015fma sistemine, gidece\u011fimiz \u015fehirde en yak\u0131n eczaneden, posta ofisine kadar gece g\u00fcnd\u00fcz ara\u015ft\u0131rd\u0131m.<\/p>\n<p>\u00d6nemli bir detay o zamanlar cep telefonlar\u0131 yeni kullan\u0131lmaya ba\u015flam\u0131\u015ft\u0131 ve Amerika\u2019da \u00e7al\u0131\u015fm\u0131yordu.<\/p>\n<p>Sonu\u00e7 olarak bir torba bozuk paray\u0131 bile haz\u0131rlayarak elimde ad\u0131m ad\u0131m neler yapaca\u011f\u0131m\u0131 yazd\u0131\u011f\u0131m g\u00fcnl\u00fck kartlar\u0131m ile \u00e7\u0131kt\u0131k yola. 10 g\u00fcnl\u00fck seyahatimiz \u00e7ok e\u011flenceli ge\u00e7ti, ne gruptakiler bana &#8220;ilk Amerika seyahatiniz mi?&#8221; diye sordular ne de ben kendimi ilk defa gidiyormu\u015f gibi hissettim.<\/p>\n<p>25 ya\u015f\u0131ndayd\u0131m ve benim i\u00e7in cesaret gerektiren bir ad\u0131md\u0131. Tabi yapt\u0131\u011f\u0131m \u00f6n haz\u0131rl\u0131k hesapl\u0131 risk almakt\u0131. Bu seyahat ben de cesaretli davranmak ad\u0131na bir k\u0131v\u0131lc\u0131m bir ilham an\u0131 oldu. Ve y\u0131llar sonra alan\u0131mdaki en ba\u015far\u0131l\u0131 projelere imza atarak yeni kap\u0131lar a\u00e7mam\u0131 sa\u011flad\u0131.<\/p>\n<p>Kolay olan\u0131 se\u00e7mek de \u00e7ok kolay!<\/p>\n<p>Unutmay\u0131n hep ayn\u0131 \u015feyleri yaparak hep ayn\u0131 sonu\u00e7lara ula\u015f\u0131rs\u0131n\u0131z. Cesaret g\u00f6stererek kendimizi bulundu\u011fumuzdan \u00e7ok farkl\u0131 bir noktaya ta\u015f\u0131yabiliriz.<\/p>\n<p>Her cesaret ad\u0131m\u0131 yeni yerler ke\u015ffetmemizi, bah\u00e7emizi geni\u015fletmemizi ve en iyi manzaray\u0131 seyretmemizi sa\u011flar.<\/p>\n<p>\u00dcnl\u00fc \u0130ngiliz yazar Arnold Bennett kolaydan m\u00fcmk\u00fcn oldu\u011fu kadar h\u0131zl\u0131 uzakla\u015fmam\u0131z\u0131 s\u00f6yl\u00fcyor ve ekliyor \u201cYoku\u015f a\u015fa\u011f\u0131 gitmek kolayd\u0131r. Ama g\u00fczel manzara tepeden seyredilir\u201d Kendinde g\u00fc\u00e7 bulduk\u00e7a \u00e7al\u0131\u015fanlar, zorluklardan y\u0131lmayanlar, kendilerine ve \u00e7ocuklar\u0131na g\u00fczel bir gelecek arma\u011fan etmek isteyenler o en g\u00fczel manzaralar\u0131 seyretmeyi \u00e7oktan hak edenlerdir.<\/p>\n<p>Hepimizin hayatta cesarete ihtiyac\u0131 olan konular vard\u0131r. \u0130ster i\u015fyerinizdeki y\u00f6neticinize a\u00e7may\u0131 d\u00fc\u015f\u00fcnd\u00fc\u011f\u00fcn\u00fcz bir fikir olsun, ister ailenizle payla\u015fmak istedi\u011finiz ve a\u00e7may\u0131 planlad\u0131\u011f\u0131n\u0131z yeni bir kap\u0131 olsun, ister kapatmay\u0131 d\u00fc\u015f\u00fcnd\u00fc\u011f\u00fcn\u00fcz bir defter, ister sonlanacak bir arkada\u015fl\u0131k, ister bir i\u015f de\u011fi\u015fikli\u011fi cesarete her nerede ihtiyac\u0131n\u0131z var ise ba\u015farmay\u0131 istedi\u011finiz \u015fey i\u00e7in m\u00fccadele vermelisiniz.<\/p>\n<p>Gereken yer ve zamanda tehlikeye at\u0131lmal\u0131, belki bir k\u0131s\u0131m insan\u0131 arkan\u0131zda b\u0131rakmal\u0131, ele\u015ftiriden korkmamal\u0131, yeteneklerinizi gizlememeli, teredd\u00fct etmemeli ve f\u0131rsat aramal\u0131s\u0131n\u0131z.<\/p>\n<p>Cesaret c\u00fcretten gelir ve \u00e7\u00f6z\u00fcm getirir, bazen \u00e7\u00f6z\u00fclmesi imk\u00e2ns\u0131z gibi g\u00f6r\u00fcnen d\u00fc\u011f\u00fcmleri farkl\u0131 bir bak\u0131\u015f a\u00e7\u0131s\u0131 ile \u00e7\u00f6zmek demektir. Gordion D\u00fc\u011f\u00fcm\u00fc benzetmesini bilenler vard\u0131r, \u00e7\u00f6z\u00fclmesi imk\u00e2ns\u0131z olaylar i\u00e7in kullan\u0131lan bir metafordur. Temelinde bir cesaret hik\u00e2yesi vard\u0131r.<\/p>\n<p>Y\u00fczy\u0131llar \u00f6nce bir kral Gordion \u015fehrine yeni bir kral se\u00e7ecekmi\u015f. K\u00e2hinlerini toplam\u0131\u015f ve sonras\u0131nda bir bildiri yay\u0131nlam\u0131\u015f. D\u00f6rt bir yana kentin t\u00fcm sokaklar\u0131na y\u00fck arabas\u0131 ile birinin gelece\u011fini ve o ki\u015finin kral olaca\u011f\u0131n\u0131 s\u00f6ylemi\u015f. Bir s\u00fcre sonra s\u0131radan bir k\u00f6yl\u00fc \u00f6k\u00fcz arabas\u0131 ile \u00e7\u0131kagelmi\u015f. O g\u00fcnden sonra k\u00f6yl\u00fc Gordias, adaletli Kral Gordias olmu\u015ftur.<\/p>\n<p>Kral Gordias \u00f6lmeden \u00f6nce kral oldu\u011fu g\u00fcn bindi\u011fi ve onu kral yapan \u00f6k\u00fcz arabas\u0131n\u0131 \u00e7\u00f6z\u00fclemez bir d\u00fc\u011f\u00fcmle ba\u011flay\u0131p \u015funu demi\u015f: \u201cBu d\u00fc\u011f\u00fcm\u00fc \u00e7\u00f6zen t\u00fcm d\u00fcnyay\u0131 fethedecektir.\u201d<\/p>\n<p>Gordias \u00f6l\u00fcr pe\u015fi s\u0131ra pek \u00e7ok kral gelir ge\u00e7er ama d\u00fc\u011f\u00fcm\u00fc kimse \u00e7\u00f6zemez, me\u015fhur \u201cGordion D\u00fc\u011f\u00fcm\u00fc\u201d d\u00fcr art\u0131k kar\u015f\u0131m\u0131zdaki\u2026<\/p>\n<p>Gel zaman git zaman gen\u00e7ten bir delikanl\u0131 \u00e7\u0131kagelir Gordion\u2019a.<\/p>\n<p>Yan\u0131ndaki arkada\u015flar\u0131 ile der ki : \u201cBenim ad\u0131m \u0130skender, g\u00f6sterin bana \u015fu me\u015fhur d\u00fc\u011f\u00fcm\u00fc, bir de ben deneyeyim \u00e7\u00f6zmeyi\u2026\u201d \u0130skender\u2019i olay mahalline g\u00f6t\u00fcr\u00fcrler. \u0130skender bakar bakar, \u201cBu mudur me\u015fhur \u00e7\u00f6z\u00fclemez d\u00fc\u011f\u00fcm ki \u00e7\u00f6zen d\u00fcnyan\u0131n h\u00e2kimi olacakm\u0131\u015f?\u201d \u201cEvet\u201d yan\u0131t\u0131n\u0131 al\u0131nca \u00e7evredekilerin \u015fa\u015fk\u0131n bak\u0131\u015flar\u0131 aras\u0131nda, \u00e7eker k\u0131l\u0131c\u0131n\u0131 indirir d\u00fc\u011f\u00fcm\u00fcn \u00fczerine, bir anda ne d\u00fc\u011f\u00fcm kal\u0131r ne efsane\u2026<\/p>\n<p>\u201cBu d\u00fc\u011f\u00fcm b\u00f6yle \u00e7\u00f6z\u00fcl\u00fcr\u201d der. \u0130\u015fte bug\u00fcn bu terim bu nedenle \u00e7\u00f6z\u00fcm\u00fc \u00e7ok zor olaylar i\u00e7in kullan\u0131l\u0131yor.<\/p>\n<p>Sizin Gordion D\u00fc\u011f\u00fcm\u00fcn\u00fcz nedir?<\/p>\n<p>L\u00fctfen bu hafta bunu d\u00fc\u015f\u00fcn\u00fcn ve en \u00e7ok cesaret g\u00f6stermeyi diledi\u011finiz konuyu tespit edin. Sonra ba\u015far\u0131 merdiveninizin basamaklar\u0131n\u0131 d\u00fc\u015f\u00fcn\u00fcn, bulundu\u011funuz basama\u011f\u0131 da belirleyin.<\/p>\n<p>\u00d6nce l\u00fctfen Gordion D\u00fc\u011f\u00fcm\u00fcn\u00fcz\u00fc d\u00fc\u015f\u00fcn\u00fcn ve a\u015fa\u011f\u0131daki basamaklar\u0131 tek tek okuyun;<\/p>\n<p>Nas\u0131l m\u0131?<\/p>\n<ul>\n<li>Y\u00fczde 10-Yapamam!<\/li>\n<li>Y\u00fczde 20-Nas\u0131l yap\u0131laca\u011f\u0131n\u0131 bilmiyorum!<\/li>\n<li>Y\u00fczde 30-Ke\u015fke yapabilseydim!<\/li>\n<li>Y\u00fczde 40-Yapabilirdim san\u0131yorum!<\/li>\n<li>Y\u00fczde 50-Yapabilirdim!<\/li>\n<li>Y\u00fczde 60-Belki yapar\u0131m!<\/li>\n<li>Y\u00fczde 70-Yapabilece\u011fimi san\u0131yorum!<\/li>\n<li>Y\u00fczde 80-Yapabilirim!<\/li>\n<li>Y\u00fczde 90-Yapaca\u011f\u0131m!<\/li>\n<li>Y\u00fczde 100-Yapt\u0131m!<\/li>\n<\/ul>\n<p>Siz bu ba\u015far\u0131 merdiveninin neresindesiniz?<\/p>\n<p>\u015eimdi kendinizi \u0130skender\u2019in yerine koyun ve d\u00fc\u011f\u00fcm\u00fc \u00e7\u00f6zmek ad\u0131na ne yapman\u0131z gerekti\u011fini d\u00fc\u015f\u00fcn\u00fcn ve sak\u0131nmadan, \u00e7ekinmeden cesaret g\u00f6sterin.<\/p>\n<p>Andre Gide diyor ki; \u201cA\u00e7\u0131lmam\u0131\u015f kanatlar\u0131n b\u00fcy\u00fckl\u00fc\u011f\u00fc bilinmez!\u201d<\/p>\n<p>Sevgiyle ve \u00e7al\u0131\u015farak kal\u0131n ve l\u00fctfen bu hafta kanatlar\u0131n\u0131z\u0131 a\u00e7abildi\u011finiz kadar a\u00e7\u0131n\u2026<\/p>\n<p>Hanzade ACAR\n<\/p><\/div>","protected":false},"excerpt":{"rendered":"<p>(Bu makale HaberT\u00fcrk HT Hayat&#8217;ta yay\u0131nlanm\u0131\u015ft\u0131r.) Cesaret hepimizin ihtiya\u00e7 duydu\u011fu bir duygu, bir an, bir kar\u015f\u0131 koyabilme\u2026 Kimi zaman yapamayaca\u011f\u0131m\u0131z\u0131 sand\u0131\u011f\u0131m\u0131z bir anda sesimizi y\u00fckseltebilme, uzun zamand\u0131r i\u00e7imizde tuttu\u011fumuz bir duyguyu veya fikri bir anda s\u0131rt\u0131m\u0131zdan esen r\u00fczg\u00e2rla payla\u015fmakt\u0131r. Cesaret giri\u015fimci olmak, y\u00fcksek dalgalarla m\u00fccadele edebilmek, tekne su ald\u0131\u011f\u0131nda batmay\u0131 de\u011fil deli\u011fi nas\u0131l kapatabilece\u011fini d\u00fc\u015f\u00fcnmektir. [&hellip;]<\/p>","protected":false},"author":1,"featured_media":505,"parent":0,"menu_order":0,"comment_status":"closed","ping_status":"closed","template":"","meta":{"footnotes":""},"class_list":["post-392","page","type-page","status-publish","has-post-thumbnail","hentry"],"_links":{"self":[{"href":"https:\/\/onda.com.tr\/tr\/wp-json\/wp\/v2\/pages\/392"}],"collection":[{"href":"https:\/\/onda.com.tr\/tr\/wp-json\/wp\/v2\/pages"}],"about":[{"href":"https:\/\/onda.com.tr\/tr\/wp-json\/wp\/v2\/types\/page"}],"author":[{"embeddable":true,"href":"https:\/\/onda.com.tr\/tr\/wp-json\/wp\/v2\/users\/1"}],"replies":[{"embeddable":true,"href":"https:\/\/onda.com.tr\/tr\/wp-json\/wp\/v2\/comments?post=392"}],"version-history":[{"count":1,"href":"https:\/\/onda.com.tr\/tr\/wp-json\/wp\/v2\/pages\/392\/revisions"}],"predecessor-version":[{"id":393,"href":"https:\/\/onda.com.tr\/tr\/wp-json\/wp\/v2\/pages\/392\/revisions\/393"}],"wp:featuredmedia":[{"embeddable":true,"href":"https:\/\/onda.com.tr\/tr\/wp-json\/wp\/v2\/media\/505"}],"wp:attachment":[{"href":"https:\/\/onda.com.tr\/tr\/wp-json\/wp\/v2\/media?parent=392"}],"curies":[{"name":"wp","href":"https:\/\/api.w.org\/{rel}","templated":true}]}}