{"id":378,"date":"2021-02-03T11:05:37","date_gmt":"2021-02-03T11:05:37","guid":{"rendered":"http:\/\/61works.com\/onda\/?page_id=378"},"modified":"2021-02-03T13:15:54","modified_gmt":"2021-02-03T13:15:54","slug":"beyazperdede-italya","status":"publish","type":"page","link":"https:\/\/onda.com.tr\/tr\/beyazperdede-italya\/","title":{"rendered":"Beyazperdede \u0130talya"},"content":{"rendered":"<div class=\"articles_page\">\n<h3 class=\"blue_text\">(Bu makale Food&#038;Travel Dergisinde yay\u0131nlanm\u0131\u015ft\u0131r.)<\/h3>\n<p>\u0130talya ba\u015fl\u0131 ba\u015f\u0131na bir macerad\u0131r. Bu y\u00fczden de filmlere s\u0131k konu olur. Muhte\u015fem katedralleri, \u00e2\u015f\u0131klar\u0131 bulu\u015fturan k\u00f6pr\u00fcleri, \u00e7e\u015fmeleri, espresso\u2019sunun duman\u0131, sokaklarda t\u0131k\u0131rdayan Vespa\u2019lar\u0131, tarlalara ahenkle yerle\u015fmi\u015f saman balyalar\u0131, ak\u0131p giden tren raylar\u0131, Isabella\u2019lar\u0131, Marcello\u2019lar\u0131 beyazperdeden s\u00fcz\u00fcl\u00fcp kalplerimize dokunur. Roma\u2019dan Floransa\u2019ya, Venedik\u2019ten Positano\u2019ya, \u0130talya\u2019n\u0131n en g\u00fczel \u015fehirlerinin en g\u00fczel g\u00f6r\u00fcnt\u00fcleri sinema tarihinin pek \u00e7ok \u00f6nemli filminde arz\u0131 endam ettiler. A\u015fk tad\u0131nda, lezzetli, pastoral bu filmler pek \u00e7ok izleyiciye de bir kav\u015fak oldu y\u00f6n\u00fcn\u00fc \u0130talya\u2019ya \u00e7evirmesi i\u00e7in. S\u0131cak bir espresso e\u015fli\u011finde izlemeniz i\u00e7in en sevdiklerimizi derledik.<br \/>\nToskana G\u00fcne\u015fi<br \/>\n35 ya\u015f\u0131ndaki San Franciscolu yazar Frances Meyes\u2019in m\u00fckemmel hayat\u0131 e\u015finden ayr\u0131lmas\u0131yla birlikte aniden de\u011fi\u015fir. Girdi\u011fi depresyondan asla \u00e7\u0131kamayaca\u011f\u0131ndan korkan yak\u0131n arkada\u015f\u0131n\u0131n te\u015fvikiyle bir Toskana turuna kat\u0131l\u0131r. Gitti\u011fi kentlerden birine vurulur ve burada bir villa sat\u0131n alarak yerle\u015fmeye karar verir. Bundan sonra hayat\u0131 inan\u0131lmaz de\u011fi\u015fikliklere sahne olacakt\u0131r.<br \/>\nOscar \u00f6d\u00fcll\u00fc oyuncu Diane Lane\u2019in ba\u015frol\u00fcn\u00fc oynad\u0131\u011f\u0131, Audrey Wells\u2019in y\u00f6netti\u011fi Toskana G\u00fcne\u015fi (Under the Tuscan Sun, 2003) Frances Meyes\u2019in ger\u00e7ek hayat \u00f6yk\u00fcs\u00fcne dayan\u0131yor. Film Toskana\u2019n\u0131n b\u00fcy\u00fcl\u00fc ortam\u0131nda ge\u00e7iyor ve bizleri Cortona kasabas\u0131na konuk ediyor. Cortona, Floransa \u015fehir merkezine 81 kilometre uzakl\u0131kta bir da\u011f kasabas\u0131. Yol size uzunmu\u015f gibi gelmesin, manzaralar ve yol boyunca e\u015flik eden \u00e7i\u00e7ek kokular\u0131 zaman\u0131n nas\u0131l ge\u00e7ti\u011fini anlamaman\u0131za neden oluyor.<br \/>\nCortona Etr\u00fcskler taraf\u0131ndan kurulmu\u015f, sanat\u0131 her k\u00f6\u015fesinde hissedece\u011finiz, bol yoku\u015flu bir orta\u00e7a\u011f kasabas\u0131. \u0130talyanlar Cortona\u2019ya \u2018Toskana\u2019n\u0131n minyat\u00fcr\u00fc\u2019 diyor. K\u00fc\u00e7\u00fck, sevimli meydana bakan teras, filmde Frances\u2019in kartpostallar\u0131 yazd\u0131\u011f\u0131 yer. Filmin 11\u2019inci dakikas\u0131nda arkada\u015f\u0131 Frances\u2019e \u015f\u00f6yle der: \u201c\u0130nsanlar\u0131n her birinin ya\u015fam\u0131nda bir kav\u015fa\u011fa geldikleri bir zaman olmu\u015ftur. Sola veya sa\u011fa d\u00f6nme karar\u0131n\u0131n verilece\u011fi bir yer. Korkak davranman\u0131n zaman\u0131 de\u011fil Frances.\u201d<br \/>\n\u0130talya bir\u00e7ok kimse i\u00e7in ger\u00e7ek bir kav\u015fak. Yeni bir hayat\u0131n ba\u015flama karar\u0131n\u0131n verildi\u011fi \u2018o yer\u2019. Filmde Cortona d\u0131\u015f\u0131nda, Roma\u2019n\u0131n antikac\u0131lar b\u00f6lgesini, Positano sahilini, Arezzo\u2019yu ve Montepulciano\u2019yu da g\u00f6r\u00fcyoruz. Ve tabii ki yazar\u0131n kendi hik\u00e2yesinin ba\u015flad\u0131\u011f\u0131 eve vuruluyoruz: Casa Bramasole. \u2018Brama\u2019 \u00f6zlemek, \u2018sole\u2019 g\u00fcne\u015f anlam\u0131na geliyor. Bu ev ger\u00e7ekten b\u00fcy\u00fcl\u00fc. Ben Frances\u2019in o demir bah\u00e7e kap\u0131s\u0131n\u0131n \u00f6n\u00fcnde durdu\u011fu ilk an, bu evi kendi g\u00f6zlerimle g\u00f6rmeye karar verdim. Uzun bir yolculu\u011fun sonunda nihayet Casa Bramasole\u2019ye vard\u0131\u011f\u0131mda da kendimi filmin sahnelerinden birinde gibi hissettim. Frances\u2019in dedi\u011fi gibi \u00fcz\u00fcmlerin mor tad\u0131 a\u011fz\u0131mda da\u011f\u0131ld\u0131, kokular\u0131 bile mor geliyordu.<br \/>\n\u0130pucu Cortona\u2019da seramik sanat\u0131n\u0131n en g\u00fczel \u00f6rneklerini bulabilir, lezzetli bir dondurma yiyebilir, tepelerine \u00e7\u0131k\u0131nca Trasimeno G\u00f6l\u00fc manzaras\u0131yla kar\u015f\u0131la\u015fabilir, Lucca Signorelli\u2019nin resimlerini g\u00f6rebilir, Etr\u00fcsk kal\u0131nt\u0131lar\u0131n\u0131 gezebilirsiniz.<br \/>\nFilmde Katherine\u2019in Dolce Vita filmindeki \u00fcnl\u00fc sahneyi canland\u0131rd\u0131\u011f\u0131 \u00e7e\u015fmeyi aramay\u0131n \u00e7\u00fcnk\u00fc \u00e7e\u015fme film i\u00e7in \u00f6zel olarak yerle\u015ftirildi, yani dekor.<br \/>\nFrances Mayes\u2019in filme \u00e7evrilen roman\u0131 Toskana G\u00fcne\u015fi, Alk\u0131m Yay\u0131nevi taraf\u0131ndan T\u00fcrk\u00e7eye de kazand\u0131r\u0131ld\u0131. Alk\u0131m Kitabevi\u2019nden 15 TL\u2019ye sat\u0131n alabilirsiniz.<br \/>\nA\u015fk Mektuplar\u0131<br \/>\nG\u00fcnlerden bir g\u00fcn kendimi Verona sokaklar\u0131nda bir trafik polisine Juliet\u2019in evini sorarken buldum. Evet, Romeo\u2019nun Juliet\u2019i; Shakespeare\u2019e g\u00f6re Verona\u2019da ya\u015farm\u0131\u015f. Filmlere konu olan \u0130talya yine bir film i\u00e7in yollara d\u00fc\u015f\u00fcrm\u00fc\u015ft\u00fc beni. Verona \u015fehir merkezinde Capello 23 numarada Juliet\u2019in evini bulabilirsiniz. 20\u2019inci y\u00fczy\u0131l ba\u015flar\u0131nda balkon eklenen evin bah\u00e7esinde sizi bronz Juliet heykeli bekliyor olacak. Heykelin arkas\u0131ndaki demir parmakl\u0131klar dilek dilenen, mektuplar yaz\u0131l\u0131p dualar edilerek kapat\u0131lan kilitlerle dolu. Bu k\u00fc\u00e7\u00fck bah\u00e7ede her \u015fey a\u015fk i\u00e7in.<br \/>\nEvi bulmakta zorlanmayacaks\u0131n\u0131z, kalabal\u0131\u011f\u0131 takip edin. D\u00fcnyan\u0131n d\u00f6rt bir taraf\u0131ndan a\u015fklar\u0131n\u0131 \u00f6l\u00fcms\u00fczle\u015ftirmek i\u00e7in bu eve do\u011fru y\u00fcr\u00fcyenlerin pe\u015fine d\u00fc\u015f\u00fcn. \u00c2\u015f\u0131klar sadece evi ziyaret etmiyor. Juliet\u2019e her y\u0131l yakla\u015f\u0131k 6000 mektup geliyor. D\u00fcnyan\u0131n d\u00f6rt bir yan\u0131nda yaz\u0131lan bu mektuplar, Vanessa Redgrave, Christopher Egan, Amanda Seyfried ve Gael Garc\u00eda Bernal\u2019in ba\u015frol\u00fc payla\u015ft\u0131\u011f\u0131 A\u015fk Mektuplar\u0131\u2019ndaki (Letters to Juliet, 2010) g\u00f6n\u00fcll\u00fc organizasyon Club di Giulietta \u00fcyeleri taraf\u0131ndan tek tek okunup yan\u0131tlan\u0131yor. Bununla da bitmiyor: Juliet\u2019in sekreterleri, her y\u0131l Sevgililer G\u00fcn\u00fc\u2019nde en etkileyici a\u015fk mektubuna Sevgili Juliet \u00f6d\u00fcl\u00fc veriyor.<br \/>\nFilmimiz Veronal\u0131 sanat tarih\u00e7i Ceil Friedman ile karde\u015fi Lise Friedman\u2019\u0131n 2006 y\u0131l\u0131nda yazd\u0131\u011f\u0131 Letters to Juliet kitab\u0131ndan 2010 y\u0131l\u0131nda uyarlanm\u0131\u015f. Film boyunca havada a\u015fk kokusu hi\u00e7 eksilmiyor. Verona ve Toskana\u2019n\u0131n en g\u00fczel g\u00f6r\u00fcnt\u00fcleri, lavanta kokular\u0131 adeta perdeden f\u0131rlay\u0131p ba\u015f\u0131n\u0131z\u0131 d\u00f6nd\u00fcr\u00fcyor. B\u00fcy\u00fcl\u00fc a\u015fk hik\u00e2yesi, 50 y\u0131l \u00f6nce \u00e7aresizce Juliet\u2019e yaz\u0131lan ve ta\u015f duvarda sakland\u0131\u011f\u0131 yerden \u0130talya\u2019ya tatile gelen Sophie taraf\u0131ndan tesad\u00fcfen bulunarak Claire\u2019in mektubuyla ba\u015fl\u0131yor. Verona\u2019da yaln\u0131zl\u0131\u011f\u0131na \u00e7are arayan Sophie, Juliet\u2019in sekreterleri, Claire\u2019e yaz\u0131lan cevap, 50 y\u0131l sonra dahi eskimeyen bir a\u015fk hik\u00e2yesi&#8230;<br \/>\nFilme evsahipli\u011fi yapan Verona, Veneto b\u00f6lgesinde bulunan, her ad\u0131m\u0131nda tarihte yolculuk yapabilece\u011finiz bir kent. Unesco D\u00fcnya Miras\u0131 listesindeki dokusu b\u00fcy\u00fck bir \u00f6zenle korunan kentin ta\u015f k\u00f6pr\u00fcleri, bezemelerle ta\u00e7lanan binalar\u0131, dar sokaklar\u0131 kadar opera festivallerine sahne olan \u00fcnl\u00fc arenas\u0131 Arena Verona da g\u00f6r\u00fclmeye de\u011fer. Buras\u0131 ay\u0131\u015f\u0131\u011f\u0131nda en g\u00fczel g\u00f6r\u00fcnen \u0130talyan kentlerinden biri.<br \/>\n\u0130pucu Arena Verona\u2019n\u0131n muhte\u015fem atmosferinde bir konser izleyebilir, Juliet\u2019e a\u015fk\u0131n\u0131z\u0131 anlatan bir mektup yazabilir, Erbe Meydan\u0131\u2019nda nefis bir dondurma yiyebilir, Mia Mazzini\u2019de al\u0131\u015fveri\u015f yapabilir<br \/>\nGarda G\u00f6l\u00fc ve \u00e7evresini gezebilirsiniz.<br \/>\nFilmde Sophie\u2019nin Claire\u2019e yazd\u0131\u011f\u0131 bir mektup var. Bu mektup hayatlar\u0131m\u0131zda neler i\u00e7in ge\u00e7 kald\u0131\u011f\u0131m\u0131z\u0131 sorgulamam\u0131z\u0131 sa\u011fl\u0131yor.<br \/>\nIl Postino<br \/>\nNobel \u00f6d\u00fcll\u00fc \u015eilili \u015fair ve yazar Pablo Neruda\u2019n\u0131n a\u015fk\u0131 dizelere ve sat\u0131rlara d\u00f6kerken siyasi hayatta da aktifti ve hatta bu u\u011furda s\u00fcrg\u00fcne g\u00f6nderilmeyi g\u00f6ze ald\u0131. 1973 y\u0131l\u0131nda aram\u0131zdan ayr\u0131lan \u015fairin s\u00fcrg\u00fcn g\u00fcnlerinden hayali bir kesiti anlatan Postac\u0131 (Il Postino, 1994) \u0130talya denilince ilk akla gelen filmlerden. \u015eair ve postac\u0131n\u0131n hik\u00e2yesi izlerken duygular\u0131n\u0131z\u0131n farkl\u0131 renklere b\u00fcr\u00fcnd\u00fc\u011f\u00fcn\u00fc de hissedebildi\u011finiz lirik film, insanda \u0130talya\u2019ya ilk u\u00e7akta yer ay\u0131rtma arzusu uyand\u0131r\u0131yor.<br \/>\nMichael Radford\u2019un y\u00f6netti\u011fi filmi anlatmaya ba\u015flamadan \u00f6nce akt\u00f6r Massimo Troisi\u2019yi sayg\u0131yla anmak gerekiyor. Filmin \u00e7ekimleri i\u00e7in tedavisini erteleyen akt\u00f6r ne yaz\u0131k ki film tamamland\u0131ktan birka\u00e7 g\u00fcn sonra hayata g\u00f6zlerini yumdu.<br \/>\nNeruda s\u00fcrg\u00fcn g\u00fcnlerini bu k\u00fc\u00e7\u00fck adada ge\u00e7irirken, babas\u0131 bal\u0131k\u00e7\u0131 olan Mario bal\u0131k\u00e7\u0131l\u0131k yapmak istemedi\u011fi i\u00e7in i\u015f aramaya ba\u015flar. Mario saf duygulara sahip bir adal\u0131, adan\u0131n do\u011fas\u0131 kadar ger\u00e7ek, duyarl\u0131 ve \u00e2\u015f\u0131k bir gen\u00e7 adam. Her \u015fey Mario\u2019nun \u015faire her g\u00fcn mektuplar\u0131n\u0131 g\u00f6t\u00fcrmek \u00fczere g\u00f6revlendirildi\u011finde ba\u015flar. Neruda\u2019ya hayranl\u0131k besleyen Mario, her g\u00fcn denizin \u00e7a\u011fr\u0131s\u0131 e\u015fli\u011finde ve harika kekik kokular\u0131 aras\u0131nda adan\u0131n toprak yollar\u0131ndan bisikletle ge\u00e7erek \u00fcnl\u00fc \u015faire mektup ve paketlerini ula\u015ft\u0131rmakla kalmaz onunla dost da olur. Bu dostluk g\u00fcn ge\u00e7tik\u00e7e derinle\u015fir ve Mario\u2019nun \u015fiire olan ilgisi de ilerler. Sonunda Mario adada Beatrice\u2019e a\u015f\u0131k olur ve Neruda\u2019n\u0131n y\u00f6nlendirmesiyle a\u015fk\u0131na kavu\u015fur.<br \/>\nFilmimiz 1950\u2019lerde \u0130talya\u2019daki k\u00fc\u00e7\u00fck bir adada ge\u00e7iyor. Aeolian Adalar\u0131\u2019ndan biri olan Salina Adas\u0131, filmin baz\u0131 sahnelerine evsahipli\u011fi yap\u0131yor. Film g\u00f6sterime girdikten sonra bu sakin ve k\u00fc\u00e7\u00fck ada pek \u00e7ok \u00fcnl\u00fcn\u00fcn u\u011frak yeri haline geldi. Salina yedi k\u00fc\u00e7\u00fck ada i\u00e7erisinde en ye\u015fil ve romantik olan\u0131. Adada 400 farkl\u0131 bitki t\u00fcr\u00fc yeti\u015fiyor. S\u00fckunet ve romantizm sevenler, adalara k\u00fc\u00e7\u00fck teknelerle ula\u015f\u0131yor ve ara\u00e7 izni olmad\u0131\u011f\u0131 i\u00e7in Vespa\u2019larla dola\u015fabiliyor. \u0130kiz tepelerden olu\u015fan volkanik Salina\u2019n\u0131n muhte\u015fem a\u011fa\u00e7lar\u0131 ve \u00fcz\u00fcm ba\u011flar\u0131, p\u0131r\u0131l p\u0131r\u0131l deniz manzaralar\u0131 bir kere g\u00f6r\u00fcnce kolay kolay unutulam\u0131yor.<br \/>\n\u0130pucu Salina\u2019da k\u00fc\u00e7\u00fck ve sala\u015f bal\u0131k\u00e7\u0131larda adaya \u00f6zg\u00fc bal\u0131k ve kapari yiyebilir, Pollara\u2019dan g\u00fcne\u015fin bat\u0131\u015f\u0131n\u0131 izleyebilir, \u00e7ak\u0131l ta\u015fl\u0131 kumsallarda denize girip romantik piknikler yapabilirsiniz.<br \/>\nFilme evsahipli\u011fi yapan bir di\u011fer ada Napoli K\u00f6rfezi\u2019nde bulunan Procida. Procida k\u00fc\u00e7\u00fcc\u00fck bir ada, y\u00fcr\u00fcyerek adan\u0131n tamam\u0131n\u0131 kolayca gezebiliyorsunuz.<br \/>\nFilmdeki g\u00fczeller g\u00fczeli Beatrice, Procida\u2019n\u0131n kuzeydo\u011fusunda bir bal\u0131k\u00e7\u0131 k\u00f6y\u00fcnde bulunan k\u00fc\u00e7\u00fcc\u00fck bar Bar La Taverna del Postino\u2019da Mario\u2019yla g\u00f6z g\u00f6ze geliyor. Salina\u2019dan sonra Procida\u2019ya u\u011frayabilir, Bar La Taverna del Postino\u2019da bir \u015feyler at\u0131\u015ft\u0131r\u0131p Postac\u0131\u2019n\u0131n \u00e7al\u0131\u015ft\u0131\u011f\u0131 k\u00fc\u00e7\u00fck ve \u015firin postaneyi g\u00f6rebilirsiniz.<br \/>\nRoma Tatili<br \/>\nRoma\u2019n\u0131n beyazperdedeki yeri, malum. Tarih\u00ee dokusuyla merak ettiren, romantizmiyle b\u00fcy\u00fcleyen, sevilen, ka\u00e7\u0131lan, hayatta en az bir kere g\u00f6r\u00fclmesi gereken bir \u0130talyan. Hele bir de efsaneye inan\u0131p Trevi \u00c7e\u015fmesi\u2019ne dilek paras\u0131 attarsan\u0131z, pek \u00e7ok kez geri d\u00f6nece\u011finiz  bir s\u0131\u011f\u0131nak.<br \/>\nBa\u015frollerinde Audrey Hepburn ve Gregory Peck\u2019in yer ald\u0131\u011f\u0131 1953 tarihli Roma Tatili (Roman Holiday), pek \u00e7ok a\u00e7\u0131dan bir sinema klasi\u011fi. Audrey Hepburn\u2019\u00fc \u2018y\u0131ld\u0131z\u2019 mertebesine \u00e7\u0131karan film T\u00fcrkiye\u2019de de 1954 y\u0131l\u0131nda ayn\u0131 anda birden \u00e7ok sinemada g\u00f6sterime girerek has\u0131lat rekorlar\u0131 k\u0131rm\u0131\u015ft\u0131. Hik\u00e2yesini hat\u0131rlayal\u0131m: Prenses Ann bir Avrupa seyahatine \u00e7\u0131kar. Pek \u00e7ok ba\u015fkenti ziyaret ettikten sonra Roma\u2019ya gelir. Roma program\u0131 o kadar yo\u011fundur ki gen\u00e7 prenses bir gece daha fazla bu protokole ve yo\u011funlu\u011fa dayanamayarak bir sinir krizi ge\u00e7irir. Doktoru taraf\u0131ndan sakinle\u015ftirici i\u011fne yap\u0131lan prenses gece misafir edildi\u011fi el\u00e7ilik binas\u0131ndan ka\u00e7ar. Art\u0131k \u00f6zlemini duydu\u011fu bu harika \u015fehri tek ba\u015f\u0131na ke\u015ffedebilecektir. \u00d6zg\u00fcrl\u00fc\u011f\u00fcn tad\u0131n\u0131 \u00e7\u0131kartarak \u015fehrin sokaklar\u0131nda gezen Prenses sakinle\u015ftiricinin etkisiyle bir bankta uyuya kal\u0131r. \u0130\u015fte macera burada ba\u015flar. S\u0131radan bir gen\u00e7 k\u0131z gibi Roma\u2019n\u0131n b\u00fcy\u00fcl\u00fc atmosferine kendini b\u0131rakan Prenses, Roma\u2019da g\u00f6rev yapan Amerikal\u0131 gazeteci Joe Bradley\u2019yle (Gregory Peck) kar\u015f\u0131la\u015f\u0131r. Joe Bradley bankta uyuyan Prensesi tan\u0131maz ve yard\u0131m etmek istedi\u011fi gen\u00e7 k\u0131zdan kald\u0131\u011f\u0131 yerin adresini \u00f6\u011frenemeyen Joe onu kendi pansiyonuna g\u00f6t\u00fcrmek zorunda kal\u0131r. Arkada\u015fl\u0131klar\u0131 ilerleyen Ann ve Joe birlikte kenti ke\u015ffederken Roma t\u00fcm g\u00fczelli\u011fiyle onlara e\u015flik eder. Vespa\u2019n\u0131n y\u00fckseli\u015fine neden olan sahnelerde ikili Vespa\u2019n\u0131n \u00fczerinde \u015fehri birbirine katar. Tarih\u00ee mek\u00e2nlar\u0131 ziyaret edip gece nehir \u00fczerindeki teknede dans ederler.<br \/>\n\u00c7ekildi\u011fi y\u0131llar\u0131n modas\u0131n\u0131 ve zarif kentli ruhunu tam anlam\u0131yla yans\u0131tan filmin Hepburn ve Roma kadar par\u0131ldayan bir di\u011fer y\u0131ld\u0131z\u0131 da Salvatore Ferragamo. Sicilya as\u0131ll\u0131 \u00fcnl\u00fc ayakkab\u0131 sanat\u00e7\u0131s\u0131, 1950\u2019li y\u0131llarda uzun boylu ve ayak numaras\u0131 b\u00fcy\u00fck y\u0131ld\u0131zlar\u0131n ayaklar\u0131n\u0131 k\u00fc\u00e7\u00fck ve zarif g\u00f6sterecek i\u015f\u00e7ilikte ayakkab\u0131lar yapmas\u0131yla tan\u0131nm\u0131\u015ft\u0131. Salvatore\u2019nin k\u0131sa topuklu ve zarif \u2018Audrey\u2019 modeli bu y\u0131ld\u0131z i\u00e7in \u00f6zel tasarlanm\u0131\u015f, filmden sonra epey bir pop\u00fcler olmu\u015ftu. Tamam\u0131 \u0130talya\u2019da \u00e7ekilen ilk ABD filmi olan Roma Tatili, Audrey Hepburn\u2019e En \u0130yi Kad\u0131n Oyuncu Oscar\u2019\u0131n\u0131n yan\u0131 s\u0131ra BAFTA ve Golden Globe \u00f6d\u00fcllerini de kazand\u0131rd\u0131.<br \/>\n\u0130pucu Roma\u2019da al\u0131\u015fveri\u015fin tad\u0131na vard\u0131ktan, pizza ve porcini mantarl\u0131 ev makarnas\u0131na doyduktan sonra Trevi \u00c7e\u015fmesi\u2019ne dilek paras\u0131 atabilir, \u0130spanyol Merdivenleri\u2019nde y\u00fcr\u00fcy\u00fc\u015f sonras\u0131 k\u0131sa bir mola verebilir, el yap\u0131m\u0131 deri hediyeliklerden alabilirsiniz.<br \/>\nRoma\u2019n\u0131n bohem e\u011flence hayat\u0131n\u0131 g\u00f6rmek i\u00e7inse Trastevere\u2019ye gidin. Pazar g\u00fcnleri burada kurulan antika pazar\u0131n\u0131 ziyaret ederek birbirinden ilgin\u00e7 antika e\u015fyalar edinin.<br \/>\nRoma Tatili filminin bir sahnesindeymi\u015f\u00e7esine Vespa\u2019n\u0131zla \u015fehir ke\u015ffetmek istiyorsan\u0131z Bici &#038; Baci\u2019den (bicibaci.com) diledi\u011finiz renkte kiralayabilirsiniz.\n<\/p><\/div>","protected":false},"excerpt":{"rendered":"<p>(Bu makale Food&#038;Travel Dergisinde yay\u0131nlanm\u0131\u015ft\u0131r.) \u0130talya ba\u015fl\u0131 ba\u015f\u0131na bir macerad\u0131r. Bu y\u00fczden de filmlere s\u0131k konu olur. Muhte\u015fem katedralleri, \u00e2\u015f\u0131klar\u0131 bulu\u015fturan k\u00f6pr\u00fcleri, \u00e7e\u015fmeleri, espresso\u2019sunun duman\u0131, sokaklarda t\u0131k\u0131rdayan Vespa\u2019lar\u0131, tarlalara ahenkle yerle\u015fmi\u015f saman balyalar\u0131, ak\u0131p giden tren raylar\u0131, Isabella\u2019lar\u0131, Marcello\u2019lar\u0131 beyazperdeden s\u00fcz\u00fcl\u00fcp kalplerimize dokunur. Roma\u2019dan Floransa\u2019ya, Venedik\u2019ten Positano\u2019ya, \u0130talya\u2019n\u0131n en g\u00fczel \u015fehirlerinin en g\u00fczel g\u00f6r\u00fcnt\u00fcleri sinema [&hellip;]<\/p>","protected":false},"author":1,"featured_media":511,"parent":0,"menu_order":0,"comment_status":"closed","ping_status":"closed","template":"","meta":{"footnotes":""},"class_list":["post-378","page","type-page","status-publish","has-post-thumbnail","hentry"],"_links":{"self":[{"href":"https:\/\/onda.com.tr\/tr\/wp-json\/wp\/v2\/pages\/378"}],"collection":[{"href":"https:\/\/onda.com.tr\/tr\/wp-json\/wp\/v2\/pages"}],"about":[{"href":"https:\/\/onda.com.tr\/tr\/wp-json\/wp\/v2\/types\/page"}],"author":[{"embeddable":true,"href":"https:\/\/onda.com.tr\/tr\/wp-json\/wp\/v2\/users\/1"}],"replies":[{"embeddable":true,"href":"https:\/\/onda.com.tr\/tr\/wp-json\/wp\/v2\/comments?post=378"}],"version-history":[{"count":1,"href":"https:\/\/onda.com.tr\/tr\/wp-json\/wp\/v2\/pages\/378\/revisions"}],"predecessor-version":[{"id":379,"href":"https:\/\/onda.com.tr\/tr\/wp-json\/wp\/v2\/pages\/378\/revisions\/379"}],"wp:featuredmedia":[{"embeddable":true,"href":"https:\/\/onda.com.tr\/tr\/wp-json\/wp\/v2\/media\/511"}],"wp:attachment":[{"href":"https:\/\/onda.com.tr\/tr\/wp-json\/wp\/v2\/media?parent=378"}],"curies":[{"name":"wp","href":"https:\/\/api.w.org\/{rel}","templated":true}]}}