{"id":376,"date":"2021-02-03T11:03:19","date_gmt":"2021-02-03T11:03:19","guid":{"rendered":"http:\/\/61works.com\/onda\/?page_id=376"},"modified":"2021-02-03T13:15:42","modified_gmt":"2021-02-03T13:15:42","slug":"basari-icin-sade-dusunun","status":"publish","type":"page","link":"https:\/\/onda.com.tr\/tr\/basari-icin-sade-dusunun\/","title":{"rendered":"Ba\u015far\u0131 i\u00e7in sade d\u00fc\u015f\u00fcn\u00fcn"},"content":{"rendered":"<div class=\"articles_page\">\n<h3 class=\"blue_text\">(Bu makale Sabah Gazetesi \u0130\u015fte \u0130nsan&#8217;da yay\u0131nlanm\u0131\u015ft\u0131r.)<\/h3>\n<p>Sadelik, sade d\u00fc\u015f\u00fcnmek, g\u00fcn\u00fcm\u00fcz\u00fcn dinamik rekabet ortam\u0131 i\u00e7erisinde, hem bizi bireysel anlamda, hem de \u015firketimizi kurumsal anlamda ba\u015far\u0131ya ula\u015ft\u0131racak ger\u00e7ek bir form\u00fcld\u00fcr.<br \/>\nDe\u011fer \u00fcretmek, esneklik, h\u0131z, kalite ve rekabet zorunlulu\u011fu da bizi sade d\u00fc\u015f\u00fcnmeye ve yal\u0131n \u00e7\u00f6z\u00fcmler \u00fcretmeye g\u00f6t\u00fcr\u00fcyor. G\u00fcnl\u00fck ya\u015fam\u0131m\u0131zda da bu b\u00f6yle de\u011fil midir? \u00c7o\u011fu zaman \u00e7ok yak\u0131n\u0131m\u0131zda basit \u00e7\u00f6z\u00fcmleri g\u00f6rmez, kar\u015f\u0131la\u015ft\u0131\u011f\u0131m\u0131z durumlar\u0131 karma\u015f\u0131k yollara y\u00f6nelerek \u00e7\u00f6zmeye \u00e7al\u0131\u015f\u0131r\u0131z. Yani bazen \u00e7\u00f6z\u00fcm \u00f6nerilerimiz bizi \u00e7\u00f6z\u00fcms\u00fczl\u00fc\u011fe iter. Oysaki basit d\u00fc\u015f\u00fcnmek kar\u015f\u0131la\u015ft\u0131\u011f\u0131m\u0131z farkl\u0131 durumlar\u0131n \u00e7\u00f6z\u00fcm\u00fc i\u00e7in sahip oldu\u011fumuz en b\u00fcy\u00fck teknik ve taktiktir. G\u00fcnl\u00fck ya\u015fant\u0131m\u0131zda, i\u015f s\u00fcre\u00e7lerimizde, y\u00f6netimde, \u00e7al\u0131\u015fmalar\u0131m\u0131zda, ileti\u015fimde, toplant\u0131larda sade ve basit d\u00fc\u015f\u00fcnmek&#8230; \u0130\u015fte ba\u015far\u0131n\u0131n ger\u00e7ek anahtar\u0131 bu sade d\u00fc\u015f\u00fcncedir.<br \/>\n\u201cSadelik d\u00fc\u015f\u00fcncenin derinli\u011finin direkt sonucudur.\u201d (Anonim)<br \/>\nPeki, nedir bu sadelik? Sade d\u00fc\u015f\u00fcnmenin, yal\u0131n \u00e7\u00f6z\u00fcmler \u00fcretmenin bizi ba\u015far\u0131ya ula\u015ft\u0131rmadaki rol\u00fc nedir?<br \/>\nSadelik, \u00f6ncelikle, yapt\u0131\u011f\u0131m\u0131z her i\u015fte gerekli olmayan noktalar\u0131 ar\u0131nd\u0131rmakt\u0131r. T\u0131pk\u0131 okulda, matematik derslerinde yapt\u0131\u011f\u0131m\u0131z sadele\u015ftirme i\u015flemlerinde oldu\u011fu gibi\u2026 Bir y\u0131\u011f\u0131n kalabal\u0131k say\u0131y\u0131 atmak ve b\u00f6l\u00fcnemeyen en yal\u0131n hale getirmek. Sonras\u0131nda ise ger\u00e7ekten i\u015fe de\u011fer katan ad\u0131mlar\u0131 ortaya \u00e7\u0131karmak ve bu ad\u0131mlar\u0131 da m\u00fc\u015fterilerimize \u201cfayda\u201d olarak sunmakt\u0131r.<br \/>\nSadelik ve yal\u0131n \u00e7\u00f6z\u00fcmler bize kalite, h\u0131z ve maliyet a\u00e7\u0131s\u0131ndan avantaj sa\u011flar.<br \/>\nK\u0131saca diyebiliriz ki; \u201codaklanmak, sade d\u00fc\u015f\u00fcnmek ve denemek.\u201d \u0130\u015fte bizi ba\u015far\u0131ya g\u00f6t\u00fcrecek \u00fc\u00e7gen de budur\u2026<br \/>\n\u201cYa\u015fam\u0131n bilgeli\u011fi gereksiz olanlar\u0131n elenmesine dayan\u0131r.\u201d (Lin Yutang)<br \/>\nBug\u00fcn bakt\u0131\u011f\u0131m\u0131zda, 1950\u2019li y\u0131llarda, yal\u0131n \u00e7\u00f6z\u00fcmleri \u00fcretimde ilk uygulayan \u015firket olan Toyota\u2019n\u0131n \u00e7ok \u00f6nemli ba\u015far\u0131lara imza att\u0131\u011f\u0131 a\u00e7\u0131k ve net olarak g\u00f6r\u00fcl\u00fcyor.<br \/>\nYal\u0131n \u00e7\u00f6z\u00fcmler sadece bir \u00fcretim tekni\u011fi de\u011fildir. Hizmet sunumundan \u00fcr\u00fcn geli\u015ftirmeye, sanattan siyasete, modadan ticari faaliyetlere kadar her alana uygulanabilecek bir yakla\u015f\u0131md\u0131r. G\u00fcn\u00fcm\u00fczde de, gittik\u00e7e artan bir oranda, her alanda bu minimalist \u00e7\u00f6z\u00fcmleri g\u00f6rmekteyiz.<br \/>\nTarih boyunca bakt\u0131\u011f\u0131m\u0131zda da hep sadeli\u011fin, sade ve basit d\u00fc\u015f\u00fcncenin ba\u015far\u0131larda \u00f6nemli rol oynad\u0131\u011f\u0131n\u0131 g\u00f6rmekteyiz. \u00c7\u00f6z\u00fcme odaklanmak, sade d\u00fc\u015f\u00fcnmek ve denemek&#8230; T\u0131pk\u0131 Rus uzmanlar\u0131n uzaya ilk astronot g\u00f6nderme \u00e7al\u0131\u015fmalar\u0131nda d\u00fc\u015f\u00fcnd\u00fckleri ve uygulad\u0131klar\u0131 gibi.<br \/>\n\u201cNASA uzaya ilk astronot g\u00f6nderme denemelerine ba\u015flad\u0131\u011f\u0131 y\u0131llarda uzmanlar t\u00fckenmez kalemin yer\u00e7ekimsiz ortamda yazamad\u0131\u011f\u0131n\u0131 ke\u015ffederler. M\u00fcrekkep yaz\u0131lacak y\u00fczeye akmamaktad\u0131r. Amerika bu problemi \u00e7\u00f6zmek i\u00e7in 10 y\u0131l ve 12 milyon dolar harcar. Sonunda Amerikal\u0131lar yer\u00e7ekimsiz ortamda 300 santigrat derecede ve -100 derecede yazabilen bir kalem geli\u015ftirirler. Rus uzmanlar ise bu sorun i\u00e7in daha kolay ve maliyetsiz bir \u00e7\u00f6z\u00fcm \u00fcretirler, kur\u015fun kalem kullan\u0131rlar.\u201d<br \/>\nHedeflere daha h\u0131zl\u0131 ula\u015fmada sadelik \u00f6nemlidir!<br \/>\n\u201cBa\u015far\u0131ya ula\u015fmak asl\u0131nda basittir. Do\u011fru olan\u0131, do\u011fru zamanda, do\u011fru \u015fekilde yap\u0131n!\u201d(Arnold Glasow)<br \/>\n\u0130\u015f s\u00fcre\u00e7lerinde de sade ve basit olmak hedefe daha h\u0131zl\u0131 ula\u015fmak ve etkili sonu\u00e7lar ortaya \u00e7\u0131karmak ad\u0131na \u00f6nemlidir. Sadece kendimizin de\u011fil, ekibimizin ve i\u015f arkada\u015flar\u0131m\u0131z\u0131n da sade d\u00fc\u015f\u00fcnmelerini sa\u011flamal\u0131y\u0131z. Sunulan de\u011fere b\u00fct\u00fcnsel bak\u0131\u015f a\u00e7\u0131s\u0131yla yakla\u015farak, gerekli olmayan noktalar\u0131 ar\u0131nd\u0131rmal\u0131, b\u00f6ylece israflar\u0131 \u00f6nlemeli ve m\u00fc\u015fterilerimiz i\u00e7in m\u00fckemmel de\u011ferler \u00fcretmeye odaklanmal\u0131y\u0131z.<br \/>\n\u201cJaponya\u2019da en b\u00fcy\u00fck kozmetik firmalardan birinde, bir m\u00fc\u015fteri ald\u0131\u011f\u0131 sabun kutusunun bo\u015f oldu\u011fu konusunda \u015fik\u00e2yette bulunmu\u015ftur. Yetkililer hemen, \u00fcretilip paketlenen sabun kutular\u0131n\u0131 sevkiyat b\u00f6l\u00fcm\u00fcne g\u00f6nderen hatt\u0131 izole ederler. Bu s\u0131rada, bir sabun kutusunun hattan i\u00e7i bo\u015f bir \u015fekilde ge\u00e7ti\u011fi tespit edilir. Y\u00f6netim de m\u00fchendislerine bu konuyu \u00e7\u00f6zmeleri i\u00e7in talimat verir. M\u00fchendisler, iki ki\u015fi taraf\u0131ndan kullan\u0131lan y\u00fcksek \u00e7\u00f6z\u00fcn\u00fcrl\u00fckte bir X \u0131\u015f\u0131n\u0131 cihaz\u0131 tasarlamak i\u00e7in ciddi \u015fekilde u\u011fra\u015f\u0131rlar. B\u00f6ylelikle, hattan ge\u00e7en b\u00fct\u00fcn sabun kutular\u0131 izlenebilecektir. K\u00fc\u00e7\u00fck bir \u015firketteki bir i\u015f\u00e7i ayn\u0131 durum ile kar\u015f\u0131la\u015ft\u0131\u011f\u0131nda X \u0131\u015f\u0131n\u0131 gibi karma\u015f\u0131k \u015feylerle u\u011fra\u015fmak yerine \u00e7\u00f6z\u00fcme odaklanarak g\u00fc\u00e7l\u00fc, end\u00fcstriyel bir vantilat\u00f6r alarak hatta y\u00f6neltir. Vantilat\u00f6r a\u00e7\u0131l\u0131nca dolu kutular hattan ge\u00e7erken, bo\u015f olanlar hatt\u0131n d\u0131\u015f\u0131na do\u011fru savrulur.\u201d<br \/>\nG\u00fcn\u00fcm\u00fczde, m\u00fc\u015fteriler kullan\u0131mda sadelikten ve yal\u0131nl\u0131ktan yana olmakla birlikte kendilerine sunulan \u00fcr\u00fcn ve hizmetlerin asl\u0131nda \u00fcst\u00fcn \u00e7\u00f6z\u00fcmler i\u00e7ermesini de istiyorlar.<br \/>\n\u201cSadelik sofistikasyonun en son noktas\u0131d\u0131r.\u201d (Leonardo da Vinci)<br \/>\n\u00d6yle ki, karma\u015f\u0131k teknolojilerin g\u00fcn ge\u00e7tik\u00e7e artaca\u011f\u0131 yak\u0131n gelecekte basitlik ve sadelik giderek daha da b\u00fcy\u00fcyecek ve ayr\u0131 bir i\u015f kolu haline gelecek.<br \/>\n\u0130\u015f s\u00fcre\u00e7lerinde de\u011fi\u015fen dinamikler y\u00fcksek kalitenin temelini yal\u0131nl\u0131\u011f\u0131n olu\u015fturdu\u011funu g\u00f6stermektedir.<br \/>\nSade ve ak\u0131c\u0131 d\u00fc\u015f\u00fcncenin en b\u00fcy\u00fck d\u00fc\u015fman\u0131 karma\u015f\u0131kl\u0131kt\u0131r, karma\u015f\u0131kl\u0131k da kar\u0131\u015f\u0131kl\u0131\u011fa yol a\u00e7maktad\u0131r. D\u00fc\u015f\u00fcnce berrak ve sade oldu\u011fu zaman etkilili\u011fi artar. Son derece basit ve sade bir \u00f6ny\u00fcze sahip, bununla birlikte d\u00fcnyan\u0131n en \u00e7ok kullan\u0131lan arama motoru olma \u00f6zelli\u011fini s\u00fcrd\u00fcren \u201cGoogle\u201d buna en g\u00fczel \u00f6rnektir.<br \/>\n\u201cSade ve basit tasar\u0131mlar beyaz \u0131\u015f\u0131k gibidir. Beyaz \u0131\u015f\u0131k asl\u0131nda karma\u015f\u0131kt\u0131r, fakat karma\u015f\u0131kl\u0131\u011f\u0131 a\u00e7\u0131k\u00e7a g\u00f6r\u00fclmez.\u201d (Anatole France)<br \/>\nBizlerin de yal\u0131n \u00e7\u00f6z\u00fcmler \u00fcretebilmesi, sade d\u00fc\u015f\u00fcnceyi bir ya\u015fam felsefesi olarak benimsemesi her \u015feyden \u00f6nce mevcut bilgi birikimimizin derinli\u011fine ve bu bilgi birikimini etkin kullanabilme d\u00fczeyine ba\u011fl\u0131d\u0131r.<br \/>\nBilginin derinli\u011fine \u00f6nem veren, neden-sonu\u00e7 ili\u015fkisi i\u00e7inde sorgulayan, gereksiz olan her \u015feyi atabilme cesaretine sahip \u00e7\u00f6z\u00fcm odakl\u0131 bireyler olursak ya\u015fam\u0131m\u0131z\u0131n her alan\u0131nda sade d\u00fc\u015f\u00fcnebilir ve yal\u0131n \u00e7\u00f6z\u00fcmler \u00fcretebiliriz. Bu da bize s\u00fcrd\u00fcr\u00fclebilir bir rekabet avantaj\u0131 sa\u011flar.<br \/>\n\u201cYa\u015fam karma\u015f\u0131k de\u011fildir. Karma\u015f\u0131k olan bizleriz. Ya\u015fam basittir ve basit \u015feyler en do\u011fru olan \u015feylerdir.\u201d (Oscar Wilde)<br \/>\nMehmet Acar\n<\/p><\/div>","protected":false},"excerpt":{"rendered":"<p>(Bu makale Sabah Gazetesi \u0130\u015fte \u0130nsan&#8217;da yay\u0131nlanm\u0131\u015ft\u0131r.) Sadelik, sade d\u00fc\u015f\u00fcnmek, g\u00fcn\u00fcm\u00fcz\u00fcn dinamik rekabet ortam\u0131 i\u00e7erisinde, hem bizi bireysel anlamda, hem de \u015firketimizi kurumsal anlamda ba\u015far\u0131ya ula\u015ft\u0131racak ger\u00e7ek bir form\u00fcld\u00fcr. De\u011fer \u00fcretmek, esneklik, h\u0131z, kalite ve rekabet zorunlulu\u011fu da bizi sade d\u00fc\u015f\u00fcnmeye ve yal\u0131n \u00e7\u00f6z\u00fcmler \u00fcretmeye g\u00f6t\u00fcr\u00fcyor. G\u00fcnl\u00fck ya\u015fam\u0131m\u0131zda da bu b\u00f6yle de\u011fil midir? \u00c7o\u011fu zaman [&hellip;]<\/p>","protected":false},"author":1,"featured_media":512,"parent":0,"menu_order":0,"comment_status":"closed","ping_status":"closed","template":"","meta":{"footnotes":""},"class_list":["post-376","page","type-page","status-publish","has-post-thumbnail","hentry"],"_links":{"self":[{"href":"https:\/\/onda.com.tr\/tr\/wp-json\/wp\/v2\/pages\/376"}],"collection":[{"href":"https:\/\/onda.com.tr\/tr\/wp-json\/wp\/v2\/pages"}],"about":[{"href":"https:\/\/onda.com.tr\/tr\/wp-json\/wp\/v2\/types\/page"}],"author":[{"embeddable":true,"href":"https:\/\/onda.com.tr\/tr\/wp-json\/wp\/v2\/users\/1"}],"replies":[{"embeddable":true,"href":"https:\/\/onda.com.tr\/tr\/wp-json\/wp\/v2\/comments?post=376"}],"version-history":[{"count":1,"href":"https:\/\/onda.com.tr\/tr\/wp-json\/wp\/v2\/pages\/376\/revisions"}],"predecessor-version":[{"id":377,"href":"https:\/\/onda.com.tr\/tr\/wp-json\/wp\/v2\/pages\/376\/revisions\/377"}],"wp:featuredmedia":[{"embeddable":true,"href":"https:\/\/onda.com.tr\/tr\/wp-json\/wp\/v2\/media\/512"}],"wp:attachment":[{"href":"https:\/\/onda.com.tr\/tr\/wp-json\/wp\/v2\/media?parent=376"}],"curies":[{"name":"wp","href":"https:\/\/api.w.org\/{rel}","templated":true}]}}