{"id":186,"date":"2020-09-08T13:01:09","date_gmt":"2020-09-08T13:01:09","guid":{"rendered":"http:\/\/www.61works.com\/onda\/?page_id=186"},"modified":"2023-03-12T10:38:00","modified_gmt":"2023-03-12T10:38:00","slug":"disticaret","status":"publish","type":"page","link":"https:\/\/onda.com.tr\/tr\/disticaret\/","title":{"rendered":"D\u0131\u015f Ticaret"},"content":{"rendered":"<p>Onda Consultancy D\u0131\u015f Ticaret b\u00f6l\u00fcm\u00fc olarak; inovatif, \u00e7evre dostu s\u00fcrd\u00fcr\u00fclebilir \u00fcr\u00fcnleri de\u011ferli m\u00fc\u015fterilerimizle bulu\u015fturmay\u0131 hedefliyoruz. <strong>Bu kapsamda temel prensibimiz; s\u00fcrd\u00fcr\u00fclebilir hayata \u00f6nem veren \u00e7al\u0131\u015fmalar\u0131n bir par\u00e7as\u0131 olmak, \u00e7evre dostu, do\u011fa ve insan sa\u011fl\u0131\u011f\u0131yla uyumlu ayn\u0131 zamanda kalite ve tasar\u0131m odakl\u0131 \u00fcr\u00fcnleri uluslararas\u0131 pazarlarda yayg\u0131nla\u015ft\u0131rmak ve sat\u0131\u015f\u0131na ivme katmakt\u0131r.<\/strong> Uluslararas\u0131 ba\u011flant\u0131lar\u0131m\u0131z, geni\u015f \u00fcr\u00fcn ve m\u00fc\u015fteri portf\u00f6y\u00fcm\u00fczle en h\u0131zl\u0131, en g\u00fcvenilir ve en etkin \u00e7\u00f6z\u00fcmleri ortaya \u00e7\u0131karmakt\u0131r.<\/p>\n<p>S\u00fcrd\u00fcr\u00fclebilirlik g\u00fcn\u00fcm\u00fczde her sekt\u00f6r i\u00e7in \u00e7ok \u00f6nemli bir yere sahiptir. S\u00fcrd\u00fcr\u00fclebilirlik kavram\u0131n\u0131 hayat\u0131n her a\u015famas\u0131na uygularken olumsuz \u00e7evresel etkileri ortadan kald\u0131rmay\u0131, do\u011fay\u0131 koruma odakl\u0131 enerji t\u00fcketimini, gezegenimize sayg\u0131l\u0131 bir hayat tarz\u0131n\u0131 hedefliyoruz. <strong>Yan\u0131 s\u0131ra sa\u011fl\u0131kl\u0131 bireylerden olu\u015fan bir toplumu ve ak\u0131ll\u0131 kaynak kullan\u0131m\u0131n\u0131 ve sa\u011fl\u0131kl\u0131 ya\u015fam ortamlar\u0131 olu\u015fturmay\u0131 \u00f6n planda tutuyoruz.<\/strong><\/p>\n<p>Bu noktada Onda Consultancy olarak bizler, insan ve do\u011fa aras\u0131nda dengenin oldu\u011fu, do\u011fal kaynaklara zarar vermeyen, ekolojik de\u011ferlere uyumlu ve \u00e7evre dostu \u00fcr\u00fcnlere y\u00f6nelik d\u0131\u015f ticaret faaliyetlerimizi s\u00fcrd\u00fcr\u00fcyoruz. Bu \u00f6zellikleri ta\u015f\u0131yan \u00fcr\u00fcnlere sahip oldu\u011fumuz uzmanl\u0131\u011f\u0131m\u0131z ve tecr\u00fcbemiz ile y\u00f6n vererek m\u00fc\u015fterilerimizin hayat kalitesini artt\u0131rmay\u0131 ama\u00e7l\u0131yoruz.<\/p>\n<p>Bu ba\u011flamda herkesin gelecek nesillere temiz, sa\u011fl\u0131kl\u0131, ya\u015fanabilir bir \u00e7evre b\u0131rakmak \u00fczere harekete ge\u00e7mesi gerekti\u011fine inanmaktay\u0131z. Her tasarlanan \u00fcr\u00fcnde; gelecek nesillerin hem bug\u00fcnk\u00fc hem de gelecekteki ya\u015fam ihtiya\u00e7lar\u0131 d\u00fc\u015f\u00fcnmeli ve onlara cevap verebilmelidir. T\u00fcketim odakl\u0131 topluluklar\u0131n say\u0131s\u0131n\u0131n artmas\u0131, do\u011fal enerji kaynaklar\u0131n\u0131n azalmas\u0131 ve hatta yak\u0131n gelecekte t\u00fckenecek olmas\u0131 da gelecekte daha planl\u0131 ya\u015famaya ihtiya\u00e7 oldu\u011funun \u00f6nemli bir g\u00f6stergesidir.<\/p>\n<p><strong>S\u00fcrd\u00fcr\u00fclebilir bir \u00fcr\u00fcnde; ambalajdan i\u00e7eri\u011fe, enerji t\u00fcketiminden kullan\u0131m kolayl\u0131\u011f\u0131na kadar t\u00fcm s\u00fcre\u00e7lerin gezegenimize katk\u0131 sa\u011flamas\u0131na \u00f6nem veriyoruz.<\/strong><\/p>\n<p>S\u00fcrd\u00fcr\u00fclebilir \u00fcr\u00fcnlerin oda\u011f\u0131nda insan oldu\u011fu i\u00e7in sosyal, ekonomik, ekolojik ve k\u00fclt\u00fcrel etkileri de kapsamaktad\u0131r.<\/p>\n<p>Bu bilinci yay\u0131nla\u015ft\u0131rmak ad\u0131na d\u0131\u015f ticaret faaliyetlerimizde, do\u011fru stratejik bak\u0131\u015f a\u00e7\u0131s\u0131 ve uluslararas\u0131 pazarlaman\u0131n t\u00fcm dinamikleri ile s\u00f6z konusu ko\u015fullar\u0131 kapsayan \u00fcr\u00fcnlerle s\u00fcrd\u00fcr\u00fclebilirli\u011fi sa\u011flayan, \u00fcr\u00fcn\u00fcn ihtiya\u00e7lar\u0131na \u00f6zel yol haritas\u0131n\u0131 i\u00e7eren ve global pazarlarda verimlili\u011fin maksimum seviyeye \u00e7\u0131kar\u0131lmas\u0131n\u0131 hedefleyen etkili yakla\u015f\u0131mlar geli\u015ftiriyoruz.<\/p>","protected":false},"excerpt":{"rendered":"<p>As Onda Consultancy Foreign Trade unit, We aim to bring innovative, environmentally friendly, sustainable products to our valued customers. In this context, our basic principle is; To be a part of the projects that give importance to a sustainable life, to spread the products that are environmentally friendly, compatible with nature and human health, and [&hellip;]<\/p>","protected":false},"author":1,"featured_media":672,"parent":0,"menu_order":0,"comment_status":"closed","ping_status":"closed","template":"page.php","meta":{"footnotes":""},"class_list":["post-186","page","type-page","status-publish","has-post-thumbnail","hentry"],"_links":{"self":[{"href":"https:\/\/onda.com.tr\/tr\/wp-json\/wp\/v2\/pages\/186"}],"collection":[{"href":"https:\/\/onda.com.tr\/tr\/wp-json\/wp\/v2\/pages"}],"about":[{"href":"https:\/\/onda.com.tr\/tr\/wp-json\/wp\/v2\/types\/page"}],"author":[{"embeddable":true,"href":"https:\/\/onda.com.tr\/tr\/wp-json\/wp\/v2\/users\/1"}],"replies":[{"embeddable":true,"href":"https:\/\/onda.com.tr\/tr\/wp-json\/wp\/v2\/comments?post=186"}],"version-history":[{"count":30,"href":"https:\/\/onda.com.tr\/tr\/wp-json\/wp\/v2\/pages\/186\/revisions"}],"predecessor-version":[{"id":673,"href":"https:\/\/onda.com.tr\/tr\/wp-json\/wp\/v2\/pages\/186\/revisions\/673"}],"wp:featuredmedia":[{"embeddable":true,"href":"https:\/\/onda.com.tr\/tr\/wp-json\/wp\/v2\/media\/672"}],"wp:attachment":[{"href":"https:\/\/onda.com.tr\/tr\/wp-json\/wp\/v2\/media?parent=186"}],"curies":[{"name":"wp","href":"https:\/\/api.w.org\/{rel}","templated":true}]}}